{"id":1301,"date":"2020-05-12T19:13:01","date_gmt":"2020-05-12T23:13:01","guid":{"rendered":"https:\/\/staging.westnipissing.ca\/culture-loisirs\/piscine-et-sante-physique\/west-nipissing-community-and-recreation-centre\/"},"modified":"2025-08-29T15:03:24","modified_gmt":"2025-08-29T19:03:24","slug":"centre-communautaire-et-recreatif-de-nipissing-ouest","status":"publish","type":"page","link":"https:\/\/staging.westnipissing.ca\/fr\/culture-loisirs\/piscine-et-sante-physique\/centre-communautaire-et-recreatif-de-nipissing-ouest\/","title":{"rendered":"Centre communautaire et r\u00e9cr\u00e9atif de Nipissing Ouest"},"content":{"rendered":"\t\t<div data-elementor-type=\"wp-page\" data-elementor-id=\"1301\" class=\"elementor elementor-1301 elementor-1299\" data-elementor-post-type=\"page\">\n\t\t\t\t<div class=\"elementor-element elementor-element-d5c8238 e-flex e-con-boxed e-con e-parent\" data-id=\"d5c8238\" data-element_type=\"container\" data-e-type=\"container\">\n\t\t\t\t\t<div class=\"e-con-inner\">\n\t\t<div class=\"elementor-element elementor-element-6db038b e-con-full e-flex e-con e-child\" data-id=\"6db038b\" data-element_type=\"container\" data-e-type=\"container\">\n\t\t\t\t<div class=\"elementor-element elementor-element-270bb73 elementor-widget elementor-widget-heading\" data-id=\"270bb73\" data-element_type=\"widget\" data-e-type=\"widget\" data-widget_type=\"heading.default\">\n\t\t\t\t\t<h3 class=\"elementor-heading-title elementor-size-default\">Nous joindre<\/h3>\t\t\t\t<\/div>\n\t\t\t\t<div class=\"elementor-element elementor-element-2db23cc elementor-widget elementor-widget-text-editor\" data-id=\"2db23cc\" data-element_type=\"widget\" data-e-type=\"widget\" data-widget_type=\"text-editor.default\">\n\t\t\t\t\t\t\t\t\t<p>219, rue O\u2019Hara<br \/>Sturgeon Falls, ON P2B 1A2<br \/><a href=\"tel:7057530160\">705-753-0160<\/a><br \/><a href=\"mailto:reccenterstaff@westnipissing.ca\">recreation@westnipissing.ca<\/a><\/p>\t\t\t\t\t\t\t\t<\/div>\n\t\t\t\t<\/div>\n\t\t<div class=\"elementor-element elementor-element-628506d e-con-full e-flex e-con e-child\" data-id=\"628506d\" data-element_type=\"container\" data-e-type=\"container\">\n\t\t\t\t<div class=\"elementor-element elementor-element-75fbc47 elementor-widget elementor-widget-heading\" data-id=\"75fbc47\" data-element_type=\"widget\" data-e-type=\"widget\" data-widget_type=\"heading.default\">\n\t\t\t\t\t<h3 class=\"elementor-heading-title elementor-size-default\">Heures et horaires<\/h3>\t\t\t\t<\/div>\n\t\t\t\t<div class=\"elementor-element elementor-element-e37d21e elementor-widget elementor-widget-text-editor\" data-id=\"e37d21e\" data-element_type=\"widget\" data-e-type=\"widget\" data-widget_type=\"text-editor.default\">\n\t\t\t\t\t\t\t\t\t<p>lundi au jeudi: 6 h 30 \u00e0 21 h<br \/>vendredi: 6 h \u00e0 21 h<br \/>samedi: 8 h \u00e0 14 h<br \/>dimanche: 8 h \u00e0 14 h<\/p>\t\t\t\t\t\t\t\t<\/div>\n\t\t\t\t<div class=\"elementor-element elementor-element-ba56425 elementor-widget elementor-widget-button\" data-id=\"ba56425\" data-element_type=\"widget\" data-e-type=\"widget\" data-widget_type=\"button.default\">\n\t\t\t\t\t\t\t\t\t\t<a class=\"elementor-button elementor-button-link elementor-size-sm\" href=\"https:\/\/staging.westnipissing.ca\/fall-2025-schedule\/\">\n\t\t\t\t\t\t<span class=\"elementor-button-content-wrapper\">\n\t\t\t\t\t\t\t\t\t<span class=\"elementor-button-text\">Horaire d'automne<\/span>\n\t\t\t\t\t<\/span>\n\t\t\t\t\t<\/a>\n\t\t\t\t\t\t\t\t<\/div>\n\t\t\t\t<\/div>\n\t\t<div class=\"elementor-element elementor-element-835d81b e-con-full e-flex e-con e-child\" data-id=\"835d81b\" data-element_type=\"container\" data-e-type=\"container\">\n\t\t\t\t<div class=\"elementor-element elementor-element-88085f6 elementor-widget elementor-widget-heading\" data-id=\"88085f6\" data-element_type=\"widget\" data-e-type=\"widget\" data-widget_type=\"heading.default\">\n\t\t\t\t\t<h3 class=\"elementor-heading-title elementor-size-default\">Installations\n<\/h3>\t\t\t\t<\/div>\n\t\t\t\t<div class=\"elementor-element elementor-element-d8d689a elementor-widget elementor-widget-text-editor\" data-id=\"d8d689a\" data-element_type=\"widget\" data-e-type=\"widget\" data-widget_type=\"text-editor.default\">\n\t\t\t\t\t\t\t\t\t<div class=\"wp-block-columns is-layout-flex wp-container-core-columns-is-layout-1 wp-block-columns-is-layout-flex\">\n<div class=\"wp-block-column is-layout-flow wp-block-column-is-layout-flow\">\n<p>Piscine int\u00e9rieure de 25 m\u00e8tres avec 5 couloirs de nage<br \/>Piscine pataugeuse<br \/>Bain-tourbillon<br \/>Glissade d\u2019eau int\u00e9rieure<br \/>Sauna<br \/>Salles de rechange accessibles<br \/>Salle d\u2019entra\u00eenement<br \/>Salle de cardio<\/p>\n<\/div>\n<\/div>\t\t\t\t\t\t\t\t<\/div>\n\t\t\t\t<\/div>\n\t\t\t\t\t<\/div>\n\t\t\t\t<\/div>\n\t\t<div class=\"elementor-element elementor-element-2f01057 e-flex e-con-boxed e-con e-parent\" data-id=\"2f01057\" data-element_type=\"container\" data-e-type=\"container\">\n\t\t\t\t\t<div class=\"e-con-inner\">\n\t\t\t\t<div class=\"elementor-element elementor-element-772e265 elementor-widget elementor-widget-heading\" data-id=\"772e265\" data-element_type=\"widget\" data-e-type=\"widget\" data-widget_type=\"heading.default\">\n\t\t\t\t\t<h2 class=\"elementor-heading-title elementor-size-default\">Adh\u00e9sions<\/h2>\t\t\t\t<\/div>\n\t\t\t\t<div class=\"elementor-element elementor-element-d89fd10 elementor-widget elementor-widget-button\" data-id=\"d89fd10\" data-element_type=\"widget\" data-e-type=\"widget\" data-widget_type=\"button.default\">\n\t\t\t\t\t\t\t\t\t\t<a class=\"elementor-button elementor-button-link elementor-size-sm\" href=\"https:\/\/staging.westnipissing.ca\/wp-content\/uploads\/2022\/05\/EN-GYM-and-GYM-POOL-Membership-May-2022.pdf\">\n\t\t\t\t\t\t<span class=\"elementor-button-content-wrapper\">\n\t\t\t\t\t\t\t\t\t<span class=\"elementor-button-text\">Guide d\u2019adh\u00e9sion<\/span>\n\t\t\t\t\t<\/span>\n\t\t\t\t\t<\/a>\n\t\t\t\t\t\t\t\t<\/div>\n\t\t\t\t<div class=\"elementor-element elementor-element-2d20bd0 elementor-widget elementor-widget-text-editor\" data-id=\"2d20bd0\" data-element_type=\"widget\" data-e-type=\"widget\" data-widget_type=\"text-editor.default\">\n\t\t\t\t\t\t\t\t\t<h4 id=\"h-les-residents-ages-de-75-ans-et-plus-peuvent-obtenir-une-adhesion-gratuite\" class=\"wp-block-heading\">Les r\u00e9sidents \u00e2g\u00e9s de\u00a0<strong>75 ans et plus<\/strong>\u00a0peuvent obtenir une\u00a0<strong>adh\u00e9sion GRATUITE<\/strong>.<\/h4>\n<h4 id=\"h-par-seance-drop-in\" class=\"wp-block-heading\">Par s\u00e9ance (\u00ab\u00a0drop-in\u00a0\u00bb)<\/h4>\n<figure class=\"wp-block-table\">\n<table>\n<tbody>\n<tr>\n<td><strong>Adultes<\/strong><\/td>\n<td><strong>Ain\u00e9es<\/strong><\/td>\n<td><strong>\u00c9tudiants (13-17)<\/strong><\/td>\n<\/tr>\n<tr>\n<td>$ 3.98\u00a0<sub>(+TVH)<\/sub><\/td>\n<td>$ 3.10\u00a0<sub>(+TVH)<\/sub><\/td>\n<td>$ 3.10\u00a0<sub>(+TVH)<\/sub><\/td>\n<\/tr>\n<\/tbody>\n<\/table>\n<\/figure>\n<div class=\"wp-block-spacer\" aria-hidden=\"true\">\u00a0<\/div>\n<h4 id=\"h-piscine-et-centre-d-entrainement\" class=\"wp-block-heading\">Piscine et Centre d\u2019entra\u00eenement<\/h4>\n<figure class=\"wp-block-table\">\n<table>\n<tbody>\n<tr>\n<td>\u00a0<\/td>\n<td><strong>1-Mois<\/strong><\/td>\n<td><strong>3-Mois<\/strong><\/td>\n<td><strong>Annuelle<\/strong><\/td>\n<\/tr>\n<tr>\n<td><strong>Adultes<\/strong><\/td>\n<td>$79.65\u00a0<sub>(+ TVH)<\/sub><\/td>\n<td>$128.32\u00a0<sub>(+ TVH)<\/sub><\/td>\n<td>$365.49\u00a0<sub>(+ TVH)<\/sub><\/td>\n<\/tr>\n<tr>\n<td><strong>Ain\u00e9es<\/strong><\/td>\n<td>$54.87<sub>\u00a0(+ TVH)<\/sub><\/td>\n<td>$86.73\u00a0<sub>(+ TVH)<\/sub><\/td>\n<td>$266.37\u00a0<sub>(+ TVH)<\/sub><\/td>\n<\/tr>\n<tr>\n<td><strong>\u00c9tudiants<\/strong><\/td>\n<td>$54.87\u00a0<sub>(+ TVH)<\/sub><\/td>\n<td>$86.73\u00a0<sub>(+ TVH)<\/sub><\/td>\n<td>$266.37\u00a0<sub>(+ TVH)<\/sub><\/td>\n<\/tr>\n<tr>\n<td><strong>Famille<\/strong><\/td>\n<td>$99.12\u00a0<sub>(+ TVH)<\/sub><\/td>\n<td>$195.58\u00a0<sub>(+ TVH)<\/sub><\/td>\n<td>$660.18\u00a0<sub>(+ TVH)<\/sub><\/td>\n<\/tr>\n<\/tbody>\n<\/table>\n<\/figure>\n<div class=\"wp-block-spacer\" aria-hidden=\"true\">\u00a0<\/div>\n<h4 id=\"h-centre-d-entrainement\" class=\"wp-block-heading\">Centre d\u2019entra\u00eenement<\/h4>\n<figure class=\"wp-block-table\">\n<table>\n<tbody>\n<tr>\n<td>\u00a0<\/td>\n<td><strong>1-Mois<\/strong><\/td>\n<td><strong>3-Mois<\/strong><\/td>\n<td><strong>Annuelle<\/strong><\/td>\n<\/tr>\n<tr>\n<td><strong>Adultes<\/strong><\/td>\n<td>$46.90\u00a0<sub>(+ TVH)<\/sub><\/td>\n<td>$98.23<sub>\u00a0(+ TVH)<\/sub><\/td>\n<td>$253.98<sub>\u00a0(+ TVH)<\/sub><\/td>\n<\/tr>\n<tr>\n<td><strong>Ain\u00e9es<\/strong><\/td>\n<td>$37.17<sub>\u00a0(+ TVH)<\/sub><\/td>\n<td>$74.34<sub>\u00a0(+ TVH)<\/sub><\/td>\n<td>$182.30<sub>\u00a0(+ TVH)<\/sub><\/td>\n<\/tr>\n<tr>\n<td><strong>\u00c9tudiants<\/strong><\/td>\n<td>$37.17\u00a0<sub>(+ TVH)<\/sub><\/td>\n<td>$74.34<sub>\u00a0(+ TVH)<\/sub><\/td>\n<td>$182.30<sub>\u00a0(+ TVH)<\/sub><\/td>\n<\/tr>\n<tr>\n<td><strong>Famille<\/strong><\/td>\n<td>$59.29<sub>\u00a0(+ TVH)<\/sub><\/td>\n<td>$146.02<sub>\u00a0(+ TVH)<\/sub><\/td>\n<td>$453.98<sub>\u00a0(+ TVH)<\/sub><\/td>\n<\/tr>\n<\/tbody>\n<\/table>\n<\/figure>\n<div class=\"wp-block-spacer\" aria-hidden=\"true\">\u00a0<\/div>\n<h4 id=\"h-piscine\" class=\"wp-block-heading\">Piscine<\/h4>\n<figure class=\"wp-block-table\">\n<table>\n<tbody>\n<tr>\n<td>\u00a0<\/td>\n<td><strong>1-Mois<\/strong><\/td>\n<td><strong>3-Mois<\/strong><\/td>\n<td><strong>Annuelle<\/strong><\/td>\n<\/tr>\n<tr>\n<td><strong>Adultes<\/strong><\/td>\n<td>$35.40\u00a0<sub>(+ TVH)<\/sub><\/td>\n<td>$73.45<sub>\u00a0(+ TVH)<\/sub><\/td>\n<td>$212.39<sub>\u00a0(+ TVH)<\/sub><\/td>\n<\/tr>\n<tr>\n<td><strong>Ain\u00e9es<\/strong><\/td>\n<td>$24.78<sub>\u00a0(+ TVH)<\/sub><\/td>\n<td>$51.33<sub>\u00a0(+ TVH)<\/sub><\/td>\n<td>$153.10<sub>\u00a0(+ TVH)<\/sub><\/td>\n<\/tr>\n<tr>\n<td><strong>\u00c9tudiants<\/strong><\/td>\n<td>$24.78\u00a0<sub>(+ TVH)<\/sub><\/td>\n<td>$51.33<sub>\u00a0(+ TVH)<\/sub><\/td>\n<td>$153.10<sub>\u00a0(+ TVH)<\/sub><\/td>\n<\/tr>\n<tr>\n<td><strong>Famille<\/strong><\/td>\n<td>$52.21<sub>\u00a0(+ TVH)<\/sub><\/td>\n<td>$113.27<sub>\u00a0(+ TVH)<\/sub><\/td>\n<td>$384.96<sub>\u00a0(+ TVH)<\/sub><\/td>\n<\/tr>\n<\/tbody>\n<\/table>\n<\/figure>\t\t\t\t\t\t\t\t<\/div>\n\t\t\t\t<div class=\"elementor-element elementor-element-92e2b6c elementor-widget elementor-widget-text-editor\" data-id=\"92e2b6c\" data-element_type=\"widget\" data-e-type=\"widget\" data-widget_type=\"text-editor.default\">\n\t\t\t\t\t\t\t\t\t<div id=\"wrapper\"><main id=\"main\" class=\"main\">\n<div id=\"content\">\n<div class=\"container\">\n<h2 id=\"h-liens-utiles\" class=\"wp-block-heading\">Liens utiles<\/h2>\n<p><a href=\"https:\/\/staging.westnipissing.ca\/fr\/culture-loisirs\/piscine-et-sante-physique\/centre-d-entrainement-de-sturgeon-falls\/\">Centre d\u2019entra\u00eenement de Sturgeon Falls<\/a><br \/><a href=\"https:\/\/staging.westnipissing.ca\/fr\/culture-loisirs\/piscine-et-sante-physique\/centre-d-entrainement-de-verner\/\">Centre d\u2019entra\u00eenement de Verner<\/a><br \/><a href=\"https:\/\/staging.westnipissing.ca\/fr\/culture-loisirs\/piscine-et-sante-physique\/programmes-de-la-piscine\/\">Programmes de piscine<\/a><br \/><a href=\"https:\/\/staging.westnipissing.ca\/fr\/culture-loisirs\/salles-et-installations\/salles\/\">Salles<\/a><br \/><a href=\"https:\/\/staging.westnipissing.ca\/fr\/culture-loisirs\/arts-et-culture\/temples-de-la-renommee-des-sports-de-nipissing-ouest\/\">Temple de la renomm\u00e9e des sports de Nipissing Ouest<\/a><\/p>\n<\/div>\n<\/div>\n<\/main><\/div>\t\t\t\t\t\t\t\t<\/div>\n\t\t\t\t\t<\/div>\n\t\t\t\t<\/div>\n\t\t\t\t<\/div>\n\t\t","protected":false},"excerpt":{"rendered":"<p>Nous joindre 219, rue O\u2019HaraSturgeon Falls, ON P2B 1A2705-753-0160recreation@westnipissing.ca Heures et horaires lundi au jeudi: 6 h 30 \u00e0 21 hvendredi: 6 h \u00e0 21 hsamedi: 8 h \u00e0 14 [&hellip;]<\/p>\n","protected":false},"author":4,"featured_media":7311,"parent":769,"menu_order":0,"comment_status":"closed","ping_status":"closed","template":"elementor_theme","meta":{"_acf_changed":false,"_searchwp_excluded":"","footnotes":""},"class_list":["post-1301","page","type-page","status-publish","has-post-thumbnail","hentry"],"acf":[],"yoast_head":"<!-- This site is optimized with the Yoast SEO Premium plugin v26.5 (Yoast SEO v27.4) - https:\/\/yoast.com\/product\/yoast-seo-premium-wordpress\/ -->\n<title>Centre communautaire et r\u00e9cr\u00e9atif de Nipissing Ouest - STAGING: West Nipissing Ouest<\/title>\n<meta name=\"robots\" content=\"noindex, follow, max-snippet:-1, max-image-preview:large, max-video-preview:-1\" \/>\n<meta property=\"og:locale\" content=\"fr_FR\" \/>\n<meta property=\"og:type\" content=\"article\" \/>\n<meta property=\"og:title\" content=\"Nous vous accueillerons bient\u00f4t.\" \/>\n<meta property=\"og:description\" content=\"La salle de mise en forme ouvrira le mardi 6 avril, suivie de la piscine le lundi 12 avril.\" \/>\n<meta property=\"og:url\" content=\"https:\/\/staging.westnipissing.ca\/fr\/culture-loisirs\/piscine-et-sante-physique\/centre-communautaire-et-recreatif-de-nipissing-ouest\/\" \/>\n<meta property=\"og:site_name\" content=\"STAGING: West Nipissing Ouest\" \/>\n<meta property=\"article:publisher\" content=\"https:\/\/www.facebook.com\/MunicipalityofWestNipissing\/\" \/>\n<meta property=\"article:modified_time\" content=\"2025-08-29T19:03:24+00:00\" \/>\n<meta property=\"og:image\" content=\"https:\/\/staging.westnipissing.ca\/wp-content\/uploads\/2020\/11\/DSC_0224-complex-exterior-Copy-scaled.jpg\" \/>\n\t<meta property=\"og:image:width\" content=\"2560\" \/>\n\t<meta property=\"og:image:height\" content=\"1700\" \/>\n\t<meta property=\"og:image:type\" content=\"image\/jpeg\" \/>\n<meta name=\"twitter:card\" content=\"summary_large_image\" \/>\n<meta name=\"twitter:title\" content=\"Centre communautaire et r\u00e9cr\u00e9atif de Nipissing Ouest\" \/>\n<meta name=\"twitter:site\" content=\"@West_Nipissing\" \/>\n<meta name=\"twitter:label1\" content=\"Dur\u00e9e de lecture estim\u00e9e\" \/>\n\t<meta name=\"twitter:data1\" content=\"2 minutes\" \/>\n<script type=\"application\/ld+json\" class=\"yoast-schema-graph\">{\"@context\":\"https:\\\/\\\/schema.org\",\"@graph\":[{\"@type\":\"WebPage\",\"@id\":\"https:\\\/\\\/staging.westnipissing.ca\\\/fr\\\/culture-loisirs\\\/piscine-et-sante-physique\\\/centre-communautaire-et-recreatif-de-nipissing-ouest\\\/\",\"url\":\"https:\\\/\\\/staging.westnipissing.ca\\\/fr\\\/culture-loisirs\\\/piscine-et-sante-physique\\\/centre-communautaire-et-recreatif-de-nipissing-ouest\\\/\",\"name\":\"Centre communautaire et r\u00e9cr\u00e9atif de Nipissing Ouest - STAGING: West Nipissing Ouest\",\"isPartOf\":{\"@id\":\"https:\\\/\\\/staging.westnipissing.ca\\\/fr\\\/#website\"},\"primaryImageOfPage\":{\"@id\":\"https:\\\/\\\/staging.westnipissing.ca\\\/fr\\\/culture-loisirs\\\/piscine-et-sante-physique\\\/centre-communautaire-et-recreatif-de-nipissing-ouest\\\/#primaryimage\"},\"image\":{\"@id\":\"https:\\\/\\\/staging.westnipissing.ca\\\/fr\\\/culture-loisirs\\\/piscine-et-sante-physique\\\/centre-communautaire-et-recreatif-de-nipissing-ouest\\\/#primaryimage\"},\"thumbnailUrl\":\"https:\\\/\\\/staging.westnipissing.ca\\\/wp-content\\\/uploads\\\/2020\\\/11\\\/DSC_0224-complex-exterior-Copy-scaled.jpg\",\"datePublished\":\"2020-05-12T23:13:01+00:00\",\"dateModified\":\"2025-08-29T19:03:24+00:00\",\"breadcrumb\":{\"@id\":\"https:\\\/\\\/staging.westnipissing.ca\\\/fr\\\/culture-loisirs\\\/piscine-et-sante-physique\\\/centre-communautaire-et-recreatif-de-nipissing-ouest\\\/#breadcrumb\"},\"inLanguage\":\"fr-FR\",\"potentialAction\":[{\"@type\":\"ReadAction\",\"target\":[\"https:\\\/\\\/staging.westnipissing.ca\\\/fr\\\/culture-loisirs\\\/piscine-et-sante-physique\\\/centre-communautaire-et-recreatif-de-nipissing-ouest\\\/\"]}]},{\"@type\":\"ImageObject\",\"inLanguage\":\"fr-FR\",\"@id\":\"https:\\\/\\\/staging.westnipissing.ca\\\/fr\\\/culture-loisirs\\\/piscine-et-sante-physique\\\/centre-communautaire-et-recreatif-de-nipissing-ouest\\\/#primaryimage\",\"url\":\"https:\\\/\\\/staging.westnipissing.ca\\\/wp-content\\\/uploads\\\/2020\\\/11\\\/DSC_0224-complex-exterior-Copy-scaled.jpg\",\"contentUrl\":\"https:\\\/\\\/staging.westnipissing.ca\\\/wp-content\\\/uploads\\\/2020\\\/11\\\/DSC_0224-complex-exterior-Copy-scaled.jpg\",\"width\":2560,\"height\":1700,\"caption\":\"Entrance to Community and Recreation Centre\"},{\"@type\":\"BreadcrumbList\",\"@id\":\"https:\\\/\\\/staging.westnipissing.ca\\\/fr\\\/culture-loisirs\\\/piscine-et-sante-physique\\\/centre-communautaire-et-recreatif-de-nipissing-ouest\\\/#breadcrumb\",\"itemListElement\":[{\"@type\":\"ListItem\",\"position\":1,\"name\":\"Home\",\"item\":\"https:\\\/\\\/staging.westnipissing.ca\\\/fr\\\/\"},{\"@type\":\"ListItem\",\"position\":2,\"name\":\"Culture et loisirs\",\"item\":\"https:\\\/\\\/staging.westnipissing.ca\\\/fr\\\/culture-loisirs\\\/\"},{\"@type\":\"ListItem\",\"position\":3,\"name\":\"Piscine et sant\u00e9 physique\",\"item\":\"https:\\\/\\\/staging.westnipissing.ca\\\/fr\\\/culture-loisirs\\\/piscine-et-sante-physique\\\/\"},{\"@type\":\"ListItem\",\"position\":4,\"name\":\"Centre communautaire et r\u00e9cr\u00e9atif de Nipissing Ouest\"}]},{\"@type\":\"WebSite\",\"@id\":\"https:\\\/\\\/staging.westnipissing.ca\\\/fr\\\/#website\",\"url\":\"https:\\\/\\\/staging.westnipissing.ca\\\/fr\\\/\",\"name\":\"West Nipissing Ouest\",\"description\":\"Find your Joie de vivre in West Nipissing.\",\"publisher\":{\"@id\":\"https:\\\/\\\/staging.westnipissing.ca\\\/fr\\\/#organization\"},\"potentialAction\":[{\"@type\":\"SearchAction\",\"target\":{\"@type\":\"EntryPoint\",\"urlTemplate\":\"https:\\\/\\\/staging.westnipissing.ca\\\/fr\\\/?s={search_term_string}\"},\"query-input\":{\"@type\":\"PropertyValueSpecification\",\"valueRequired\":true,\"valueName\":\"search_term_string\"}}],\"inLanguage\":\"fr-FR\"},{\"@type\":\"Organization\",\"@id\":\"https:\\\/\\\/staging.westnipissing.ca\\\/fr\\\/#organization\",\"name\":\"West Nipissing Ouest\",\"url\":\"https:\\\/\\\/staging.westnipissing.ca\\\/fr\\\/\",\"logo\":{\"@type\":\"ImageObject\",\"inLanguage\":\"fr-FR\",\"@id\":\"https:\\\/\\\/staging.westnipissing.ca\\\/fr\\\/#\\\/schema\\\/logo\\\/image\\\/\",\"url\":\"https:\\\/\\\/staging.westnipissing.ca\\\/wp-content\\\/uploads\\\/2024\\\/04\\\/site-logo.png\",\"contentUrl\":\"https:\\\/\\\/staging.westnipissing.ca\\\/wp-content\\\/uploads\\\/2024\\\/04\\\/site-logo.png\",\"width\":700,\"height\":225,\"caption\":\"West Nipissing Ouest\"},\"image\":{\"@id\":\"https:\\\/\\\/staging.westnipissing.ca\\\/fr\\\/#\\\/schema\\\/logo\\\/image\\\/\"},\"sameAs\":[\"https:\\\/\\\/www.facebook.com\\\/MunicipalityofWestNipissing\\\/\",\"https:\\\/\\\/x.com\\\/West_Nipissing\",\"https:\\\/\\\/www.youtube.com\\\/channel\\\/UCG6HWMXnA-RBiH-UdZVClHg\"]}]}<\/script>\n<!-- \/ Yoast SEO Premium plugin. -->","yoast_head_json":{"title":"Centre communautaire et r\u00e9cr\u00e9atif de Nipissing Ouest - STAGING: West Nipissing Ouest","robots":{"index":"noindex","follow":"follow","max-snippet":"max-snippet:-1","max-image-preview":"max-image-preview:large","max-video-preview":"max-video-preview:-1"},"og_locale":"fr_FR","og_type":"article","og_title":"Nous vous accueillerons bient\u00f4t.","og_description":"La salle de mise en forme ouvrira le mardi 6 avril, suivie de la piscine le lundi 12 avril.","og_url":"https:\/\/staging.westnipissing.ca\/fr\/culture-loisirs\/piscine-et-sante-physique\/centre-communautaire-et-recreatif-de-nipissing-ouest\/","og_site_name":"STAGING: West Nipissing Ouest","article_publisher":"https:\/\/www.facebook.com\/MunicipalityofWestNipissing\/","article_modified_time":"2025-08-29T19:03:24+00:00","og_image":[{"width":2560,"height":1700,"url":"https:\/\/staging.westnipissing.ca\/wp-content\/uploads\/2020\/11\/DSC_0224-complex-exterior-Copy-scaled.jpg","type":"image\/jpeg"}],"twitter_card":"summary_large_image","twitter_title":"Centre communautaire et r\u00e9cr\u00e9atif de Nipissing Ouest","twitter_site":"@West_Nipissing","twitter_misc":{"Dur\u00e9e de lecture estim\u00e9e":"2 minutes"},"schema":{"@context":"https:\/\/schema.org","@graph":[{"@type":"WebPage","@id":"https:\/\/staging.westnipissing.ca\/fr\/culture-loisirs\/piscine-et-sante-physique\/centre-communautaire-et-recreatif-de-nipissing-ouest\/","url":"https:\/\/staging.westnipissing.ca\/fr\/culture-loisirs\/piscine-et-sante-physique\/centre-communautaire-et-recreatif-de-nipissing-ouest\/","name":"Centre communautaire et r\u00e9cr\u00e9atif de Nipissing Ouest - STAGING: West Nipissing Ouest","isPartOf":{"@id":"https:\/\/staging.westnipissing.ca\/fr\/#website"},"primaryImageOfPage":{"@id":"https:\/\/staging.westnipissing.ca\/fr\/culture-loisirs\/piscine-et-sante-physique\/centre-communautaire-et-recreatif-de-nipissing-ouest\/#primaryimage"},"image":{"@id":"https:\/\/staging.westnipissing.ca\/fr\/culture-loisirs\/piscine-et-sante-physique\/centre-communautaire-et-recreatif-de-nipissing-ouest\/#primaryimage"},"thumbnailUrl":"https:\/\/staging.westnipissing.ca\/wp-content\/uploads\/2020\/11\/DSC_0224-complex-exterior-Copy-scaled.jpg","datePublished":"2020-05-12T23:13:01+00:00","dateModified":"2025-08-29T19:03:24+00:00","breadcrumb":{"@id":"https:\/\/staging.westnipissing.ca\/fr\/culture-loisirs\/piscine-et-sante-physique\/centre-communautaire-et-recreatif-de-nipissing-ouest\/#breadcrumb"},"inLanguage":"fr-FR","potentialAction":[{"@type":"ReadAction","target":["https:\/\/staging.westnipissing.ca\/fr\/culture-loisirs\/piscine-et-sante-physique\/centre-communautaire-et-recreatif-de-nipissing-ouest\/"]}]},{"@type":"ImageObject","inLanguage":"fr-FR","@id":"https:\/\/staging.westnipissing.ca\/fr\/culture-loisirs\/piscine-et-sante-physique\/centre-communautaire-et-recreatif-de-nipissing-ouest\/#primaryimage","url":"https:\/\/staging.westnipissing.ca\/wp-content\/uploads\/2020\/11\/DSC_0224-complex-exterior-Copy-scaled.jpg","contentUrl":"https:\/\/staging.westnipissing.ca\/wp-content\/uploads\/2020\/11\/DSC_0224-complex-exterior-Copy-scaled.jpg","width":2560,"height":1700,"caption":"Entrance to Community and Recreation Centre"},{"@type":"BreadcrumbList","@id":"https:\/\/staging.westnipissing.ca\/fr\/culture-loisirs\/piscine-et-sante-physique\/centre-communautaire-et-recreatif-de-nipissing-ouest\/#breadcrumb","itemListElement":[{"@type":"ListItem","position":1,"name":"Home","item":"https:\/\/staging.westnipissing.ca\/fr\/"},{"@type":"ListItem","position":2,"name":"Culture et loisirs","item":"https:\/\/staging.westnipissing.ca\/fr\/culture-loisirs\/"},{"@type":"ListItem","position":3,"name":"Piscine et sant\u00e9 physique","item":"https:\/\/staging.westnipissing.ca\/fr\/culture-loisirs\/piscine-et-sante-physique\/"},{"@type":"ListItem","position":4,"name":"Centre communautaire et r\u00e9cr\u00e9atif de Nipissing Ouest"}]},{"@type":"WebSite","@id":"https:\/\/staging.westnipissing.ca\/fr\/#website","url":"https:\/\/staging.westnipissing.ca\/fr\/","name":"West Nipissing Ouest","description":"Find your Joie de vivre in West Nipissing.","publisher":{"@id":"https:\/\/staging.westnipissing.ca\/fr\/#organization"},"potentialAction":[{"@type":"SearchAction","target":{"@type":"EntryPoint","urlTemplate":"https:\/\/staging.westnipissing.ca\/fr\/?s={search_term_string}"},"query-input":{"@type":"PropertyValueSpecification","valueRequired":true,"valueName":"search_term_string"}}],"inLanguage":"fr-FR"},{"@type":"Organization","@id":"https:\/\/staging.westnipissing.ca\/fr\/#organization","name":"West Nipissing Ouest","url":"https:\/\/staging.westnipissing.ca\/fr\/","logo":{"@type":"ImageObject","inLanguage":"fr-FR","@id":"https:\/\/staging.westnipissing.ca\/fr\/#\/schema\/logo\/image\/","url":"https:\/\/staging.westnipissing.ca\/wp-content\/uploads\/2024\/04\/site-logo.png","contentUrl":"https:\/\/staging.westnipissing.ca\/wp-content\/uploads\/2024\/04\/site-logo.png","width":700,"height":225,"caption":"West Nipissing Ouest"},"image":{"@id":"https:\/\/staging.westnipissing.ca\/fr\/#\/schema\/logo\/image\/"},"sameAs":["https:\/\/www.facebook.com\/MunicipalityofWestNipissing\/","https:\/\/x.com\/West_Nipissing","https:\/\/www.youtube.com\/channel\/UCG6HWMXnA-RBiH-UdZVClHg"]}]}},"_links":{"self":[{"href":"https:\/\/staging.westnipissing.ca\/fr\/wp-json\/wp\/v2\/pages\/1301","targetHints":{"allow":["GET"]}}],"collection":[{"href":"https:\/\/staging.westnipissing.ca\/fr\/wp-json\/wp\/v2\/pages"}],"about":[{"href":"https:\/\/staging.westnipissing.ca\/fr\/wp-json\/wp\/v2\/types\/page"}],"author":[{"embeddable":true,"href":"https:\/\/staging.westnipissing.ca\/fr\/wp-json\/wp\/v2\/users\/4"}],"replies":[{"embeddable":true,"href":"https:\/\/staging.westnipissing.ca\/fr\/wp-json\/wp\/v2\/comments?post=1301"}],"version-history":[{"count":0,"href":"https:\/\/staging.westnipissing.ca\/fr\/wp-json\/wp\/v2\/pages\/1301\/revisions"}],"up":[{"embeddable":true,"href":"https:\/\/staging.westnipissing.ca\/fr\/wp-json\/wp\/v2\/pages\/769"}],"wp:featuredmedia":[{"embeddable":true,"href":"https:\/\/staging.westnipissing.ca\/fr\/wp-json\/wp\/v2\/media\/7311"}],"wp:attachment":[{"href":"https:\/\/staging.westnipissing.ca\/fr\/wp-json\/wp\/v2\/media?parent=1301"}],"curies":[{"name":"wp","href":"https:\/\/api.w.org\/{rel}","templated":true}]}}