{"id":41897,"date":"2023-09-26T12:50:38","date_gmt":"2023-09-26T16:50:38","guid":{"rendered":"https:\/\/staging.westnipissing.ca\/?page_id=41897"},"modified":"2025-04-23T16:19:40","modified_gmt":"2025-04-23T20:19:40","slug":"patinoires-exterieures","status":"publish","type":"page","link":"https:\/\/staging.westnipissing.ca\/fr\/culture-loisirs\/arenas-et-patinoires\/patinoires-exterieures\/","title":{"rendered":"Patinoires ext\u00e9rieures"},"content":{"rendered":"\t\t<div data-elementor-type=\"wp-page\" data-elementor-id=\"41897\" class=\"elementor elementor-41897 elementor-41907\" data-elementor-post-type=\"page\">\n\t\t\t\t<div class=\"elementor-element elementor-element-a0366d0 e-flex e-con-boxed e-con e-parent\" data-id=\"a0366d0\" data-element_type=\"container\" data-e-type=\"container\">\n\t\t\t\t\t<div class=\"e-con-inner\">\n\t\t\t\t<div class=\"elementor-element elementor-element-d70f9d5 elementor-widget elementor-widget-heading\" data-id=\"d70f9d5\" data-element_type=\"widget\" data-e-type=\"widget\" data-widget_type=\"heading.default\">\n\t\t\t\t\t<h2 class=\"elementor-heading-title elementor-size-default\">Emplacements et mises \u00e0 jour<\/h2>\t\t\t\t<\/div>\n\t\t\t\t<div class=\"elementor-element elementor-element-c029dd6 elementor-widget elementor-widget-heading\" data-id=\"c029dd6\" data-element_type=\"widget\" data-e-type=\"widget\" data-widget_type=\"heading.default\">\n\t\t\t\t\t<h5 class=\"elementor-heading-title elementor-size-default\">FERM\u00c9ES POUR LA SAISON<\/h5>\t\t\t\t<\/div>\n\t\t\t\t<div class=\"elementor-element elementor-element-a4ed036 elementor-widget elementor-widget-text-editor\" data-id=\"a4ed036\" data-element_type=\"widget\" data-e-type=\"widget\" data-widget_type=\"text-editor.default\">\n\t\t\t\t\t\t\t\t\t<p><strong>Field \u2013 Patinoire couverte<\/strong><br \/>Chemin Jarbeau<\/p>\n<p>Heures d\u2019ouverture de l\u2019\u00e9difice chauff\u00e9:<br \/>\u00b7 17 h \u00e0 22 h, lundi au vendredi<br \/>\u00b7 10 h \u00e0 22 h, samedi et dimanche<\/p>\n<p><strong>Sturgeon Falls<\/strong><br \/>Parc Goulard, rue John<\/p>\n<p><strong>Lavigne<\/strong><br \/>Chemin Caron<\/p>\n<p><strong>Verner<\/strong><br \/>Rue Principale<\/p>\n<p><strong>River Valley<\/strong><br \/>Chemin St. Joseph<\/p>\n<p><strong>Cache Bay<\/strong><br \/>Rue Railway<\/p>\t\t\t\t\t\t\t\t<\/div>\n\t\t\t\t<div class=\"elementor-element elementor-element-1d9442f elementor-widget elementor-widget-text-editor\" data-id=\"1d9442f\" data-element_type=\"widget\" data-e-type=\"widget\" data-widget_type=\"text-editor.default\">\n\t\t\t\t\t\t\t\t\t<p>Veuillez s.v.p. ne pas utiliser les patinoires ext\u00e9rieures lorsque celles-ci sont ferm\u00e9es en raison du temps doux, \u00e0 moins d\u2019avis contraire. Leur utilisation pendant de telles p\u00e9riodes pourrait affecter leur int\u00e9grit\u00e9, les rendant inutilisables pour le reste de la saison. Merci de votre collaboration.<\/p>\t\t\t\t\t\t\t\t<\/div>\n\t\t\t\t\t<\/div>\n\t\t\t\t<\/div>\n\t\t<div class=\"elementor-element elementor-element-fcfdc62 e-flex e-con-boxed e-con e-parent\" data-id=\"fcfdc62\" data-element_type=\"container\" data-e-type=\"container\">\n\t\t\t\t\t<div class=\"e-con-inner\">\n\t\t\t\t<div class=\"elementor-element elementor-element-9651075 elementor-widget elementor-widget-shortcode\" data-id=\"9651075\" data-element_type=\"widget\" data-e-type=\"widget\" data-widget_type=\"shortcode.default\">\n\t\t\t\t\t\t\t<div class=\"elementor-shortcode\"><iframe src=\"https:\/\/www.google.com\/maps\/d\/embed?mid=1psBM_LTy8aj52v3hmG_0cVlE3XHCcLdR&amp;ehbc=2E312F\" width=\"800\" height=\"600\"><\/iframe><\/div>\n\t\t\t\t\t\t<\/div>\n\t\t\t\t\t<\/div>\n\t\t\t\t<\/div>\n\t\t<div class=\"elementor-element elementor-element-3b36461 e-flex e-con-boxed e-con e-parent\" data-id=\"3b36461\" data-element_type=\"container\" data-e-type=\"container\">\n\t\t\t\t\t<div class=\"e-con-inner\">\n\t\t<div class=\"elementor-element elementor-element-25519b7 e-con-full e-flex e-con e-child\" data-id=\"25519b7\" data-element_type=\"container\" data-e-type=\"container\">\n\t\t\t\t<div class=\"elementor-element elementor-element-4c317ca elementor-widget elementor-widget-text-editor\" data-id=\"4c317ca\" data-element_type=\"widget\" data-e-type=\"widget\" data-widget_type=\"text-editor.default\">\n\t\t\t\t\t\t\t\t\t<h4 class=\"wp-block-heading\">Heures d\u2019ouverture<\/h4>\n<p>Les heures d\u2019ouverture d\u00e9pendent des conditions m\u00e9t\u00e9orologiques<\/p>\n<p>Horaires en semaine\u00a0: de 15\u00a0h \u00e0 22\u00a0h.<br \/>Horaires le week-end\u00a0: de 10\u00a0h \u00e0 22\u00a0h.<\/p>\n<p>Ces horaires s\u2019appliquent \u00e9galement aux vestiaires et aux b\u00e2timents adjacents.<\/p>\t\t\t\t\t\t\t\t<\/div>\n\t\t\t\t<\/div>\n\t\t<div class=\"elementor-element elementor-element-b11a5db e-con-full e-flex e-con e-child\" data-id=\"b11a5db\" data-element_type=\"container\" data-e-type=\"container\">\n\t\t\t\t<div class=\"elementor-element elementor-element-5aa6df4 elementor-widget elementor-widget-text-editor\" data-id=\"5aa6df4\" data-element_type=\"widget\" data-e-type=\"widget\" data-widget_type=\"text-editor.default\">\n\t\t\t\t\t\t\t\t\t<h4 id=\"h-reglements\" class=\"wp-block-heading\">R\u00e8glements<\/h4>\n<p>Les r\u00e8glements du patin public s\u2019appliquent, y compris :<\/p>\n<ul class=\"wp-block-list\">\n<li>Aucune nourriture ou boisson n\u2019est autoris\u00e9e sur la glace.<\/li>\n<li>Le fl\u00e2nage, les jeux de \u201ctag\u201d ou autres jeux de poursuite sont interdits lors du patinage.<\/li>\n<li>Le port d\u2019un casque approuv\u00e9 par la CSA est fortement recommand\u00e9 sur la glace.<\/li>\n<li>Les enfants doivent \u00eatre supervis\u00e9s par un adulte.<\/li>\n<li>La patinoire est un espace public partag\u00e9, soyez respectueux et attentif aux autres.<\/li>\n<\/ul>\t\t\t\t\t\t\t\t<\/div>\n\t\t\t\t<\/div>\n\t\t<div class=\"elementor-element elementor-element-7272ef3 e-con-full e-flex e-con e-child\" data-id=\"7272ef3\" data-element_type=\"container\" data-e-type=\"container\">\n\t\t\t\t<div class=\"elementor-element elementor-element-ecdde38 elementor-widget elementor-widget-text-editor\" data-id=\"ecdde38\" data-element_type=\"widget\" data-e-type=\"widget\" data-widget_type=\"text-editor.default\">\n\t\t\t\t\t\t\t\t\t<h4 id=\"h-signaler-un-probleme\" class=\"wp-block-heading\">Signaler un probl\u00e8me<\/h4>\n<p>Pour signaler un probl\u00e8me de s\u00e9curit\u00e9 ou pour soumettre une demande de service, veuillez nous joindre au\u00a0<a href=\"tel:7057532250\">705-753-2250<\/a>\u00a0ou\u00a0<a href=\"mailto:support@westnipissing.ca\">support@westnipissing.ca<\/a>.<\/p>\t\t\t\t\t\t\t\t<\/div>\n\t\t\t\t<\/div>\n\t\t\t\t\t<\/div>\n\t\t\t\t<\/div>\n\t\t\t\t<\/div>\n\t\t","protected":false},"excerpt":{"rendered":"<p>Emplacements et mises \u00e0 jour FERM\u00c9ES POUR LA SAISON Field \u2013 Patinoire couverteChemin Jarbeau Heures d\u2019ouverture de l\u2019\u00e9difice chauff\u00e9:\u00b7 17 h \u00e0 22 h, lundi au vendredi\u00b7 10 h \u00e0 [&hellip;]<\/p>\n","protected":false},"author":4,"featured_media":53733,"parent":47609,"menu_order":1,"comment_status":"closed","ping_status":"closed","template":"elementor_theme","meta":{"_acf_changed":false,"_searchwp_excluded":"","footnotes":""},"class_list":["post-41897","page","type-page","status-publish","has-post-thumbnail","hentry"],"acf":[],"yoast_head":"<!-- This site is optimized with the Yoast SEO Premium plugin v26.5 (Yoast SEO v27.4) - https:\/\/yoast.com\/product\/yoast-seo-premium-wordpress\/ -->\n<title>Patinoires ext\u00e9rieures - STAGING: West Nipissing Ouest<\/title>\n<meta name=\"description\" content=\"Ferm\u00e9es en raison de temp\u00e9ratures \u00e9lev\u00e9es. Les r\u00e9sidents sont pri\u00e9s de ne pas utiliser les patinoires ext\u00e9rieures lorsque celles-ci sont ferm\u00e9es en raison du temps doux. Merci de votre collaboration.\" \/>\n<meta name=\"robots\" content=\"noindex, follow, max-snippet:-1, max-image-preview:large, max-video-preview:-1\" \/>\n<meta property=\"og:locale\" content=\"fr_FR\" \/>\n<meta property=\"og:type\" content=\"article\" \/>\n<meta property=\"og:title\" content=\"Patinoires ext\u00e9rieures\" \/>\n<meta property=\"og:description\" content=\"Ferm\u00e9es en raison de temp\u00e9ratures \u00e9lev\u00e9es. Les r\u00e9sidents sont pri\u00e9s de ne pas utiliser les patinoires ext\u00e9rieures lorsque celles-ci sont ferm\u00e9es en raison du temps doux. Merci de votre collaboration.\" \/>\n<meta property=\"og:url\" content=\"https:\/\/staging.westnipissing.ca\/fr\/culture-loisirs\/arenas-et-patinoires\/patinoires-exterieures\/\" \/>\n<meta property=\"og:site_name\" content=\"STAGING: West Nipissing Ouest\" \/>\n<meta property=\"article:publisher\" content=\"https:\/\/www.facebook.com\/MunicipalityofWestNipissing\/\" \/>\n<meta property=\"article:modified_time\" content=\"2025-04-23T20:19:40+00:00\" \/>\n<meta property=\"og:image\" content=\"https:\/\/staging.westnipissing.ca\/wp-content\/uploads\/2025\/09\/AdobeStock_Outdoor-rink-skating-e1758735430557.jpg\" \/>\n\t<meta property=\"og:image:width\" content=\"1800\" \/>\n\t<meta property=\"og:image:height\" content=\"1200\" \/>\n\t<meta property=\"og:image:type\" content=\"image\/jpeg\" \/>\n<meta name=\"twitter:card\" content=\"summary_large_image\" \/>\n<meta name=\"twitter:site\" content=\"@West_Nipissing\" \/>\n<meta name=\"twitter:label1\" content=\"Dur\u00e9e de lecture estim\u00e9e\" \/>\n\t<meta name=\"twitter:data1\" content=\"2 minutes\" \/>\n<script type=\"application\/ld+json\" class=\"yoast-schema-graph\">{\"@context\":\"https:\\\/\\\/schema.org\",\"@graph\":[{\"@type\":\"WebPage\",\"@id\":\"https:\\\/\\\/staging.westnipissing.ca\\\/fr\\\/culture-loisirs\\\/arenas-et-patinoires\\\/patinoires-exterieures\\\/\",\"url\":\"https:\\\/\\\/staging.westnipissing.ca\\\/fr\\\/culture-loisirs\\\/arenas-et-patinoires\\\/patinoires-exterieures\\\/\",\"name\":\"Patinoires ext\u00e9rieures - STAGING: West Nipissing Ouest\",\"isPartOf\":{\"@id\":\"https:\\\/\\\/staging.westnipissing.ca\\\/fr\\\/#website\"},\"primaryImageOfPage\":{\"@id\":\"https:\\\/\\\/staging.westnipissing.ca\\\/fr\\\/culture-loisirs\\\/arenas-et-patinoires\\\/patinoires-exterieures\\\/#primaryimage\"},\"image\":{\"@id\":\"https:\\\/\\\/staging.westnipissing.ca\\\/fr\\\/culture-loisirs\\\/arenas-et-patinoires\\\/patinoires-exterieures\\\/#primaryimage\"},\"thumbnailUrl\":\"https:\\\/\\\/staging.westnipissing.ca\\\/wp-content\\\/uploads\\\/2025\\\/09\\\/AdobeStock_Outdoor-rink-skating-e1758735430557.jpg\",\"datePublished\":\"2023-09-26T16:50:38+00:00\",\"dateModified\":\"2025-04-23T20:19:40+00:00\",\"description\":\"Ferm\u00e9es en raison de temp\u00e9ratures \u00e9lev\u00e9es. Les r\u00e9sidents sont pri\u00e9s de ne pas utiliser les patinoires ext\u00e9rieures lorsque celles-ci sont ferm\u00e9es en raison du temps doux. Merci de votre collaboration.\",\"breadcrumb\":{\"@id\":\"https:\\\/\\\/staging.westnipissing.ca\\\/fr\\\/culture-loisirs\\\/arenas-et-patinoires\\\/patinoires-exterieures\\\/#breadcrumb\"},\"inLanguage\":\"fr-FR\",\"potentialAction\":[{\"@type\":\"ReadAction\",\"target\":[\"https:\\\/\\\/staging.westnipissing.ca\\\/fr\\\/culture-loisirs\\\/arenas-et-patinoires\\\/patinoires-exterieures\\\/\"]}]},{\"@type\":\"ImageObject\",\"inLanguage\":\"fr-FR\",\"@id\":\"https:\\\/\\\/staging.westnipissing.ca\\\/fr\\\/culture-loisirs\\\/arenas-et-patinoires\\\/patinoires-exterieures\\\/#primaryimage\",\"url\":\"https:\\\/\\\/staging.westnipissing.ca\\\/wp-content\\\/uploads\\\/2025\\\/09\\\/AdobeStock_Outdoor-rink-skating-e1758735430557.jpg\",\"contentUrl\":\"https:\\\/\\\/staging.westnipissing.ca\\\/wp-content\\\/uploads\\\/2025\\\/09\\\/AdobeStock_Outdoor-rink-skating-e1758735430557.jpg\",\"width\":1800,\"height\":1200,\"caption\":\"Outdoor-rink-skating\"},{\"@type\":\"BreadcrumbList\",\"@id\":\"https:\\\/\\\/staging.westnipissing.ca\\\/fr\\\/culture-loisirs\\\/arenas-et-patinoires\\\/patinoires-exterieures\\\/#breadcrumb\",\"itemListElement\":[{\"@type\":\"ListItem\",\"position\":1,\"name\":\"Home\",\"item\":\"https:\\\/\\\/staging.westnipissing.ca\\\/fr\\\/\"},{\"@type\":\"ListItem\",\"position\":2,\"name\":\"Culture et loisirs\",\"item\":\"https:\\\/\\\/staging.westnipissing.ca\\\/fr\\\/culture-loisirs\\\/\"},{\"@type\":\"ListItem\",\"position\":3,\"name\":\"Ar\u00e9nas et patinoires\",\"item\":\"https:\\\/\\\/staging.westnipissing.ca\\\/fr\\\/culture-loisirs\\\/arenas-et-patinoires\\\/\"},{\"@type\":\"ListItem\",\"position\":4,\"name\":\"Patinoires ext\u00e9rieures\"}]},{\"@type\":\"WebSite\",\"@id\":\"https:\\\/\\\/staging.westnipissing.ca\\\/fr\\\/#website\",\"url\":\"https:\\\/\\\/staging.westnipissing.ca\\\/fr\\\/\",\"name\":\"West Nipissing Ouest\",\"description\":\"Find your Joie de vivre in West Nipissing.\",\"publisher\":{\"@id\":\"https:\\\/\\\/staging.westnipissing.ca\\\/fr\\\/#organization\"},\"potentialAction\":[{\"@type\":\"SearchAction\",\"target\":{\"@type\":\"EntryPoint\",\"urlTemplate\":\"https:\\\/\\\/staging.westnipissing.ca\\\/fr\\\/?s={search_term_string}\"},\"query-input\":{\"@type\":\"PropertyValueSpecification\",\"valueRequired\":true,\"valueName\":\"search_term_string\"}}],\"inLanguage\":\"fr-FR\"},{\"@type\":\"Organization\",\"@id\":\"https:\\\/\\\/staging.westnipissing.ca\\\/fr\\\/#organization\",\"name\":\"West Nipissing Ouest\",\"url\":\"https:\\\/\\\/staging.westnipissing.ca\\\/fr\\\/\",\"logo\":{\"@type\":\"ImageObject\",\"inLanguage\":\"fr-FR\",\"@id\":\"https:\\\/\\\/staging.westnipissing.ca\\\/fr\\\/#\\\/schema\\\/logo\\\/image\\\/\",\"url\":\"https:\\\/\\\/staging.westnipissing.ca\\\/wp-content\\\/uploads\\\/2024\\\/04\\\/site-logo.png\",\"contentUrl\":\"https:\\\/\\\/staging.westnipissing.ca\\\/wp-content\\\/uploads\\\/2024\\\/04\\\/site-logo.png\",\"width\":700,\"height\":225,\"caption\":\"West Nipissing Ouest\"},\"image\":{\"@id\":\"https:\\\/\\\/staging.westnipissing.ca\\\/fr\\\/#\\\/schema\\\/logo\\\/image\\\/\"},\"sameAs\":[\"https:\\\/\\\/www.facebook.com\\\/MunicipalityofWestNipissing\\\/\",\"https:\\\/\\\/x.com\\\/West_Nipissing\",\"https:\\\/\\\/www.youtube.com\\\/channel\\\/UCG6HWMXnA-RBiH-UdZVClHg\"]}]}<\/script>\n<!-- \/ Yoast SEO Premium plugin. -->","yoast_head_json":{"title":"Patinoires ext\u00e9rieures - STAGING: West Nipissing Ouest","description":"Ferm\u00e9es en raison de temp\u00e9ratures \u00e9lev\u00e9es. Les r\u00e9sidents sont pri\u00e9s de ne pas utiliser les patinoires ext\u00e9rieures lorsque celles-ci sont ferm\u00e9es en raison du temps doux. Merci de votre collaboration.","robots":{"index":"noindex","follow":"follow","max-snippet":"max-snippet:-1","max-image-preview":"max-image-preview:large","max-video-preview":"max-video-preview:-1"},"og_locale":"fr_FR","og_type":"article","og_title":"Patinoires ext\u00e9rieures","og_description":"Ferm\u00e9es en raison de temp\u00e9ratures \u00e9lev\u00e9es. Les r\u00e9sidents sont pri\u00e9s de ne pas utiliser les patinoires ext\u00e9rieures lorsque celles-ci sont ferm\u00e9es en raison du temps doux. Merci de votre collaboration.","og_url":"https:\/\/staging.westnipissing.ca\/fr\/culture-loisirs\/arenas-et-patinoires\/patinoires-exterieures\/","og_site_name":"STAGING: West Nipissing Ouest","article_publisher":"https:\/\/www.facebook.com\/MunicipalityofWestNipissing\/","article_modified_time":"2025-04-23T20:19:40+00:00","og_image":[{"width":1800,"height":1200,"url":"https:\/\/staging.westnipissing.ca\/wp-content\/uploads\/2025\/09\/AdobeStock_Outdoor-rink-skating-e1758735430557.jpg","type":"image\/jpeg"}],"twitter_card":"summary_large_image","twitter_site":"@West_Nipissing","twitter_misc":{"Dur\u00e9e de lecture estim\u00e9e":"2 minutes"},"schema":{"@context":"https:\/\/schema.org","@graph":[{"@type":"WebPage","@id":"https:\/\/staging.westnipissing.ca\/fr\/culture-loisirs\/arenas-et-patinoires\/patinoires-exterieures\/","url":"https:\/\/staging.westnipissing.ca\/fr\/culture-loisirs\/arenas-et-patinoires\/patinoires-exterieures\/","name":"Patinoires ext\u00e9rieures - STAGING: West Nipissing Ouest","isPartOf":{"@id":"https:\/\/staging.westnipissing.ca\/fr\/#website"},"primaryImageOfPage":{"@id":"https:\/\/staging.westnipissing.ca\/fr\/culture-loisirs\/arenas-et-patinoires\/patinoires-exterieures\/#primaryimage"},"image":{"@id":"https:\/\/staging.westnipissing.ca\/fr\/culture-loisirs\/arenas-et-patinoires\/patinoires-exterieures\/#primaryimage"},"thumbnailUrl":"https:\/\/staging.westnipissing.ca\/wp-content\/uploads\/2025\/09\/AdobeStock_Outdoor-rink-skating-e1758735430557.jpg","datePublished":"2023-09-26T16:50:38+00:00","dateModified":"2025-04-23T20:19:40+00:00","description":"Ferm\u00e9es en raison de temp\u00e9ratures \u00e9lev\u00e9es. Les r\u00e9sidents sont pri\u00e9s de ne pas utiliser les patinoires ext\u00e9rieures lorsque celles-ci sont ferm\u00e9es en raison du temps doux. Merci de votre collaboration.","breadcrumb":{"@id":"https:\/\/staging.westnipissing.ca\/fr\/culture-loisirs\/arenas-et-patinoires\/patinoires-exterieures\/#breadcrumb"},"inLanguage":"fr-FR","potentialAction":[{"@type":"ReadAction","target":["https:\/\/staging.westnipissing.ca\/fr\/culture-loisirs\/arenas-et-patinoires\/patinoires-exterieures\/"]}]},{"@type":"ImageObject","inLanguage":"fr-FR","@id":"https:\/\/staging.westnipissing.ca\/fr\/culture-loisirs\/arenas-et-patinoires\/patinoires-exterieures\/#primaryimage","url":"https:\/\/staging.westnipissing.ca\/wp-content\/uploads\/2025\/09\/AdobeStock_Outdoor-rink-skating-e1758735430557.jpg","contentUrl":"https:\/\/staging.westnipissing.ca\/wp-content\/uploads\/2025\/09\/AdobeStock_Outdoor-rink-skating-e1758735430557.jpg","width":1800,"height":1200,"caption":"Outdoor-rink-skating"},{"@type":"BreadcrumbList","@id":"https:\/\/staging.westnipissing.ca\/fr\/culture-loisirs\/arenas-et-patinoires\/patinoires-exterieures\/#breadcrumb","itemListElement":[{"@type":"ListItem","position":1,"name":"Home","item":"https:\/\/staging.westnipissing.ca\/fr\/"},{"@type":"ListItem","position":2,"name":"Culture et loisirs","item":"https:\/\/staging.westnipissing.ca\/fr\/culture-loisirs\/"},{"@type":"ListItem","position":3,"name":"Ar\u00e9nas et patinoires","item":"https:\/\/staging.westnipissing.ca\/fr\/culture-loisirs\/arenas-et-patinoires\/"},{"@type":"ListItem","position":4,"name":"Patinoires ext\u00e9rieures"}]},{"@type":"WebSite","@id":"https:\/\/staging.westnipissing.ca\/fr\/#website","url":"https:\/\/staging.westnipissing.ca\/fr\/","name":"West Nipissing Ouest","description":"Find your Joie de vivre in West Nipissing.","publisher":{"@id":"https:\/\/staging.westnipissing.ca\/fr\/#organization"},"potentialAction":[{"@type":"SearchAction","target":{"@type":"EntryPoint","urlTemplate":"https:\/\/staging.westnipissing.ca\/fr\/?s={search_term_string}"},"query-input":{"@type":"PropertyValueSpecification","valueRequired":true,"valueName":"search_term_string"}}],"inLanguage":"fr-FR"},{"@type":"Organization","@id":"https:\/\/staging.westnipissing.ca\/fr\/#organization","name":"West Nipissing Ouest","url":"https:\/\/staging.westnipissing.ca\/fr\/","logo":{"@type":"ImageObject","inLanguage":"fr-FR","@id":"https:\/\/staging.westnipissing.ca\/fr\/#\/schema\/logo\/image\/","url":"https:\/\/staging.westnipissing.ca\/wp-content\/uploads\/2024\/04\/site-logo.png","contentUrl":"https:\/\/staging.westnipissing.ca\/wp-content\/uploads\/2024\/04\/site-logo.png","width":700,"height":225,"caption":"West Nipissing Ouest"},"image":{"@id":"https:\/\/staging.westnipissing.ca\/fr\/#\/schema\/logo\/image\/"},"sameAs":["https:\/\/www.facebook.com\/MunicipalityofWestNipissing\/","https:\/\/x.com\/West_Nipissing","https:\/\/www.youtube.com\/channel\/UCG6HWMXnA-RBiH-UdZVClHg"]}]}},"_links":{"self":[{"href":"https:\/\/staging.westnipissing.ca\/fr\/wp-json\/wp\/v2\/pages\/41897","targetHints":{"allow":["GET"]}}],"collection":[{"href":"https:\/\/staging.westnipissing.ca\/fr\/wp-json\/wp\/v2\/pages"}],"about":[{"href":"https:\/\/staging.westnipissing.ca\/fr\/wp-json\/wp\/v2\/types\/page"}],"author":[{"embeddable":true,"href":"https:\/\/staging.westnipissing.ca\/fr\/wp-json\/wp\/v2\/users\/4"}],"replies":[{"embeddable":true,"href":"https:\/\/staging.westnipissing.ca\/fr\/wp-json\/wp\/v2\/comments?post=41897"}],"version-history":[{"count":0,"href":"https:\/\/staging.westnipissing.ca\/fr\/wp-json\/wp\/v2\/pages\/41897\/revisions"}],"up":[{"embeddable":true,"href":"https:\/\/staging.westnipissing.ca\/fr\/wp-json\/wp\/v2\/pages\/47609"}],"wp:featuredmedia":[{"embeddable":true,"href":"https:\/\/staging.westnipissing.ca\/fr\/wp-json\/wp\/v2\/media\/53733"}],"wp:attachment":[{"href":"https:\/\/staging.westnipissing.ca\/fr\/wp-json\/wp\/v2\/media?parent=41897"}],"curies":[{"name":"wp","href":"https:\/\/api.w.org\/{rel}","templated":true}]}}