{"id":42682,"date":"2023-12-15T12:23:11","date_gmt":"2023-12-15T17:23:11","guid":{"rendered":"https:\/\/staging.westnipissing.ca\/extreme-cold\/"},"modified":"2025-04-21T11:10:17","modified_gmt":"2025-04-21T15:10:17","slug":"extreme-cold","status":"publish","type":"page","link":"https:\/\/staging.westnipissing.ca\/fr\/services-aux-residents\/sante-logement-et-soutien\/extreme-cold\/","title":{"rendered":"Froid extr\u00eame"},"content":{"rendered":"\t\t<div data-elementor-type=\"wp-page\" data-elementor-id=\"42682\" class=\"elementor elementor-42682 elementor-42537\" data-elementor-post-type=\"page\">\n\t\t\t\t<div class=\"elementor-element elementor-element-6f2ab27 e-flex e-con-boxed e-con e-parent\" data-id=\"6f2ab27\" data-element_type=\"container\" data-e-type=\"container\">\n\t\t\t\t\t<div class=\"e-con-inner\">\n\t\t\t\t<div class=\"elementor-element elementor-element-9c982f6 elementor-widget elementor-widget-text-editor\" data-id=\"9c982f6\" data-element_type=\"widget\" data-e-type=\"widget\" data-widget_type=\"text-editor.default\">\n\t\t\t\t\t\t\t\t\t<div class=\"wp-block-columns\">\n<div class=\"wp-block-column\" style=\"flex-basis: 66.66%;\">\n<div class=\"wp-block-column is-layout-flow wp-block-column-is-layout-flow\">\n<h2 id=\"h-protegez-vous-contre-le-froid-extreme-nbsp\" class=\"wp-block-heading\">Prot\u00e9gez-vous contre le froid extr\u00eame\u00a0<\/h2>\n<p>Tout le monde est vuln\u00e9rable aux effets du froid, mais certains groupes de personnes sont plus \u00e0 risque que d\u2019autres. L\u2019exposition au froid peut entra\u00eener des probl\u00e8mes de sant\u00e9 graves. Il existe deux principaux dangers pour la sant\u00e9 li\u00e9s au froid : l\u2019hypothermie et les gelures. La Municipalit\u00e9 encourage les r\u00e9sidents de suivre les directives de sant\u00e9 publique et \u00e0 aider les individus les plus vuln\u00e9rables.\u00a0<\/p>\n<h2 id=\"h-conseils-pour-reduire-les-risques-associes-au-froid\" class=\"wp-block-heading\">Conseils pour r\u00e9duire les risques associ\u00e9s au froid<\/h2>\n<ul class=\"wp-block-list\">\n<li>Surveillez les alertes et les\u00a0<a href=\"https:\/\/meteo.gc.ca\/city\/pages\/on-65_metric_f.html\">conditions m\u00e9t\u00e9orologiques locales<\/a>.<\/li>\n<li>Planifiez \u00e0 l\u2019avance en cas d\u2019alerte de froid extr\u00eame, de temp\u00eate hivernale ou de refroidissement \u00e9olien, faites ce que vous pouvez pour rester \u00e0 l\u2019int\u00e9rieur ou vous mettre \u00e0 l\u2019abri.<\/li>\n<li>Portez des v\u00eatements appropri\u00e9s et habillez-vous de plusieurs couches de v\u00eatements, dont une couche ext\u00e9rieure \u00e9tanche au vent. Portez des chaussettes chaudes, des gants, un chapeau et un foulard par temps froid.<\/li>\n<li>Consommez des liquides chauds, en \u00e9vitant les boissons caf\u00e9in\u00e9es ou alcoolis\u00e9es.<\/li>\n<li>Mettez-vous \u00e0 l\u2019abri du vent et limitez le temps pass\u00e9 \u00e0 l\u2019ext\u00e9rieur.<\/li>\n<li>Efforcez-vous \u00e0 rester toujours au sec en enlevant les couches de v\u00eatements ext\u00e9rieures ou en ouvrant votre veste si vous transpirez. Dans la mesure du possible, enlevez les v\u00eatements mouill\u00e9s pour \u00e9viter les refroidissements corporels.<\/li>\n<li>Restez actif en marchant ou en courant (avec prudence) pour aider \u00e0 g\u00e9n\u00e9rer de la chaleur corporelle, mais \u00e9vitez de transpirer.<\/li>\n<li>Soyez attentif aux signes d\u2019hypothermie et de gelures et consultez imm\u00e9diatement un m\u00e9decin si vous pr\u00e9sentez des sympt\u00f4mes.\u00a0<\/li>\n<li>Pour des conseils m\u00e9dicaux non urgents, contactez\u00a0<a href=\"https:\/\/health811.ontario.ca\/static\/guest\/home\" target=\"_blank\" rel=\"noreferrer noopener\">Health811<\/a><\/li>\n<li>Si vous avez besoin d\u2019abri, le\u00a0<a href=\"http:\/\/www.crisiscentre-nb.on.ca\/\">Centre de crise de North Bay<\/a>\u00a0peut vous aider.\u00a0<\/li>\n<\/ul>\n<h2 id=\"h-espaces-publics-chauffes\" class=\"wp-block-heading\">Espaces publics chauff\u00e9s<\/h2>\n<p>Installations municipales telles que les biblioth\u00e8ques publiques et le Bureau municipal (pendant les heures d\u2019ouverture)<\/p>\n<h2 id=\"h-avertissements-de-froid-extreme\" class=\"wp-block-heading\">Avertissements de froid extr\u00eame<\/h2>\n<p>Les Avertissement de froid extr\u00eame officiels sont annonc\u00e9s par le Bureau d\u2019<strong><a href=\"https:\/\/meteo.gc.ca\/city\/pages\/on-65_metric_f.html\" target=\"_blank\" rel=\"noreferrer noopener\">Environnement et Changement climatique Canada<\/a>.<\/strong><\/p>\n<\/div>\n<div class=\"wp-block-column is-layout-flow wp-block-column-is-layout-flow\">\n<h2 id=\"h-resources-utiles\" class=\"wp-block-heading\">Resources utiles<\/h2>\n<p><a href=\"https:\/\/meteo.gc.ca\/city\/pages\/on-65_metric_f.html\" target=\"_blank\" rel=\"noreferrer noopener\">M\u00e9t\u00e9o \u2013 Environnement Canada<\/a><\/p>\n<p><a href=\"https:\/\/www.canada.ca\/fr\/environnement-changement-climatique\/services\/types-previsions-meteorologiques-utilisation\/publiques\/criteres-alertes-meteo.html\">Crit\u00e8res d\u2019alertes m\u00e9t\u00e9o publiques<\/a><\/p>\n<p><a href=\"https:\/\/www.canada.ca\/fr\/sante-canada\/services\/vie-saine\/votre-sante-vous\/environnement\/froid-extreme.html#a6\">Froid extr\u00eame \u2013 Gouvernement du Canada<\/a><\/p>\n<p><a href=\"https:\/\/meteo.gc.ca\/index_f.html?layers=alert,&amp;zoom=4&amp;center=44.39023861,-58.47098122\" target=\"_blank\" rel=\"noreferrer noopener\">Carte des alertes m\u00e9t\u00e9orologiques \u2013 Gouvernement du Canada<\/a><\/p>\n<p><a href=\"http:\/\/www.crisiscentre-nb.on.ca\/?lang=fr\" target=\"_blank\" rel=\"noreferrer noopener\">Sans-abri \u2013 Crisis Centre North Bay<\/a><\/p>\n<p><a href=\"https:\/\/www.dnssab.ca\/fr\/services-de-logement\/\">Conseil d\u2019administration des services sociaux du district de Nipissing \u2013Services de logement\u00a0<\/a><\/p>\n<\/div>\n<\/div>\n<\/div>\t\t\t\t\t\t\t\t<\/div>\n\t\t\t\t\t<\/div>\n\t\t\t\t<\/div>\n\t\t\t\t<\/div>\n\t\t","protected":false},"excerpt":{"rendered":"<p>Prot\u00e9gez-vous contre le froid extr\u00eame\u00a0 Tout le monde est vuln\u00e9rable aux effets du froid, mais certains groupes de personnes sont plus \u00e0 risque que d\u2019autres. L\u2019exposition au froid peut entra\u00eener [&hellip;]<\/p>\n","protected":false},"author":12,"featured_media":54349,"parent":699,"menu_order":0,"comment_status":"closed","ping_status":"closed","template":"elementor_theme","meta":{"_acf_changed":false,"_searchwp_excluded":"","footnotes":""},"class_list":["post-42682","page","type-page","status-publish","has-post-thumbnail","hentry"],"acf":[],"yoast_head":"<!-- This site is optimized with the Yoast SEO Premium plugin v26.5 (Yoast SEO v27.4) - https:\/\/yoast.com\/product\/yoast-seo-premium-wordpress\/ -->\n<title>Froid extr\u00eame - STAGING: West Nipissing Ouest<\/title>\n<meta name=\"robots\" content=\"noindex, follow, max-snippet:-1, max-image-preview:large, max-video-preview:-1\" \/>\n<meta property=\"og:locale\" content=\"fr_FR\" \/>\n<meta property=\"og:type\" content=\"article\" \/>\n<meta property=\"og:title\" content=\"Froid extr\u00eame\" \/>\n<meta property=\"og:description\" content=\"Prot\u00e9gez-vous contre le froid extr\u00eame\u00a0 Tout le monde est vuln\u00e9rable aux effets du froid, mais certains groupes de personnes sont plus \u00e0 risque que d\u2019autres. L\u2019exposition au froid peut entra\u00eener [&hellip;]\" \/>\n<meta property=\"og:url\" content=\"https:\/\/staging.westnipissing.ca\/fr\/services-aux-residents\/sante-logement-et-soutien\/extreme-cold\/\" \/>\n<meta property=\"og:site_name\" content=\"STAGING: West Nipissing Ouest\" \/>\n<meta property=\"article:publisher\" content=\"https:\/\/www.facebook.com\/MunicipalityofWestNipissing\/\" \/>\n<meta property=\"article:modified_time\" content=\"2025-04-21T15:10:17+00:00\" \/>\n<meta property=\"og:image\" content=\"https:\/\/staging.westnipissing.ca\/wp-content\/uploads\/2025\/10\/AdobeStock_60296508-scaled-1.jpeg\" \/>\n\t<meta property=\"og:image:width\" content=\"2560\" \/>\n\t<meta property=\"og:image:height\" content=\"1707\" \/>\n\t<meta property=\"og:image:type\" content=\"image\/jpeg\" \/>\n<meta name=\"twitter:card\" content=\"summary_large_image\" \/>\n<meta name=\"twitter:site\" content=\"@West_Nipissing\" \/>\n<meta name=\"twitter:label1\" content=\"Dur\u00e9e de lecture estim\u00e9e\" \/>\n\t<meta name=\"twitter:data1\" content=\"2 minutes\" \/>\n<script type=\"application\/ld+json\" class=\"yoast-schema-graph\">{\"@context\":\"https:\\\/\\\/schema.org\",\"@graph\":[{\"@type\":\"WebPage\",\"@id\":\"https:\\\/\\\/staging.westnipissing.ca\\\/fr\\\/services-aux-residents\\\/sante-logement-et-soutien\\\/extreme-cold\\\/\",\"url\":\"https:\\\/\\\/staging.westnipissing.ca\\\/fr\\\/services-aux-residents\\\/sante-logement-et-soutien\\\/extreme-cold\\\/\",\"name\":\"Froid extr\u00eame - STAGING: West Nipissing Ouest\",\"isPartOf\":{\"@id\":\"https:\\\/\\\/staging.westnipissing.ca\\\/fr\\\/#website\"},\"primaryImageOfPage\":{\"@id\":\"https:\\\/\\\/staging.westnipissing.ca\\\/fr\\\/services-aux-residents\\\/sante-logement-et-soutien\\\/extreme-cold\\\/#primaryimage\"},\"image\":{\"@id\":\"https:\\\/\\\/staging.westnipissing.ca\\\/fr\\\/services-aux-residents\\\/sante-logement-et-soutien\\\/extreme-cold\\\/#primaryimage\"},\"thumbnailUrl\":\"https:\\\/\\\/staging.westnipissing.ca\\\/wp-content\\\/uploads\\\/2025\\\/10\\\/AdobeStock_60296508-scaled-1.jpeg\",\"datePublished\":\"2023-12-15T17:23:11+00:00\",\"dateModified\":\"2025-04-21T15:10:17+00:00\",\"breadcrumb\":{\"@id\":\"https:\\\/\\\/staging.westnipissing.ca\\\/fr\\\/services-aux-residents\\\/sante-logement-et-soutien\\\/extreme-cold\\\/#breadcrumb\"},\"inLanguage\":\"fr-FR\",\"potentialAction\":[{\"@type\":\"ReadAction\",\"target\":[\"https:\\\/\\\/staging.westnipissing.ca\\\/fr\\\/services-aux-residents\\\/sante-logement-et-soutien\\\/extreme-cold\\\/\"]}]},{\"@type\":\"ImageObject\",\"inLanguage\":\"fr-FR\",\"@id\":\"https:\\\/\\\/staging.westnipissing.ca\\\/fr\\\/services-aux-residents\\\/sante-logement-et-soutien\\\/extreme-cold\\\/#primaryimage\",\"url\":\"https:\\\/\\\/staging.westnipissing.ca\\\/wp-content\\\/uploads\\\/2025\\\/10\\\/AdobeStock_60296508-scaled-1.jpeg\",\"contentUrl\":\"https:\\\/\\\/staging.westnipissing.ca\\\/wp-content\\\/uploads\\\/2025\\\/10\\\/AdobeStock_60296508-scaled-1.jpeg\",\"width\":2560,\"height\":1707,\"caption\":\"Textured ice blue frozen rink winter background\"},{\"@type\":\"BreadcrumbList\",\"@id\":\"https:\\\/\\\/staging.westnipissing.ca\\\/fr\\\/services-aux-residents\\\/sante-logement-et-soutien\\\/extreme-cold\\\/#breadcrumb\",\"itemListElement\":[{\"@type\":\"ListItem\",\"position\":1,\"name\":\"Home\",\"item\":\"https:\\\/\\\/staging.westnipissing.ca\\\/fr\\\/\"},{\"@type\":\"ListItem\",\"position\":2,\"name\":\"Services aux R\u00e9sidents\",\"item\":\"https:\\\/\\\/staging.westnipissing.ca\\\/fr\\\/services-aux-residents\\\/\"},{\"@type\":\"ListItem\",\"position\":3,\"name\":\"Sant\u00e9, s\u00e9curit\u00e9 et bien-\u00eatre\",\"item\":\"https:\\\/\\\/staging.westnipissing.ca\\\/fr\\\/services-aux-residents\\\/sante-logement-et-soutien\\\/\"},{\"@type\":\"ListItem\",\"position\":4,\"name\":\"Froid extr\u00eame\"}]},{\"@type\":\"WebSite\",\"@id\":\"https:\\\/\\\/staging.westnipissing.ca\\\/fr\\\/#website\",\"url\":\"https:\\\/\\\/staging.westnipissing.ca\\\/fr\\\/\",\"name\":\"West Nipissing Ouest\",\"description\":\"Find your Joie de vivre in West Nipissing.\",\"publisher\":{\"@id\":\"https:\\\/\\\/staging.westnipissing.ca\\\/fr\\\/#organization\"},\"potentialAction\":[{\"@type\":\"SearchAction\",\"target\":{\"@type\":\"EntryPoint\",\"urlTemplate\":\"https:\\\/\\\/staging.westnipissing.ca\\\/fr\\\/?s={search_term_string}\"},\"query-input\":{\"@type\":\"PropertyValueSpecification\",\"valueRequired\":true,\"valueName\":\"search_term_string\"}}],\"inLanguage\":\"fr-FR\"},{\"@type\":\"Organization\",\"@id\":\"https:\\\/\\\/staging.westnipissing.ca\\\/fr\\\/#organization\",\"name\":\"West Nipissing Ouest\",\"url\":\"https:\\\/\\\/staging.westnipissing.ca\\\/fr\\\/\",\"logo\":{\"@type\":\"ImageObject\",\"inLanguage\":\"fr-FR\",\"@id\":\"https:\\\/\\\/staging.westnipissing.ca\\\/fr\\\/#\\\/schema\\\/logo\\\/image\\\/\",\"url\":\"https:\\\/\\\/staging.westnipissing.ca\\\/wp-content\\\/uploads\\\/2024\\\/04\\\/site-logo.png\",\"contentUrl\":\"https:\\\/\\\/staging.westnipissing.ca\\\/wp-content\\\/uploads\\\/2024\\\/04\\\/site-logo.png\",\"width\":700,\"height\":225,\"caption\":\"West Nipissing Ouest\"},\"image\":{\"@id\":\"https:\\\/\\\/staging.westnipissing.ca\\\/fr\\\/#\\\/schema\\\/logo\\\/image\\\/\"},\"sameAs\":[\"https:\\\/\\\/www.facebook.com\\\/MunicipalityofWestNipissing\\\/\",\"https:\\\/\\\/x.com\\\/West_Nipissing\",\"https:\\\/\\\/www.youtube.com\\\/channel\\\/UCG6HWMXnA-RBiH-UdZVClHg\"]}]}<\/script>\n<!-- \/ Yoast SEO Premium plugin. -->","yoast_head_json":{"title":"Froid extr\u00eame - STAGING: West Nipissing Ouest","robots":{"index":"noindex","follow":"follow","max-snippet":"max-snippet:-1","max-image-preview":"max-image-preview:large","max-video-preview":"max-video-preview:-1"},"og_locale":"fr_FR","og_type":"article","og_title":"Froid extr\u00eame","og_description":"Prot\u00e9gez-vous contre le froid extr\u00eame\u00a0 Tout le monde est vuln\u00e9rable aux effets du froid, mais certains groupes de personnes sont plus \u00e0 risque que d\u2019autres. L\u2019exposition au froid peut entra\u00eener [&hellip;]","og_url":"https:\/\/staging.westnipissing.ca\/fr\/services-aux-residents\/sante-logement-et-soutien\/extreme-cold\/","og_site_name":"STAGING: West Nipissing Ouest","article_publisher":"https:\/\/www.facebook.com\/MunicipalityofWestNipissing\/","article_modified_time":"2025-04-21T15:10:17+00:00","og_image":[{"width":2560,"height":1707,"url":"https:\/\/staging.westnipissing.ca\/wp-content\/uploads\/2025\/10\/AdobeStock_60296508-scaled-1.jpeg","type":"image\/jpeg"}],"twitter_card":"summary_large_image","twitter_site":"@West_Nipissing","twitter_misc":{"Dur\u00e9e de lecture estim\u00e9e":"2 minutes"},"schema":{"@context":"https:\/\/schema.org","@graph":[{"@type":"WebPage","@id":"https:\/\/staging.westnipissing.ca\/fr\/services-aux-residents\/sante-logement-et-soutien\/extreme-cold\/","url":"https:\/\/staging.westnipissing.ca\/fr\/services-aux-residents\/sante-logement-et-soutien\/extreme-cold\/","name":"Froid extr\u00eame - STAGING: West Nipissing Ouest","isPartOf":{"@id":"https:\/\/staging.westnipissing.ca\/fr\/#website"},"primaryImageOfPage":{"@id":"https:\/\/staging.westnipissing.ca\/fr\/services-aux-residents\/sante-logement-et-soutien\/extreme-cold\/#primaryimage"},"image":{"@id":"https:\/\/staging.westnipissing.ca\/fr\/services-aux-residents\/sante-logement-et-soutien\/extreme-cold\/#primaryimage"},"thumbnailUrl":"https:\/\/staging.westnipissing.ca\/wp-content\/uploads\/2025\/10\/AdobeStock_60296508-scaled-1.jpeg","datePublished":"2023-12-15T17:23:11+00:00","dateModified":"2025-04-21T15:10:17+00:00","breadcrumb":{"@id":"https:\/\/staging.westnipissing.ca\/fr\/services-aux-residents\/sante-logement-et-soutien\/extreme-cold\/#breadcrumb"},"inLanguage":"fr-FR","potentialAction":[{"@type":"ReadAction","target":["https:\/\/staging.westnipissing.ca\/fr\/services-aux-residents\/sante-logement-et-soutien\/extreme-cold\/"]}]},{"@type":"ImageObject","inLanguage":"fr-FR","@id":"https:\/\/staging.westnipissing.ca\/fr\/services-aux-residents\/sante-logement-et-soutien\/extreme-cold\/#primaryimage","url":"https:\/\/staging.westnipissing.ca\/wp-content\/uploads\/2025\/10\/AdobeStock_60296508-scaled-1.jpeg","contentUrl":"https:\/\/staging.westnipissing.ca\/wp-content\/uploads\/2025\/10\/AdobeStock_60296508-scaled-1.jpeg","width":2560,"height":1707,"caption":"Textured ice blue frozen rink winter background"},{"@type":"BreadcrumbList","@id":"https:\/\/staging.westnipissing.ca\/fr\/services-aux-residents\/sante-logement-et-soutien\/extreme-cold\/#breadcrumb","itemListElement":[{"@type":"ListItem","position":1,"name":"Home","item":"https:\/\/staging.westnipissing.ca\/fr\/"},{"@type":"ListItem","position":2,"name":"Services aux R\u00e9sidents","item":"https:\/\/staging.westnipissing.ca\/fr\/services-aux-residents\/"},{"@type":"ListItem","position":3,"name":"Sant\u00e9, s\u00e9curit\u00e9 et bien-\u00eatre","item":"https:\/\/staging.westnipissing.ca\/fr\/services-aux-residents\/sante-logement-et-soutien\/"},{"@type":"ListItem","position":4,"name":"Froid extr\u00eame"}]},{"@type":"WebSite","@id":"https:\/\/staging.westnipissing.ca\/fr\/#website","url":"https:\/\/staging.westnipissing.ca\/fr\/","name":"West Nipissing Ouest","description":"Find your Joie de vivre in West Nipissing.","publisher":{"@id":"https:\/\/staging.westnipissing.ca\/fr\/#organization"},"potentialAction":[{"@type":"SearchAction","target":{"@type":"EntryPoint","urlTemplate":"https:\/\/staging.westnipissing.ca\/fr\/?s={search_term_string}"},"query-input":{"@type":"PropertyValueSpecification","valueRequired":true,"valueName":"search_term_string"}}],"inLanguage":"fr-FR"},{"@type":"Organization","@id":"https:\/\/staging.westnipissing.ca\/fr\/#organization","name":"West Nipissing Ouest","url":"https:\/\/staging.westnipissing.ca\/fr\/","logo":{"@type":"ImageObject","inLanguage":"fr-FR","@id":"https:\/\/staging.westnipissing.ca\/fr\/#\/schema\/logo\/image\/","url":"https:\/\/staging.westnipissing.ca\/wp-content\/uploads\/2024\/04\/site-logo.png","contentUrl":"https:\/\/staging.westnipissing.ca\/wp-content\/uploads\/2024\/04\/site-logo.png","width":700,"height":225,"caption":"West Nipissing Ouest"},"image":{"@id":"https:\/\/staging.westnipissing.ca\/fr\/#\/schema\/logo\/image\/"},"sameAs":["https:\/\/www.facebook.com\/MunicipalityofWestNipissing\/","https:\/\/x.com\/West_Nipissing","https:\/\/www.youtube.com\/channel\/UCG6HWMXnA-RBiH-UdZVClHg"]}]}},"_links":{"self":[{"href":"https:\/\/staging.westnipissing.ca\/fr\/wp-json\/wp\/v2\/pages\/42682","targetHints":{"allow":["GET"]}}],"collection":[{"href":"https:\/\/staging.westnipissing.ca\/fr\/wp-json\/wp\/v2\/pages"}],"about":[{"href":"https:\/\/staging.westnipissing.ca\/fr\/wp-json\/wp\/v2\/types\/page"}],"author":[{"embeddable":true,"href":"https:\/\/staging.westnipissing.ca\/fr\/wp-json\/wp\/v2\/users\/12"}],"replies":[{"embeddable":true,"href":"https:\/\/staging.westnipissing.ca\/fr\/wp-json\/wp\/v2\/comments?post=42682"}],"version-history":[{"count":0,"href":"https:\/\/staging.westnipissing.ca\/fr\/wp-json\/wp\/v2\/pages\/42682\/revisions"}],"up":[{"embeddable":true,"href":"https:\/\/staging.westnipissing.ca\/fr\/wp-json\/wp\/v2\/pages\/699"}],"wp:featuredmedia":[{"embeddable":true,"href":"https:\/\/staging.westnipissing.ca\/fr\/wp-json\/wp\/v2\/media\/54349"}],"wp:attachment":[{"href":"https:\/\/staging.westnipissing.ca\/fr\/wp-json\/wp\/v2\/media?parent=42682"}],"curies":[{"name":"wp","href":"https:\/\/api.w.org\/{rel}","templated":true}]}}