{"id":43958,"date":"2024-05-01T15:28:57","date_gmt":"2024-05-01T19:28:57","guid":{"rendered":"https:\/\/staging.westnipissing.ca\/?page_id=43958"},"modified":"2025-10-24T15:27:10","modified_gmt":"2025-10-24T19:27:10","slug":"cours-de-sauvetage","status":"publish","type":"page","link":"https:\/\/staging.westnipissing.ca\/fr\/culture-loisirs\/piscine-et-sante-physique\/cours-de-sauvetage\/","title":{"rendered":"Cours de sauvetage"},"content":{"rendered":"\t\t<div data-elementor-type=\"wp-page\" data-elementor-id=\"43958\" class=\"elementor elementor-43958 elementor-43955\" data-elementor-post-type=\"page\">\n\t\t\t\t<div class=\"elementor-element elementor-element-ec4bdc2 e-flex e-con-boxed e-con e-parent\" data-id=\"ec4bdc2\" data-element_type=\"container\" data-e-type=\"container\">\n\t\t\t\t\t<div class=\"e-con-inner\">\n\t\t\t\t<div class=\"elementor-element elementor-element-fe66dbb elementor-widget elementor-widget-heading\" data-id=\"fe66dbb\" data-element_type=\"widget\" data-e-type=\"widget\" data-widget_type=\"heading.default\">\n\t\t\t\t\t<h3 class=\"elementor-heading-title elementor-size-default\">Vous voulez devenir sauveteur? Inscrivez-vous \u00e0 nos cours pour acqu\u00e9rir l\u2019exp\u00e9rience et les certificats n\u00e9cessaires.<\/h3>\t\t\t\t<\/div>\n\t\t\t\t<div class=\"elementor-element elementor-element-1c69e16 elementor-widget elementor-widget-text-editor\" data-id=\"1c69e16\" data-element_type=\"widget\" data-e-type=\"widget\" data-widget_type=\"text-editor.default\">\n\t\t\t\t\t\t\t\t\t<p class=\"has-text-align-center\">Pour plus de renseignements, veuillez appeler le Centre communautaire et r\u00e9cr\u00e9atif au\u00a0<a href=\"tel:7057530160\">705-753-0160<\/a>\u00a0ou par courriel \u00e0\u00a0<a href=\"mailto:sfurchner@westnipissing.ca\">sfurchner@westnipissing.ca<\/a>.<\/p>\t\t\t\t\t\t\t\t<\/div>\n\t\t\t\t\t<\/div>\n\t\t\t\t<\/div>\n\t\t<div class=\"elementor-element elementor-element-011adbd e-flex e-con-boxed e-con e-parent\" data-id=\"011adbd\" data-element_type=\"container\" data-e-type=\"container\">\n\t\t\t\t\t<div class=\"e-con-inner\">\n\t\t<div class=\"elementor-element elementor-element-8618973 e-con-full e-flex e-con e-child\" data-id=\"8618973\" data-element_type=\"container\" data-e-type=\"container\">\n\t\t\t\t<div class=\"elementor-element elementor-element-2151d74 elementor-widget elementor-widget-image\" data-id=\"2151d74\" data-element_type=\"widget\" data-e-type=\"widget\" data-widget_type=\"image.default\">\n\t\t\t\t\t\t\t\t\t\t\t\t\t\t\t<img fetchpriority=\"high\" decoding=\"async\" width=\"291\" height=\"291\" src=\"https:\/\/staging.westnipissing.ca\/wp-content\/uploads\/2025\/04\/Lifesaving-Society-Bronze-Medallion.jpg\" class=\"attachment-large size-large wp-image-47835\" alt=\"\" srcset=\"https:\/\/staging.westnipissing.ca\/wp-content\/uploads\/2025\/04\/Lifesaving-Society-Bronze-Medallion.jpg 291w, https:\/\/staging.westnipissing.ca\/wp-content\/uploads\/2025\/04\/Lifesaving-Society-Bronze-Medallion-150x150.jpg 150w\" sizes=\"(max-width: 291px) 100vw, 291px\" \/>\t\t\t\t\t\t\t\t\t\t\t\t\t\t\t<\/div>\n\t\t\t\t<div class=\"elementor-element elementor-element-7d1c25b elementor-widget elementor-widget-heading\" data-id=\"7d1c25b\" data-element_type=\"widget\" data-e-type=\"widget\" data-widget_type=\"heading.default\">\n\t\t\t\t\t<h2 class=\"elementor-heading-title elementor-size-default\">\u00c9tape 1: M\u00e9daille de bronze<\/h2>\t\t\t\t<\/div>\n\t\t\t\t<div class=\"elementor-element elementor-element-64be867 elementor-widget elementor-widget-text-editor\" data-id=\"64be867\" data-element_type=\"widget\" data-e-type=\"widget\" data-widget_type=\"text-editor.default\">\n\t\t\t\t\t\t\t\t\t<div class=\"wp-block-column is-layout-flow wp-block-column-is-layout-flow\"><div class=\"wp-block-column is-layout-flow wp-block-column-is-layout-flow\"><p>Inclus la certification de\u00a0<strong>Premier Soins \u2013 Urgence<\/strong><\/p><p><strong>Pr\u00e9alables<\/strong><br \/>Le\/la candidat(e) doit:<\/p><ul class=\"wp-block-list\"><li>\u00eatre \u00e2g\u00e9(e) de 13 ans ou plus avant le d\u00e9but du cours;<\/li><li>\u00eatre comfortable \u00e0 nager 100 m;<\/li><li>compl\u00e9ter une \u00e9valuation de natation.<\/li><\/ul><p>\u00a0<\/p><\/div><div class=\"wp-block-column is-layout-flow wp-block-column-is-layout-flow\"><hr \/><h5 class=\"has-text-align-left\">Inscrivez-vous maintenant<\/h5><p><strong>Par t\u00e9l\u00e9phone:<\/strong>\u00a0705-753-0160<br \/><strong>Dates du cours:<\/strong> 29 septembre \u2013 8 d\u00e9cembre 2025<br \/><strong>Temps:<\/strong> Les lundis de 16 h 00 \u00e0 17 h 30<br \/><strong>Date de l\u2019examen final:<\/strong>\u00a0\u00e0 d\u00e9terminer<br \/><strong>Co\u00fbt:<\/strong>\u00a0120,00 $<\/p><p class=\"has-text-align-left\"><strong>\u00a0<\/strong><\/p><\/div><\/div>\t\t\t\t\t\t\t\t<\/div>\n\t\t\t\t<\/div>\n\t\t<div class=\"elementor-element elementor-element-36bd105 e-con-full e-flex e-con e-child\" data-id=\"36bd105\" data-element_type=\"container\" data-e-type=\"container\">\n\t\t\t\t<div class=\"elementor-element elementor-element-42b3f02 elementor-widget elementor-widget-image\" data-id=\"42b3f02\" data-element_type=\"widget\" data-e-type=\"widget\" data-widget_type=\"image.default\">\n\t\t\t\t\t\t\t\t\t\t\t\t\t\t\t<img decoding=\"async\" width=\"291\" height=\"291\" src=\"https:\/\/staging.westnipissing.ca\/wp-content\/uploads\/2025\/04\/Lifesaving-Society-Bronze-Cross.jpg\" class=\"attachment-large size-large wp-image-47837\" alt=\"\" srcset=\"https:\/\/staging.westnipissing.ca\/wp-content\/uploads\/2025\/04\/Lifesaving-Society-Bronze-Cross.jpg 291w, https:\/\/staging.westnipissing.ca\/wp-content\/uploads\/2025\/04\/Lifesaving-Society-Bronze-Cross-150x150.jpg 150w\" sizes=\"(max-width: 291px) 100vw, 291px\" \/>\t\t\t\t\t\t\t\t\t\t\t\t\t\t\t<\/div>\n\t\t\t\t<div class=\"elementor-element elementor-element-7973ce1 elementor-widget elementor-widget-heading\" data-id=\"7973ce1\" data-element_type=\"widget\" data-e-type=\"widget\" data-widget_type=\"heading.default\">\n\t\t\t\t\t<h2 class=\"elementor-heading-title elementor-size-default\">\u00c9tape 2: Croix de Bronze<\/h2>\t\t\t\t<\/div>\n\t\t\t\t<div class=\"elementor-element elementor-element-3a26700 elementor-widget elementor-widget-text-editor\" data-id=\"3a26700\" data-element_type=\"widget\" data-e-type=\"widget\" data-widget_type=\"text-editor.default\">\n\t\t\t\t\t\t\t\t\t<div class=\"wp-block-column is-layout-flow wp-block-column-is-layout-flow\"><div class=\"wp-block-column is-layout-flow wp-block-column-is-layout-flow\"><p>Inclus la certification de\u00a0<strong>Premier soins \u2013 standard<br \/><\/strong><\/p><p><strong>Pr\u00e9alables<\/strong><br \/>Le\/la candidat(e) doit:<\/p><ul class=\"wp-block-list\"><li>avoir atteint(e) le brevet de M\u00e9daille de bronze;<\/li><li>avoir atteint(e) leur certification de Premiers soins \u2013 urgence.<\/li><\/ul><\/div><div class=\"wp-block-column is-layout-flow wp-block-column-is-layout-flow\"><p>\u00a0<\/p><\/div><\/div>\t\t\t\t\t\t\t\t<\/div>\n\t\t\t\t<\/div>\n\t\t<div class=\"elementor-element elementor-element-e9f7395 e-con-full e-flex e-con e-child\" data-id=\"e9f7395\" data-element_type=\"container\" data-e-type=\"container\">\n\t\t\t\t<div class=\"elementor-element elementor-element-1f2cd39 elementor-widget elementor-widget-image\" data-id=\"1f2cd39\" data-element_type=\"widget\" data-e-type=\"widget\" data-widget_type=\"image.default\">\n\t\t\t\t\t\t\t\t\t\t\t\t\t\t\t<img decoding=\"async\" width=\"291\" height=\"223\" src=\"https:\/\/staging.westnipissing.ca\/wp-content\/uploads\/2025\/04\/Lifesaving-Society-National-Lifeguard.jpg\" class=\"attachment-large size-large wp-image-47839\" alt=\"\" \/>\t\t\t\t\t\t\t\t\t\t\t\t\t\t\t<\/div>\n\t\t\t\t<div class=\"elementor-element elementor-element-3166378 elementor-widget elementor-widget-heading\" data-id=\"3166378\" data-element_type=\"widget\" data-e-type=\"widget\" data-widget_type=\"heading.default\">\n\t\t\t\t\t<h2 class=\"elementor-heading-title elementor-size-default\">\u00c9tape 3: Sauveteur national<\/h2>\t\t\t\t<\/div>\n\t\t\t\t<div class=\"elementor-element elementor-element-a756ef1 elementor-widget elementor-widget-text-editor\" data-id=\"a756ef1\" data-element_type=\"widget\" data-e-type=\"widget\" data-widget_type=\"text-editor.default\">\n\t\t\t\t\t\t\t\t\t<div class=\"wp-block-column is-layout-flow wp-block-column-is-layout-flow\"><p><strong>Pr\u00e9alables<\/strong><br \/>Le\/la candidat(e) doit:<\/p><ul class=\"wp-block-list\"><li>\u00eatre \u00e2g\u00e9(e) de 15 ans ou plus avant le d\u00e9but du cours;<\/li><li>avoir leur brevet de Croix de bronze;<\/li><li>avoir leur certification de Premier soins \u2013 standard.<\/li><\/ul><\/div><div class=\"wp-block-column is-layout-flow wp-block-column-is-layout-flow\"><p>\u00a0<\/p><\/div>\t\t\t\t\t\t\t\t<\/div>\n\t\t\t\t<\/div>\n\t\t\t\t\t<\/div>\n\t\t\t\t<\/div>\n\t\t<div class=\"elementor-element elementor-element-3e317cf e-flex e-con-boxed e-con e-parent\" data-id=\"3e317cf\" data-element_type=\"container\" data-e-type=\"container\">\n\t\t\t\t\t<div class=\"e-con-inner\">\n\t\t\t\t<div class=\"elementor-element elementor-element-e458e69 elementor-widget elementor-widget-text-editor\" data-id=\"e458e69\" data-element_type=\"widget\" data-e-type=\"widget\" data-widget_type=\"text-editor.default\">\n\t\t\t\t\t\t\t\t\t<h3 id=\"h-pour-les-details-complets-veuillez-visiter-les-liens-de-la-societe-de-sauvetage-ci-dessous\" class=\"wp-block-heading\">D&#8217;autres d\u00e9tails sur le site de la Soci\u00e9t\u00e9 de sauvetage<\/h3><ol class=\"wp-block-list\"><li><a href=\"https:\/\/www.lifesavingsociety.com\/swimming-lifesaving\/lifesaving\/bronze-medallion.aspx\" target=\"_blank\" rel=\"noreferrer noopener\">M\u00e9daille de bronze<\/a>\u00a0<\/li><li><a href=\"https:\/\/www.lifesavingsociety.com\/lifeguarding\/bronze-cross.aspx\" target=\"_blank\" rel=\"noreferrer noopener\">Croix de bronze<\/a>\u00a0<\/li><li><a href=\"https:\/\/www.lifesavingsociety.com\/lifeguarding\/national-lifeguard.aspx\" target=\"_blank\" rel=\"noreferrer noopener\">Sauveteur national<\/a>\u00a0<\/li><\/ol>\t\t\t\t\t\t\t\t<\/div>\n\t\t\t\t\t<\/div>\n\t\t\t\t<\/div>\n\t\t\t\t<\/div>\n\t\t","protected":false},"excerpt":{"rendered":"<p>Vous voulez devenir sauveteur? Inscrivez-vous \u00e0 nos cours pour acqu\u00e9rir l\u2019exp\u00e9rience et les certificats n\u00e9cessaires. Pour plus de renseignements, veuillez appeler le Centre communautaire et r\u00e9cr\u00e9atif au\u00a0705-753-0160\u00a0ou par courriel \u00e0\u00a0sfurchner@westnipissing.ca. [&hellip;]<\/p>\n","protected":false},"author":4,"featured_media":53754,"parent":769,"menu_order":0,"comment_status":"closed","ping_status":"closed","template":"elementor_theme","meta":{"_acf_changed":false,"_searchwp_excluded":"","footnotes":""},"class_list":["post-43958","page","type-page","status-publish","has-post-thumbnail","hentry"],"acf":[],"yoast_head":"<!-- This site is optimized with the Yoast SEO Premium plugin v26.5 (Yoast SEO v27.4) - https:\/\/yoast.com\/product\/yoast-seo-premium-wordpress\/ -->\n<title>Cours de sauvetage - STAGING: West Nipissing Ouest<\/title>\n<meta name=\"robots\" content=\"noindex, follow, max-snippet:-1, max-image-preview:large, max-video-preview:-1\" \/>\n<meta property=\"og:locale\" content=\"fr_FR\" \/>\n<meta property=\"og:type\" content=\"article\" \/>\n<meta property=\"og:title\" content=\"Cours de sauvetage\" \/>\n<meta property=\"og:description\" content=\"Vous voulez devenir sauveteur? Inscrivez-vous \u00e0 nos cours pour acqu\u00e9rir l\u2019exp\u00e9rience et les certificats n\u00e9cessaires. Pour plus de renseignements, veuillez appeler le Centre communautaire et r\u00e9cr\u00e9atif au\u00a0705-753-0160\u00a0ou par courriel \u00e0\u00a0sfurchner@westnipissing.ca. [&hellip;]\" \/>\n<meta property=\"og:url\" content=\"https:\/\/staging.westnipissing.ca\/fr\/culture-loisirs\/piscine-et-sante-physique\/cours-de-sauvetage\/\" \/>\n<meta property=\"og:site_name\" content=\"STAGING: West Nipissing Ouest\" \/>\n<meta property=\"article:publisher\" content=\"https:\/\/www.facebook.com\/MunicipalityofWestNipissing\/\" \/>\n<meta property=\"article:modified_time\" content=\"2025-10-24T19:27:10+00:00\" \/>\n<meta property=\"og:image\" content=\"https:\/\/staging.westnipissing.ca\/wp-content\/uploads\/2025\/09\/Lifeguard-by-pool-with-whistle-scaled.jpeg\" \/>\n\t<meta property=\"og:image:width\" content=\"2560\" \/>\n\t<meta property=\"og:image:height\" content=\"1557\" \/>\n\t<meta property=\"og:image:type\" content=\"image\/jpeg\" \/>\n<meta name=\"twitter:card\" content=\"summary_large_image\" \/>\n<meta name=\"twitter:site\" content=\"@West_Nipissing\" \/>\n<meta name=\"twitter:label1\" content=\"Dur\u00e9e de lecture estim\u00e9e\" \/>\n\t<meta name=\"twitter:data1\" content=\"1 minute\" \/>\n<script type=\"application\/ld+json\" class=\"yoast-schema-graph\">{\"@context\":\"https:\\\/\\\/schema.org\",\"@graph\":[{\"@type\":\"WebPage\",\"@id\":\"https:\\\/\\\/staging.westnipissing.ca\\\/fr\\\/culture-loisirs\\\/piscine-et-sante-physique\\\/cours-de-sauvetage\\\/\",\"url\":\"https:\\\/\\\/staging.westnipissing.ca\\\/fr\\\/culture-loisirs\\\/piscine-et-sante-physique\\\/cours-de-sauvetage\\\/\",\"name\":\"Cours de sauvetage - STAGING: West Nipissing Ouest\",\"isPartOf\":{\"@id\":\"https:\\\/\\\/staging.westnipissing.ca\\\/fr\\\/#website\"},\"primaryImageOfPage\":{\"@id\":\"https:\\\/\\\/staging.westnipissing.ca\\\/fr\\\/culture-loisirs\\\/piscine-et-sante-physique\\\/cours-de-sauvetage\\\/#primaryimage\"},\"image\":{\"@id\":\"https:\\\/\\\/staging.westnipissing.ca\\\/fr\\\/culture-loisirs\\\/piscine-et-sante-physique\\\/cours-de-sauvetage\\\/#primaryimage\"},\"thumbnailUrl\":\"https:\\\/\\\/staging.westnipissing.ca\\\/wp-content\\\/uploads\\\/2025\\\/09\\\/Lifeguard-by-pool-with-whistle-scaled.jpeg\",\"datePublished\":\"2024-05-01T19:28:57+00:00\",\"dateModified\":\"2025-10-24T19:27:10+00:00\",\"breadcrumb\":{\"@id\":\"https:\\\/\\\/staging.westnipissing.ca\\\/fr\\\/culture-loisirs\\\/piscine-et-sante-physique\\\/cours-de-sauvetage\\\/#breadcrumb\"},\"inLanguage\":\"fr-FR\",\"potentialAction\":[{\"@type\":\"ReadAction\",\"target\":[\"https:\\\/\\\/staging.westnipissing.ca\\\/fr\\\/culture-loisirs\\\/piscine-et-sante-physique\\\/cours-de-sauvetage\\\/\"]}]},{\"@type\":\"ImageObject\",\"inLanguage\":\"fr-FR\",\"@id\":\"https:\\\/\\\/staging.westnipissing.ca\\\/fr\\\/culture-loisirs\\\/piscine-et-sante-physique\\\/cours-de-sauvetage\\\/#primaryimage\",\"url\":\"https:\\\/\\\/staging.westnipissing.ca\\\/wp-content\\\/uploads\\\/2025\\\/09\\\/Lifeguard-by-pool-with-whistle-scaled.jpeg\",\"contentUrl\":\"https:\\\/\\\/staging.westnipissing.ca\\\/wp-content\\\/uploads\\\/2025\\\/09\\\/Lifeguard-by-pool-with-whistle-scaled.jpeg\",\"width\":2560,\"height\":1557,\"caption\":\"Hands, lifeguard and whistle by swimming pool for water safety, security or ready for rescue indoors. Hand of expert swimmer holding signal tool for warning, safe swim or responsibility for awareness.\"},{\"@type\":\"BreadcrumbList\",\"@id\":\"https:\\\/\\\/staging.westnipissing.ca\\\/fr\\\/culture-loisirs\\\/piscine-et-sante-physique\\\/cours-de-sauvetage\\\/#breadcrumb\",\"itemListElement\":[{\"@type\":\"ListItem\",\"position\":1,\"name\":\"Home\",\"item\":\"https:\\\/\\\/staging.westnipissing.ca\\\/fr\\\/\"},{\"@type\":\"ListItem\",\"position\":2,\"name\":\"Culture et loisirs\",\"item\":\"https:\\\/\\\/staging.westnipissing.ca\\\/fr\\\/culture-loisirs\\\/\"},{\"@type\":\"ListItem\",\"position\":3,\"name\":\"Piscine et sant\u00e9 physique\",\"item\":\"https:\\\/\\\/staging.westnipissing.ca\\\/fr\\\/culture-loisirs\\\/piscine-et-sante-physique\\\/\"},{\"@type\":\"ListItem\",\"position\":4,\"name\":\"Cours de sauvetage\"}]},{\"@type\":\"WebSite\",\"@id\":\"https:\\\/\\\/staging.westnipissing.ca\\\/fr\\\/#website\",\"url\":\"https:\\\/\\\/staging.westnipissing.ca\\\/fr\\\/\",\"name\":\"West Nipissing Ouest\",\"description\":\"Find your Joie de vivre in West Nipissing.\",\"publisher\":{\"@id\":\"https:\\\/\\\/staging.westnipissing.ca\\\/fr\\\/#organization\"},\"potentialAction\":[{\"@type\":\"SearchAction\",\"target\":{\"@type\":\"EntryPoint\",\"urlTemplate\":\"https:\\\/\\\/staging.westnipissing.ca\\\/fr\\\/?s={search_term_string}\"},\"query-input\":{\"@type\":\"PropertyValueSpecification\",\"valueRequired\":true,\"valueName\":\"search_term_string\"}}],\"inLanguage\":\"fr-FR\"},{\"@type\":\"Organization\",\"@id\":\"https:\\\/\\\/staging.westnipissing.ca\\\/fr\\\/#organization\",\"name\":\"West Nipissing Ouest\",\"url\":\"https:\\\/\\\/staging.westnipissing.ca\\\/fr\\\/\",\"logo\":{\"@type\":\"ImageObject\",\"inLanguage\":\"fr-FR\",\"@id\":\"https:\\\/\\\/staging.westnipissing.ca\\\/fr\\\/#\\\/schema\\\/logo\\\/image\\\/\",\"url\":\"https:\\\/\\\/staging.westnipissing.ca\\\/wp-content\\\/uploads\\\/2024\\\/04\\\/site-logo.png\",\"contentUrl\":\"https:\\\/\\\/staging.westnipissing.ca\\\/wp-content\\\/uploads\\\/2024\\\/04\\\/site-logo.png\",\"width\":700,\"height\":225,\"caption\":\"West Nipissing Ouest\"},\"image\":{\"@id\":\"https:\\\/\\\/staging.westnipissing.ca\\\/fr\\\/#\\\/schema\\\/logo\\\/image\\\/\"},\"sameAs\":[\"https:\\\/\\\/www.facebook.com\\\/MunicipalityofWestNipissing\\\/\",\"https:\\\/\\\/x.com\\\/West_Nipissing\",\"https:\\\/\\\/www.youtube.com\\\/channel\\\/UCG6HWMXnA-RBiH-UdZVClHg\"]}]}<\/script>\n<!-- \/ Yoast SEO Premium plugin. -->","yoast_head_json":{"title":"Cours de sauvetage - STAGING: West Nipissing Ouest","robots":{"index":"noindex","follow":"follow","max-snippet":"max-snippet:-1","max-image-preview":"max-image-preview:large","max-video-preview":"max-video-preview:-1"},"og_locale":"fr_FR","og_type":"article","og_title":"Cours de sauvetage","og_description":"Vous voulez devenir sauveteur? Inscrivez-vous \u00e0 nos cours pour acqu\u00e9rir l\u2019exp\u00e9rience et les certificats n\u00e9cessaires. Pour plus de renseignements, veuillez appeler le Centre communautaire et r\u00e9cr\u00e9atif au\u00a0705-753-0160\u00a0ou par courriel \u00e0\u00a0sfurchner@westnipissing.ca. [&hellip;]","og_url":"https:\/\/staging.westnipissing.ca\/fr\/culture-loisirs\/piscine-et-sante-physique\/cours-de-sauvetage\/","og_site_name":"STAGING: West Nipissing Ouest","article_publisher":"https:\/\/www.facebook.com\/MunicipalityofWestNipissing\/","article_modified_time":"2025-10-24T19:27:10+00:00","og_image":[{"width":2560,"height":1557,"url":"https:\/\/staging.westnipissing.ca\/wp-content\/uploads\/2025\/09\/Lifeguard-by-pool-with-whistle-scaled.jpeg","type":"image\/jpeg"}],"twitter_card":"summary_large_image","twitter_site":"@West_Nipissing","twitter_misc":{"Dur\u00e9e de lecture estim\u00e9e":"1 minute"},"schema":{"@context":"https:\/\/schema.org","@graph":[{"@type":"WebPage","@id":"https:\/\/staging.westnipissing.ca\/fr\/culture-loisirs\/piscine-et-sante-physique\/cours-de-sauvetage\/","url":"https:\/\/staging.westnipissing.ca\/fr\/culture-loisirs\/piscine-et-sante-physique\/cours-de-sauvetage\/","name":"Cours de sauvetage - STAGING: West Nipissing Ouest","isPartOf":{"@id":"https:\/\/staging.westnipissing.ca\/fr\/#website"},"primaryImageOfPage":{"@id":"https:\/\/staging.westnipissing.ca\/fr\/culture-loisirs\/piscine-et-sante-physique\/cours-de-sauvetage\/#primaryimage"},"image":{"@id":"https:\/\/staging.westnipissing.ca\/fr\/culture-loisirs\/piscine-et-sante-physique\/cours-de-sauvetage\/#primaryimage"},"thumbnailUrl":"https:\/\/staging.westnipissing.ca\/wp-content\/uploads\/2025\/09\/Lifeguard-by-pool-with-whistle-scaled.jpeg","datePublished":"2024-05-01T19:28:57+00:00","dateModified":"2025-10-24T19:27:10+00:00","breadcrumb":{"@id":"https:\/\/staging.westnipissing.ca\/fr\/culture-loisirs\/piscine-et-sante-physique\/cours-de-sauvetage\/#breadcrumb"},"inLanguage":"fr-FR","potentialAction":[{"@type":"ReadAction","target":["https:\/\/staging.westnipissing.ca\/fr\/culture-loisirs\/piscine-et-sante-physique\/cours-de-sauvetage\/"]}]},{"@type":"ImageObject","inLanguage":"fr-FR","@id":"https:\/\/staging.westnipissing.ca\/fr\/culture-loisirs\/piscine-et-sante-physique\/cours-de-sauvetage\/#primaryimage","url":"https:\/\/staging.westnipissing.ca\/wp-content\/uploads\/2025\/09\/Lifeguard-by-pool-with-whistle-scaled.jpeg","contentUrl":"https:\/\/staging.westnipissing.ca\/wp-content\/uploads\/2025\/09\/Lifeguard-by-pool-with-whistle-scaled.jpeg","width":2560,"height":1557,"caption":"Hands, lifeguard and whistle by swimming pool for water safety, security or ready for rescue indoors. Hand of expert swimmer holding signal tool for warning, safe swim or responsibility for awareness."},{"@type":"BreadcrumbList","@id":"https:\/\/staging.westnipissing.ca\/fr\/culture-loisirs\/piscine-et-sante-physique\/cours-de-sauvetage\/#breadcrumb","itemListElement":[{"@type":"ListItem","position":1,"name":"Home","item":"https:\/\/staging.westnipissing.ca\/fr\/"},{"@type":"ListItem","position":2,"name":"Culture et loisirs","item":"https:\/\/staging.westnipissing.ca\/fr\/culture-loisirs\/"},{"@type":"ListItem","position":3,"name":"Piscine et sant\u00e9 physique","item":"https:\/\/staging.westnipissing.ca\/fr\/culture-loisirs\/piscine-et-sante-physique\/"},{"@type":"ListItem","position":4,"name":"Cours de sauvetage"}]},{"@type":"WebSite","@id":"https:\/\/staging.westnipissing.ca\/fr\/#website","url":"https:\/\/staging.westnipissing.ca\/fr\/","name":"West Nipissing Ouest","description":"Find your Joie de vivre in West Nipissing.","publisher":{"@id":"https:\/\/staging.westnipissing.ca\/fr\/#organization"},"potentialAction":[{"@type":"SearchAction","target":{"@type":"EntryPoint","urlTemplate":"https:\/\/staging.westnipissing.ca\/fr\/?s={search_term_string}"},"query-input":{"@type":"PropertyValueSpecification","valueRequired":true,"valueName":"search_term_string"}}],"inLanguage":"fr-FR"},{"@type":"Organization","@id":"https:\/\/staging.westnipissing.ca\/fr\/#organization","name":"West Nipissing Ouest","url":"https:\/\/staging.westnipissing.ca\/fr\/","logo":{"@type":"ImageObject","inLanguage":"fr-FR","@id":"https:\/\/staging.westnipissing.ca\/fr\/#\/schema\/logo\/image\/","url":"https:\/\/staging.westnipissing.ca\/wp-content\/uploads\/2024\/04\/site-logo.png","contentUrl":"https:\/\/staging.westnipissing.ca\/wp-content\/uploads\/2024\/04\/site-logo.png","width":700,"height":225,"caption":"West Nipissing Ouest"},"image":{"@id":"https:\/\/staging.westnipissing.ca\/fr\/#\/schema\/logo\/image\/"},"sameAs":["https:\/\/www.facebook.com\/MunicipalityofWestNipissing\/","https:\/\/x.com\/West_Nipissing","https:\/\/www.youtube.com\/channel\/UCG6HWMXnA-RBiH-UdZVClHg"]}]}},"_links":{"self":[{"href":"https:\/\/staging.westnipissing.ca\/fr\/wp-json\/wp\/v2\/pages\/43958","targetHints":{"allow":["GET"]}}],"collection":[{"href":"https:\/\/staging.westnipissing.ca\/fr\/wp-json\/wp\/v2\/pages"}],"about":[{"href":"https:\/\/staging.westnipissing.ca\/fr\/wp-json\/wp\/v2\/types\/page"}],"author":[{"embeddable":true,"href":"https:\/\/staging.westnipissing.ca\/fr\/wp-json\/wp\/v2\/users\/4"}],"replies":[{"embeddable":true,"href":"https:\/\/staging.westnipissing.ca\/fr\/wp-json\/wp\/v2\/comments?post=43958"}],"version-history":[{"count":0,"href":"https:\/\/staging.westnipissing.ca\/fr\/wp-json\/wp\/v2\/pages\/43958\/revisions"}],"up":[{"embeddable":true,"href":"https:\/\/staging.westnipissing.ca\/fr\/wp-json\/wp\/v2\/pages\/769"}],"wp:featuredmedia":[{"embeddable":true,"href":"https:\/\/staging.westnipissing.ca\/fr\/wp-json\/wp\/v2\/media\/53754"}],"wp:attachment":[{"href":"https:\/\/staging.westnipissing.ca\/fr\/wp-json\/wp\/v2\/media?parent=43958"}],"curies":[{"name":"wp","href":"https:\/\/api.w.org\/{rel}","templated":true}]}}