{"id":45641,"date":"2023-08-02T16:05:28","date_gmt":"2023-08-02T20:05:28","guid":{"rendered":"https:\/\/staging.westnipissing.ca\/?page_id=45641"},"modified":"2025-11-13T12:05:01","modified_gmt":"2025-11-13T17:05:01","slug":"delegations","status":"publish","type":"page","link":"https:\/\/staging.westnipissing.ca\/fr\/bureau-municipal\/conseil-municipal\/delegations\/","title":{"rendered":"D\u00e9l\u00e9gations"},"content":{"rendered":"\t\t<div data-elementor-type=\"wp-page\" data-elementor-id=\"45641\" class=\"elementor elementor-45641 elementor-41472\" data-elementor-post-type=\"page\">\n\t\t\t\t<div class=\"elementor-element elementor-element-36e1c98 e-flex e-con-boxed e-con e-parent\" data-id=\"36e1c98\" data-element_type=\"container\" data-e-type=\"container\">\n\t\t\t\t\t<div class=\"e-con-inner\">\n\t\t<div class=\"elementor-element elementor-element-21031a5 e-con-full e-flex e-con e-child\" data-id=\"21031a5\" data-element_type=\"container\" data-e-type=\"container\">\n\t\t\t\t<div class=\"elementor-element elementor-element-7ea002a elementor-widget elementor-widget-text-editor\" data-id=\"7ea002a\" data-element_type=\"widget\" data-e-type=\"widget\" data-widget_type=\"text-editor.default\">\n\t\t\t\t\t\t\t\t\t<h2 id=\"h-qu-est-ce-qu-une-delegation\" class=\"wp-block-heading\">Qu\u2019est-ce qu\u2019une d\u00e9l\u00e9gation<\/h2><p>Les d\u00e9l\u00e9gations au Conseil sont soumises aux dispositions de l\u2019article 13 du R\u00e8glement de proc\u00e9dure 2023-27 de Nipissing Ouest. Une d\u00e9l\u00e9gation au Conseil est g\u00e9n\u00e9ralement faite par un individu, un groupe ou une organisation qui souhaite partager des informations avec le Conseil qui peuvent \u00eatre d\u2019int\u00e9r\u00eat pour la communaut\u00e9 dans son ensemble. Des d\u00e9l\u00e9gations sont \u00e9galement faites par des groupes ou des organismes sollicitant l\u2019aide du Conseil.<\/p><h2 id=\"h-a-propos-du-processus-nbsp\" class=\"wp-block-heading\">\u00c0 propos du processus\u00a0<\/h2><p>Pour faire une pr\u00e9sentation, vous devez soumettre une\u00a0<a href=\"#Formulaire\">Demande de d\u00e9l\u00e9gation<\/a>\u00a0au bureau de la Greffi\u00e8re municipale. Votre formulaire compl\u00e9t\u00e9 doit \u00eatre soumis au moins 10 jours avant la date de r\u00e9union demand\u00e9e.<\/p><p>M\u00eame quand une date pr\u00e9cise est implor\u00e9e, les d\u00e9l\u00e9gations sont sujettes \u00e0 l\u2019approbation et sont plac\u00e9es en fonction des dates de r\u00e9union disponibles. Si la date demand\u00e9e n\u2019est pas disponible, le bureau de la Greffi\u00e8re vous contactera pour vous aviser d\u2019une autre date convenable.<\/p><p>Les pr\u00e9sentations sont limit\u00e9es \u00e0 un maximum de 15 minutes et peuvent avoir lieu en personne ou virtuellement via la plateforme Zoom. Toutes les s\u00e9ances du conseil sont enregistr\u00e9es et diffus\u00e9es en direct sur le r\u00e9seau YouTube de la Municipalit\u00e9.<\/p>\t\t\t\t\t\t\t\t<\/div>\n\t\t\t\t<\/div>\n\t\t<div class=\"elementor-element elementor-element-2c57b60 e-con-full e-flex e-con e-child\" data-id=\"2c57b60\" data-element_type=\"container\" data-e-type=\"container\">\n\t\t\t\t<div class=\"elementor-element elementor-element-f873c98 elementor-widget elementor-widget-text-editor\" data-id=\"f873c98\" data-element_type=\"widget\" data-e-type=\"widget\" data-widget_type=\"text-editor.default\">\n\t\t\t\t\t\t\t\t\t<h2 class=\"wp-block-heading\">R\u00e9unions du Conseil<\/h2><p>Le conseil se r\u00e9unit tous les premier et troisi\u00e8me mardis du mois (horaire variable en juillet et ao\u00fbt).<\/p><h2 id=\"h-temps-et-lieux\" class=\"wp-block-heading\">Temps et lieux<\/h2><p>Les r\u00e9unions commencent \u00e0 18h30 et se tiennent dans la salle du Conseil au Bureau municipal \u00e0 225, rue Holditch, Sturgeon Falls, \u00e0 moins d\u2019indication contraire.<\/p>\t\t\t\t\t\t\t\t<\/div>\n\t\t\t\t<div class=\"elementor-element elementor-element-22f2e2f elementor-widget elementor-widget-google_maps\" data-id=\"22f2e2f\" data-element_type=\"widget\" data-e-type=\"widget\" data-widget_type=\"google_maps.default\">\n\t\t\t\t\t\t\t<div class=\"elementor-custom-embed\">\n\t\t\t<iframe loading=\"lazy\"\n\t\t\t\t\tsrc=\"https:\/\/maps.google.com\/maps?q=Municipality%20of%20West%20Nipissing%20-%20Municipalit%C3%A9%20de%20Nipissing%20Ouest%20225%20Holditch%20St%2C%20Sturgeon%20Falls%2C%20ON%20P2B%201T1&#038;t=m&#038;z=17&#038;output=embed&#038;iwloc=near\"\n\t\t\t\t\ttitle=\"Municipality of West Nipissing - Municipalit\u00e9 de Nipissing Ouest 225 Holditch St, Sturgeon Falls, ON P2B 1T1\"\n\t\t\t\t\taria-label=\"Municipality of West Nipissing - Municipalit\u00e9 de Nipissing Ouest 225 Holditch St, Sturgeon Falls, ON P2B 1T1\"\n\t\t\t><\/iframe>\n\t\t<\/div>\n\t\t\t\t\t\t<\/div>\n\t\t\t\t<\/div>\n\t\t\t\t\t<\/div>\n\t\t\t\t<\/div>\n\t\t<div class=\"elementor-element elementor-element-b3be7a2 e-con-full e-flex e-con e-child\" data-id=\"b3be7a2\" data-element_type=\"container\" data-e-type=\"container\" data-settings=\"{&quot;background_background&quot;:&quot;gradient&quot;}\">\n\t\t\t\t<div class=\"elementor-element elementor-element-5d2c886 elementor-widget elementor-widget-heading\" data-id=\"5d2c886\" data-element_type=\"widget\" data-e-type=\"widget\" data-widget_type=\"heading.default\">\n\t\t\t\t\t<h2 class=\"elementor-heading-title elementor-size-default\">Conseils pour les pr\u00e9sentateurs<\/h2>\t\t\t\t<\/div>\n\t\t\t\t<\/div>\n\t\t<div class=\"elementor-element elementor-element-3615ecb e-flex e-con-boxed e-con e-parent\" data-id=\"3615ecb\" data-element_type=\"container\" data-e-type=\"container\">\n\t\t\t\t\t<div class=\"e-con-inner\">\n\t\t<div class=\"elementor-element elementor-element-52d2037 e-con-full e-flex e-con e-child\" data-id=\"52d2037\" data-element_type=\"container\" data-e-type=\"container\">\n\t\t\t\t<div class=\"elementor-element elementor-element-cc9970c elementor-widget elementor-widget-text-editor\" data-id=\"cc9970c\" data-element_type=\"widget\" data-e-type=\"widget\" data-widget_type=\"text-editor.default\">\n\t\t\t\t\t\t\t\t\t<h2 id=\"h-avant-la-delegation\" class=\"wp-block-heading\">Avant la d\u00e9l\u00e9gation<\/h2><p><strong>Remplir et soumettre le formulaire de demande<\/strong>.<br \/>Vous devez soumettre une <a href=\"#Formulaire\">Demande de d\u00e9l\u00e9gation<\/a> \u00e0 la greffi\u00e8re municipale au plus tard \u00e0 16 h, trois jours avant la date de pr\u00e9paration de l\u2019ordre du jour (g\u00e9n\u00e9ralement le jeudi pr\u00e9c\u00e9dant la r\u00e9union). Un membre du service du greffe vous donnera les d\u00e9tails de votre demande.<\/p><p><strong>Fournir vos informations au bureau de la Greffi\u00e8re<\/strong>.<br \/>Fournissez une copie de votre pr\u00e9sentation \u00e0 la greffi\u00e8re municipale soit avant la r\u00e9union, soit au moins 15 minutes avant le d\u00e9but de la r\u00e9union. Si vous fournissez une pr\u00e9sentation Powerpoint ou des supports visuels, veuillez en envoyer une copie par courrier \u00e9lectronique au greffier municipal au plus tard le mardi matin pr\u00e9c\u00e9dant la r\u00e9union, afin qu\u2019elle soit pr\u00eate \u00e0 votre arriv\u00e9e \u00e0 la r\u00e9union.<\/p><p>Veuillez vous adresser \u00e0 un des contacts suivants :<\/p><div class=\"wp-block-columns is-layout-flex wp-container-core-columns-is-layout-9d6595d7 wp-block-columns-is-layout-flex\"><div class=\"wp-block-column is-layout-flow wp-block-column-is-layout-flow\"><p><strong>Melanie Ducharme, Greffi\u00e8re municipale<\/strong><br \/><a href=\"mailto:mducharme@westnipissing.ca\">mducharme@westnipissing.ca<\/a>\u00a0\u00a0<\/p><\/div><div class=\"wp-block-column is-layout-flow wp-block-column-is-layout-flow\"><p><strong>Hollie Girouard, Greffi\u00e8re adjointe<\/strong><br \/><a href=\"mailto:hgirouard@westnipissing.ca\">hgirouard@westnipissing.ca<\/a><\/p><\/div><\/div><h2 id=\"h-pendant-la-delegation\" class=\"wp-block-heading\">Pendant la d\u00e9l\u00e9gation<\/h2><p><strong>Soyez conscient du\u00a0temps.<\/strong><br \/>Les d\u00e9l\u00e9gations sont limit\u00e9es \u00e0 un maximum de 15 minutes.<\/p><p><strong>Parlez en vous adressant \u00e0 la personne qui pr\u00e9side.<\/strong><br \/>Lorsque vous vous adressez au Conseil ou r\u00e9pondez \u00e0 une question, parlez toujours \u00ab par l\u2019interm\u00e9diaire du pr\u00e9sident \u00bb. Cela maintient l\u2019ordre dans la r\u00e9union. Maire Rochon, Madame la Maire\/Mairesse ou Votre Honneur, sont des termes acceptables.<\/p>\t\t\t\t\t\t\t\t<\/div>\n\t\t\t\t<\/div>\n\t\t<div class=\"elementor-element elementor-element-4784eed e-con-full e-flex e-con e-child\" data-id=\"4784eed\" data-element_type=\"container\" data-e-type=\"container\">\n\t\t\t\t<div class=\"elementor-element elementor-element-93f3d2a elementor-widget elementor-widget-text-editor\" data-id=\"93f3d2a\" data-element_type=\"widget\" data-e-type=\"widget\" data-widget_type=\"text-editor.default\">\n\t\t\t\t\t\t\t\t\t<h2 class=\"wp-block-heading\">Nous sommes ici pour aider<\/h2><p>Pour toute autre question concernant votre pr\u00e9sentation au Conseil, veuillez communiquer avec le bureau de la Greffi\u00e8re au\u00a0<a href=\"tel:705-753-6907\">705-753-6907<\/a>\u00a0ou\u00a0<a href=\"tel: 705-753-6926\">705-753-6926<\/a>.<\/p><p>Veuillez voir le formulaire de demande ci-dessous, ou utiliser la version imprimable: <a href=\"https:\/\/staging.westnipissing.ca\/wp-content\/uploads\/2025\/11\/2025-Delegation-Request-Form-FR.pdf\">Formulaire de d\u00e9l\u00e9gation (pdf)<\/a>.\u00a0<\/p>\t\t\t\t\t\t\t\t<\/div>\n\t\t\t\t<\/div>\n\t\t\t\t\t<\/div>\n\t\t\t\t<\/div>\n\t\t<div class=\"elementor-element elementor-element-429515b e-con-full e-flex e-con e-child\" data-id=\"429515b\" data-element_type=\"container\" data-e-type=\"container\" data-settings=\"{&quot;background_background&quot;:&quot;gradient&quot;}\">\n\t\t\t\t<div class=\"elementor-element elementor-element-c14fee3 elementor-widget elementor-widget-heading\" data-id=\"c14fee3\" data-element_type=\"widget\" data-e-type=\"widget\" data-widget_type=\"heading.default\">\n\t\t\t\t\t<h2 class=\"elementor-heading-title elementor-size-default\">Formulaire de demande<\/h2>\t\t\t\t<\/div>\n\t\t\t\t<div class=\"elementor-element elementor-element-d101e1f elementor-widget elementor-widget-menu-anchor\" data-id=\"d101e1f\" data-element_type=\"widget\" data-e-type=\"widget\" data-widget_type=\"menu-anchor.default\">\n\t\t\t\t\t\t\t<div class=\"elementor-menu-anchor\" id=\"Formulaire\"><\/div>\n\t\t\t\t\t\t<\/div>\n\t\t\t\t<\/div>\n\t\t<div class=\"elementor-element elementor-element-aa132c9 e-flex e-con-boxed e-con e-parent\" data-id=\"aa132c9\" data-element_type=\"container\" data-e-type=\"container\">\n\t\t\t\t\t<div class=\"e-con-inner\">\n\t\t\t\t<div class=\"elementor-element elementor-element-cd79a73 elementor-widget elementor-widget-shortcode\" data-id=\"cd79a73\" data-element_type=\"widget\" data-e-type=\"widget\" data-widget_type=\"shortcode.default\">\n\t\t\t\t\t\t\t<div class=\"elementor-shortcode\">[gravityform id=\"78\" title=\"false\"]<\/div>\n\t\t\t\t\t\t<\/div>\n\t\t\t\t\t<\/div>\n\t\t\t\t<\/div>\n\t\t<div class=\"elementor-element elementor-element-4286526 e-flex e-con-boxed e-con e-parent\" data-id=\"4286526\" data-element_type=\"container\" data-e-type=\"container\">\n\t\t\t\t\t<div class=\"e-con-inner\">\n\t\t\t\t<div class=\"elementor-element elementor-element-bf24b0c elementor-widget elementor-widget-text-editor\" data-id=\"bf24b0c\" data-element_type=\"widget\" data-e-type=\"widget\" data-widget_type=\"text-editor.default\">\n\t\t\t\t\t\t\t\t\t<p>Avis\u00a0: les d\u00e9l\u00e9gations sont enregistr\u00e9es en format vid\u00e9o et audio dans le cadre des r\u00e9unions du Conseil et font l&#8217;objet d&#8217;une diffusion m\u00e9diatique. Les renseignements personnels inscrits sur ce formulaire seront utilis\u00e9s dans le but d&#8217;envoyer de la correspondance relative aux questions port\u00e9es devant le Conseil et le comit\u00e9 pl\u00e9nier. Votre nom, vos coordonn\u00e9es, vos commentaires et tout autre renseignement personnel sont recueillis et conserv\u00e9s dans le but de cr\u00e9er un rapport accessible au grand public conform\u00e9ment \u00e0 l&#8217;article 27 de la Loi sur l&#8217;acc\u00e8s \u00e0 l&#8217;information municipale et la protection de la vie priv\u00e9e, L.R.O. 1990, C.M 56, telle que modifi\u00e9e.<\/p><p>Disclaimer: Delegations are recorded in video and audio format as part of Council meetings and are subject to media broadcast. Personal information on this form will be used for the purpose of sending correspondence relating to matters before Council and Committee of the Whole. Your name, contact information, comments, and any other personal information, is collected and maintained for the purpose of creating a report that is available to the general public pursuant to Section 27 of the Municipal Freedom of Information and Protection of Privacy Act, R.S.O. 1990, C.M 56, as amended.<\/p>\t\t\t\t\t\t\t\t<\/div>\n\t\t\t\t\t<\/div>\n\t\t\t\t<\/div>\n\t\t\t\t<\/div>\n\t\t","protected":false},"excerpt":{"rendered":"<p>Qu\u2019est-ce qu\u2019une d\u00e9l\u00e9gation Les d\u00e9l\u00e9gations au Conseil sont soumises aux dispositions de l\u2019article 13 du R\u00e8glement de proc\u00e9dure 2023-27 de Nipissing Ouest. Une d\u00e9l\u00e9gation au Conseil est g\u00e9n\u00e9ralement faite par [&hellip;]<\/p>\n","protected":false},"author":3,"featured_media":54316,"parent":822,"menu_order":0,"comment_status":"closed","ping_status":"closed","template":"elementor_theme","meta":{"_acf_changed":false,"_searchwp_excluded":"","footnotes":""},"class_list":["post-45641","page","type-page","status-publish","has-post-thumbnail","hentry"],"acf":[],"yoast_head":"<!-- This site is optimized with the Yoast SEO Premium plugin v26.5 (Yoast SEO v27.4) - https:\/\/yoast.com\/product\/yoast-seo-premium-wordpress\/ -->\n<title>D\u00e9l\u00e9gations - STAGING: West Nipissing Ouest<\/title>\n<meta name=\"robots\" content=\"noindex, follow, max-snippet:-1, max-image-preview:large, max-video-preview:-1\" \/>\n<meta property=\"og:locale\" content=\"fr_FR\" \/>\n<meta property=\"og:type\" content=\"article\" \/>\n<meta property=\"og:title\" content=\"D\u00e9l\u00e9gations\" \/>\n<meta property=\"og:description\" content=\"Qu\u2019est-ce qu\u2019une d\u00e9l\u00e9gation Les d\u00e9l\u00e9gations au Conseil sont soumises aux dispositions de l\u2019article 13 du R\u00e8glement de proc\u00e9dure 2023-27 de Nipissing Ouest. Une d\u00e9l\u00e9gation au Conseil est g\u00e9n\u00e9ralement faite par [&hellip;]\" \/>\n<meta property=\"og:url\" content=\"https:\/\/staging.westnipissing.ca\/fr\/bureau-municipal\/conseil-municipal\/delegations\/\" \/>\n<meta property=\"og:site_name\" content=\"STAGING: West Nipissing Ouest\" \/>\n<meta property=\"article:publisher\" content=\"https:\/\/www.facebook.com\/MunicipalityofWestNipissing\/\" \/>\n<meta property=\"article:modified_time\" content=\"2025-11-13T17:05:01+00:00\" \/>\n<meta property=\"og:image\" content=\"https:\/\/staging.westnipissing.ca\/wp-content\/uploads\/2025\/10\/Podium-Delegations.jpg\" \/>\n\t<meta property=\"og:image:width\" content=\"1400\" \/>\n\t<meta property=\"og:image:height\" content=\"933\" \/>\n\t<meta property=\"og:image:type\" content=\"image\/jpeg\" \/>\n<meta name=\"twitter:card\" content=\"summary_large_image\" \/>\n<meta name=\"twitter:site\" content=\"@West_Nipissing\" \/>\n<meta name=\"twitter:label1\" content=\"Dur\u00e9e de lecture estim\u00e9e\" \/>\n\t<meta name=\"twitter:data1\" content=\"6 minutes\" \/>\n<script type=\"application\/ld+json\" class=\"yoast-schema-graph\">{\"@context\":\"https:\\\/\\\/schema.org\",\"@graph\":[{\"@type\":\"WebPage\",\"@id\":\"https:\\\/\\\/staging.westnipissing.ca\\\/fr\\\/bureau-municipal\\\/conseil-municipal\\\/delegations\\\/\",\"url\":\"https:\\\/\\\/staging.westnipissing.ca\\\/fr\\\/bureau-municipal\\\/conseil-municipal\\\/delegations\\\/\",\"name\":\"D\u00e9l\u00e9gations - STAGING: West Nipissing Ouest\",\"isPartOf\":{\"@id\":\"https:\\\/\\\/staging.westnipissing.ca\\\/fr\\\/#website\"},\"primaryImageOfPage\":{\"@id\":\"https:\\\/\\\/staging.westnipissing.ca\\\/fr\\\/bureau-municipal\\\/conseil-municipal\\\/delegations\\\/#primaryimage\"},\"image\":{\"@id\":\"https:\\\/\\\/staging.westnipissing.ca\\\/fr\\\/bureau-municipal\\\/conseil-municipal\\\/delegations\\\/#primaryimage\"},\"thumbnailUrl\":\"https:\\\/\\\/staging.westnipissing.ca\\\/wp-content\\\/uploads\\\/2025\\\/10\\\/Podium-Delegations.jpg\",\"datePublished\":\"2023-08-02T20:05:28+00:00\",\"dateModified\":\"2025-11-13T17:05:01+00:00\",\"breadcrumb\":{\"@id\":\"https:\\\/\\\/staging.westnipissing.ca\\\/fr\\\/bureau-municipal\\\/conseil-municipal\\\/delegations\\\/#breadcrumb\"},\"inLanguage\":\"fr-FR\",\"potentialAction\":[{\"@type\":\"ReadAction\",\"target\":[\"https:\\\/\\\/staging.westnipissing.ca\\\/fr\\\/bureau-municipal\\\/conseil-municipal\\\/delegations\\\/\"]}]},{\"@type\":\"ImageObject\",\"inLanguage\":\"fr-FR\",\"@id\":\"https:\\\/\\\/staging.westnipissing.ca\\\/fr\\\/bureau-municipal\\\/conseil-municipal\\\/delegations\\\/#primaryimage\",\"url\":\"https:\\\/\\\/staging.westnipissing.ca\\\/wp-content\\\/uploads\\\/2025\\\/10\\\/Podium-Delegations.jpg\",\"contentUrl\":\"https:\\\/\\\/staging.westnipissing.ca\\\/wp-content\\\/uploads\\\/2025\\\/10\\\/Podium-Delegations.jpg\",\"width\":1400,\"height\":933,\"caption\":\"Request a delegation\"},{\"@type\":\"BreadcrumbList\",\"@id\":\"https:\\\/\\\/staging.westnipissing.ca\\\/fr\\\/bureau-municipal\\\/conseil-municipal\\\/delegations\\\/#breadcrumb\",\"itemListElement\":[{\"@type\":\"ListItem\",\"position\":1,\"name\":\"Home\",\"item\":\"https:\\\/\\\/staging.westnipissing.ca\\\/fr\\\/\"},{\"@type\":\"ListItem\",\"position\":2,\"name\":\"Bureau Municipal\",\"item\":\"https:\\\/\\\/staging.westnipissing.ca\\\/fr\\\/bureau-municipal\\\/\"},{\"@type\":\"ListItem\",\"position\":3,\"name\":\"Conseil municipal\",\"item\":\"https:\\\/\\\/staging.westnipissing.ca\\\/fr\\\/bureau-municipal\\\/conseil-municipal\\\/\"},{\"@type\":\"ListItem\",\"position\":4,\"name\":\"D\u00e9l\u00e9gations\"}]},{\"@type\":\"WebSite\",\"@id\":\"https:\\\/\\\/staging.westnipissing.ca\\\/fr\\\/#website\",\"url\":\"https:\\\/\\\/staging.westnipissing.ca\\\/fr\\\/\",\"name\":\"West Nipissing Ouest\",\"description\":\"Find your Joie de vivre in West Nipissing.\",\"publisher\":{\"@id\":\"https:\\\/\\\/staging.westnipissing.ca\\\/fr\\\/#organization\"},\"potentialAction\":[{\"@type\":\"SearchAction\",\"target\":{\"@type\":\"EntryPoint\",\"urlTemplate\":\"https:\\\/\\\/staging.westnipissing.ca\\\/fr\\\/?s={search_term_string}\"},\"query-input\":{\"@type\":\"PropertyValueSpecification\",\"valueRequired\":true,\"valueName\":\"search_term_string\"}}],\"inLanguage\":\"fr-FR\"},{\"@type\":\"Organization\",\"@id\":\"https:\\\/\\\/staging.westnipissing.ca\\\/fr\\\/#organization\",\"name\":\"West Nipissing Ouest\",\"url\":\"https:\\\/\\\/staging.westnipissing.ca\\\/fr\\\/\",\"logo\":{\"@type\":\"ImageObject\",\"inLanguage\":\"fr-FR\",\"@id\":\"https:\\\/\\\/staging.westnipissing.ca\\\/fr\\\/#\\\/schema\\\/logo\\\/image\\\/\",\"url\":\"https:\\\/\\\/staging.westnipissing.ca\\\/wp-content\\\/uploads\\\/2024\\\/04\\\/site-logo.png\",\"contentUrl\":\"https:\\\/\\\/staging.westnipissing.ca\\\/wp-content\\\/uploads\\\/2024\\\/04\\\/site-logo.png\",\"width\":700,\"height\":225,\"caption\":\"West Nipissing Ouest\"},\"image\":{\"@id\":\"https:\\\/\\\/staging.westnipissing.ca\\\/fr\\\/#\\\/schema\\\/logo\\\/image\\\/\"},\"sameAs\":[\"https:\\\/\\\/www.facebook.com\\\/MunicipalityofWestNipissing\\\/\",\"https:\\\/\\\/x.com\\\/West_Nipissing\",\"https:\\\/\\\/www.youtube.com\\\/channel\\\/UCG6HWMXnA-RBiH-UdZVClHg\"]}]}<\/script>\n<!-- \/ Yoast SEO Premium plugin. -->","yoast_head_json":{"title":"D\u00e9l\u00e9gations - STAGING: West Nipissing Ouest","robots":{"index":"noindex","follow":"follow","max-snippet":"max-snippet:-1","max-image-preview":"max-image-preview:large","max-video-preview":"max-video-preview:-1"},"og_locale":"fr_FR","og_type":"article","og_title":"D\u00e9l\u00e9gations","og_description":"Qu\u2019est-ce qu\u2019une d\u00e9l\u00e9gation Les d\u00e9l\u00e9gations au Conseil sont soumises aux dispositions de l\u2019article 13 du R\u00e8glement de proc\u00e9dure 2023-27 de Nipissing Ouest. Une d\u00e9l\u00e9gation au Conseil est g\u00e9n\u00e9ralement faite par [&hellip;]","og_url":"https:\/\/staging.westnipissing.ca\/fr\/bureau-municipal\/conseil-municipal\/delegations\/","og_site_name":"STAGING: West Nipissing Ouest","article_publisher":"https:\/\/www.facebook.com\/MunicipalityofWestNipissing\/","article_modified_time":"2025-11-13T17:05:01+00:00","og_image":[{"width":1400,"height":933,"url":"https:\/\/staging.westnipissing.ca\/wp-content\/uploads\/2025\/10\/Podium-Delegations.jpg","type":"image\/jpeg"}],"twitter_card":"summary_large_image","twitter_site":"@West_Nipissing","twitter_misc":{"Dur\u00e9e de lecture estim\u00e9e":"6 minutes"},"schema":{"@context":"https:\/\/schema.org","@graph":[{"@type":"WebPage","@id":"https:\/\/staging.westnipissing.ca\/fr\/bureau-municipal\/conseil-municipal\/delegations\/","url":"https:\/\/staging.westnipissing.ca\/fr\/bureau-municipal\/conseil-municipal\/delegations\/","name":"D\u00e9l\u00e9gations - STAGING: West Nipissing Ouest","isPartOf":{"@id":"https:\/\/staging.westnipissing.ca\/fr\/#website"},"primaryImageOfPage":{"@id":"https:\/\/staging.westnipissing.ca\/fr\/bureau-municipal\/conseil-municipal\/delegations\/#primaryimage"},"image":{"@id":"https:\/\/staging.westnipissing.ca\/fr\/bureau-municipal\/conseil-municipal\/delegations\/#primaryimage"},"thumbnailUrl":"https:\/\/staging.westnipissing.ca\/wp-content\/uploads\/2025\/10\/Podium-Delegations.jpg","datePublished":"2023-08-02T20:05:28+00:00","dateModified":"2025-11-13T17:05:01+00:00","breadcrumb":{"@id":"https:\/\/staging.westnipissing.ca\/fr\/bureau-municipal\/conseil-municipal\/delegations\/#breadcrumb"},"inLanguage":"fr-FR","potentialAction":[{"@type":"ReadAction","target":["https:\/\/staging.westnipissing.ca\/fr\/bureau-municipal\/conseil-municipal\/delegations\/"]}]},{"@type":"ImageObject","inLanguage":"fr-FR","@id":"https:\/\/staging.westnipissing.ca\/fr\/bureau-municipal\/conseil-municipal\/delegations\/#primaryimage","url":"https:\/\/staging.westnipissing.ca\/wp-content\/uploads\/2025\/10\/Podium-Delegations.jpg","contentUrl":"https:\/\/staging.westnipissing.ca\/wp-content\/uploads\/2025\/10\/Podium-Delegations.jpg","width":1400,"height":933,"caption":"Request a delegation"},{"@type":"BreadcrumbList","@id":"https:\/\/staging.westnipissing.ca\/fr\/bureau-municipal\/conseil-municipal\/delegations\/#breadcrumb","itemListElement":[{"@type":"ListItem","position":1,"name":"Home","item":"https:\/\/staging.westnipissing.ca\/fr\/"},{"@type":"ListItem","position":2,"name":"Bureau Municipal","item":"https:\/\/staging.westnipissing.ca\/fr\/bureau-municipal\/"},{"@type":"ListItem","position":3,"name":"Conseil municipal","item":"https:\/\/staging.westnipissing.ca\/fr\/bureau-municipal\/conseil-municipal\/"},{"@type":"ListItem","position":4,"name":"D\u00e9l\u00e9gations"}]},{"@type":"WebSite","@id":"https:\/\/staging.westnipissing.ca\/fr\/#website","url":"https:\/\/staging.westnipissing.ca\/fr\/","name":"West Nipissing Ouest","description":"Find your Joie de vivre in West Nipissing.","publisher":{"@id":"https:\/\/staging.westnipissing.ca\/fr\/#organization"},"potentialAction":[{"@type":"SearchAction","target":{"@type":"EntryPoint","urlTemplate":"https:\/\/staging.westnipissing.ca\/fr\/?s={search_term_string}"},"query-input":{"@type":"PropertyValueSpecification","valueRequired":true,"valueName":"search_term_string"}}],"inLanguage":"fr-FR"},{"@type":"Organization","@id":"https:\/\/staging.westnipissing.ca\/fr\/#organization","name":"West Nipissing Ouest","url":"https:\/\/staging.westnipissing.ca\/fr\/","logo":{"@type":"ImageObject","inLanguage":"fr-FR","@id":"https:\/\/staging.westnipissing.ca\/fr\/#\/schema\/logo\/image\/","url":"https:\/\/staging.westnipissing.ca\/wp-content\/uploads\/2024\/04\/site-logo.png","contentUrl":"https:\/\/staging.westnipissing.ca\/wp-content\/uploads\/2024\/04\/site-logo.png","width":700,"height":225,"caption":"West Nipissing Ouest"},"image":{"@id":"https:\/\/staging.westnipissing.ca\/fr\/#\/schema\/logo\/image\/"},"sameAs":["https:\/\/www.facebook.com\/MunicipalityofWestNipissing\/","https:\/\/x.com\/West_Nipissing","https:\/\/www.youtube.com\/channel\/UCG6HWMXnA-RBiH-UdZVClHg"]}]}},"_links":{"self":[{"href":"https:\/\/staging.westnipissing.ca\/fr\/wp-json\/wp\/v2\/pages\/45641","targetHints":{"allow":["GET"]}}],"collection":[{"href":"https:\/\/staging.westnipissing.ca\/fr\/wp-json\/wp\/v2\/pages"}],"about":[{"href":"https:\/\/staging.westnipissing.ca\/fr\/wp-json\/wp\/v2\/types\/page"}],"author":[{"embeddable":true,"href":"https:\/\/staging.westnipissing.ca\/fr\/wp-json\/wp\/v2\/users\/3"}],"replies":[{"embeddable":true,"href":"https:\/\/staging.westnipissing.ca\/fr\/wp-json\/wp\/v2\/comments?post=45641"}],"version-history":[{"count":0,"href":"https:\/\/staging.westnipissing.ca\/fr\/wp-json\/wp\/v2\/pages\/45641\/revisions"}],"up":[{"embeddable":true,"href":"https:\/\/staging.westnipissing.ca\/fr\/wp-json\/wp\/v2\/pages\/822"}],"wp:featuredmedia":[{"embeddable":true,"href":"https:\/\/staging.westnipissing.ca\/fr\/wp-json\/wp\/v2\/media\/54316"}],"wp:attachment":[{"href":"https:\/\/staging.westnipissing.ca\/fr\/wp-json\/wp\/v2\/media?parent=45641"}],"curies":[{"name":"wp","href":"https:\/\/api.w.org\/{rel}","templated":true}]}}