{"id":47871,"date":"2024-05-14T14:15:23","date_gmt":"2024-05-14T18:15:23","guid":{"rendered":"https:\/\/staging.westnipissing.ca\/?page_id=47871"},"modified":"2025-04-24T15:39:06","modified_gmt":"2025-04-24T19:39:06","slug":"pickleball","status":"publish","type":"page","link":"https:\/\/staging.westnipissing.ca\/fr\/culture-loisirs\/piscine-et-sante-physique\/pickleball\/","title":{"rendered":"Pickleball"},"content":{"rendered":"\t\t<div data-elementor-type=\"wp-page\" data-elementor-id=\"47871\" class=\"elementor elementor-47871 elementor-44095\" data-elementor-post-type=\"page\">\n\t\t\t\t<div class=\"elementor-element elementor-element-03d18c8 e-flex e-con-boxed e-con e-parent\" data-id=\"03d18c8\" data-element_type=\"container\" data-e-type=\"container\">\n\t\t\t\t\t<div class=\"e-con-inner\">\n\t\t\t\t<div class=\"elementor-element elementor-element-100e1b3 elementor-widget elementor-widget-heading\" data-id=\"100e1b3\" data-element_type=\"widget\" data-e-type=\"widget\" data-widget_type=\"heading.default\">\n\t\t\t\t\t<h2 class=\"elementor-heading-title elementor-size-default\">La saison de pickleball est arriv\u00e9!<\/h2>\t\t\t\t<\/div>\n\t\t\t\t<div class=\"elementor-element elementor-element-1e10f4c elementor-widget elementor-widget-text-editor\" data-id=\"1e10f4c\" data-element_type=\"widget\" data-e-type=\"widget\" data-widget_type=\"text-editor.default\">\n\t\t\t\t\t\t\t\t\t<p><strong><em>\u00c0 la salle d\u2019Ar\u00e9na Verner (80 rue Principale Est, Verner, ON<\/em>).<\/strong><\/p><p><strong>Inscrivez-vous en personne au Centre communautaire et r\u00e9cr\u00e9atif<\/strong>\u00a0d\u00e8s le\u00a0<strong>3 janvier 2025<\/strong>.<\/p><p>Les courts seront ouvertes d\u00e8s le 15 janvier pour que les enthousiastes puissent profiter de ce jeu d\u2019action rapide jusqu\u2019au 5 avril.<br \/>Que vous soyez un joueur accompli ou un nouveau venu, il est temps d\u2019attraper votre raquette et de vous amuser !<\/p><p>**La municipalit\u00e9 fournira les filets et les balles.**<br \/>**Les joueurs doivent apporter leur propre raquette.**<\/p><p>Pour toutes questions, veuillez appeler le\u00a0<strong><a href=\"tel:7057530160\">705-753-0160<\/a><\/strong>\u00a0ou envoyer un courriel \u00e0\u00a0<a href=\"mailto:reccenterstaff@westnipissing.ca\"><strong>reccenterstaff@westnipissing.ca<\/strong><\/a>.<\/p>\t\t\t\t\t\t\t\t<\/div>\n\t\t\t\t\t<\/div>\n\t\t\t\t<\/div>\n\t\t<div class=\"elementor-element elementor-element-1d12dcc e-flex e-con-boxed e-con e-parent\" data-id=\"1d12dcc\" data-element_type=\"container\" data-e-type=\"container\">\n\t\t\t\t\t<div class=\"e-con-inner\">\n\t\t<div class=\"elementor-element elementor-element-f15ea4b e-con-full e-flex e-con e-child\" data-id=\"f15ea4b\" data-element_type=\"container\" data-e-type=\"container\">\n\t\t\t\t<div class=\"elementor-element elementor-element-a4d79da elementor-widget elementor-widget-text-editor\" data-id=\"a4d79da\" data-element_type=\"widget\" data-e-type=\"widget\" data-widget_type=\"text-editor.default\">\n\t\t\t\t\t\t\t\t\t<h2 id=\"h-frais\" class=\"wp-block-heading\">Frais<\/h2><p><strong>Passes de jour et de \u00ab\u00a0drop-ins\u00a0\u00bb ne sont pas disponibles.<\/strong><\/p><p><strong>Passe mensuelle:<\/strong>\u00a022.12 $\u00a0<sub>(+TVH)<\/sub><\/p><p><strong>Passe de saison:\u00a0<\/strong>53.10 $\u00a0<sub>(+TVH)<\/sub><\/p>\t\t\t\t\t\t\t\t<\/div>\n\t\t\t\t<\/div>\n\t\t<div class=\"elementor-element elementor-element-3294f16 e-con-full e-flex e-con e-child\" data-id=\"3294f16\" data-element_type=\"container\" data-e-type=\"container\">\n\t\t\t\t<div class=\"elementor-element elementor-element-77cd8a4 elementor-widget elementor-widget-text-editor\" data-id=\"77cd8a4\" data-element_type=\"widget\" data-e-type=\"widget\" data-widget_type=\"text-editor.default\">\n\t\t\t\t\t\t\t\t\t<h2 id=\"h-horaire\" class=\"wp-block-heading\">Horaire<\/h2><p>Les<strong>\u00a0lundis, mercredis, et vendredis<\/strong><br \/>De\u00a0<strong>9<em>\u00a0h \u00e0 12 h<\/em><\/strong><\/p><p><strong>Veuillez noter qu\u2019il n\u2019y aura pas de pickleball le<\/strong>\u00a0:<br \/>vendredi 7 f\u00e9vrier<br \/>lundi 17 f\u00e9vrier<\/p>\t\t\t\t\t\t\t\t<\/div>\n\t\t\t\t<\/div>\n\t\t\t\t\t<\/div>\n\t\t\t\t<\/div>\n\t\t<div class=\"elementor-element elementor-element-d76a7e8 e-flex e-con-boxed e-con e-parent\" data-id=\"d76a7e8\" data-element_type=\"container\" data-e-type=\"container\">\n\t\t\t\t\t<div class=\"e-con-inner\">\n\t\t\t\t<div class=\"elementor-element elementor-element-66195bb elementor-widget elementor-widget-image\" data-id=\"66195bb\" data-element_type=\"widget\" data-e-type=\"widget\" data-widget_type=\"image.default\">\n\t\t\t\t\t\t\t\t\t\t\t\t<figure class=\"wp-caption\">\n\t\t\t\t\t\t\t\t\t\t\t<a href=\"https:\/\/staging.westnipissing.ca\/wp-content\/uploads\/2025\/04\/Winter-2025-Pickleball-Poster.pdf\" target=\"_blank\">\n\t\t\t\t\t\t\t<img fetchpriority=\"high\" decoding=\"async\" width=\"800\" height=\"417\" src=\"https:\/\/staging.westnipissing.ca\/wp-content\/uploads\/2025\/04\/Winter-2025-Pickleball-Poster-Image-1024x534.png\" class=\"attachment-large size-large wp-image-47856\" alt=\"\" srcset=\"https:\/\/staging.westnipissing.ca\/wp-content\/uploads\/2025\/04\/Winter-2025-Pickleball-Poster-Image-1024x534.png 1024w, https:\/\/staging.westnipissing.ca\/wp-content\/uploads\/2025\/04\/Winter-2025-Pickleball-Poster-Image-300x156.png 300w, https:\/\/staging.westnipissing.ca\/wp-content\/uploads\/2025\/04\/Winter-2025-Pickleball-Poster-Image-768x400.png 768w, https:\/\/staging.westnipissing.ca\/wp-content\/uploads\/2025\/04\/Winter-2025-Pickleball-Poster-Image-1536x801.png 1536w, https:\/\/staging.westnipissing.ca\/wp-content\/uploads\/2025\/04\/Winter-2025-Pickleball-Poster-Image.png 1830w\" sizes=\"(max-width: 800px) 100vw, 800px\" \/>\t\t\t\t\t\t\t\t<\/a>\n\t\t\t\t\t\t\t\t\t\t\t<figcaption class=\"widget-image-caption wp-caption-text\">Cliquez sur l\u2019image pour visionner l\u2019affiche saisonni\u00e8re (PDF).<\/figcaption>\n\t\t\t\t\t\t\t\t\t\t<\/figure>\n\t\t\t\t\t\t\t\t\t<\/div>\n\t\t\t\t\t<\/div>\n\t\t\t\t<\/div>\n\t\t\t\t<\/div>\n\t\t","protected":false},"excerpt":{"rendered":"<p>La saison de pickleball est arriv\u00e9! \u00c0 la salle d\u2019Ar\u00e9na Verner (80 rue Principale Est, Verner, ON). Inscrivez-vous en personne au Centre communautaire et r\u00e9cr\u00e9atif\u00a0d\u00e8s le\u00a03 janvier 2025. Les courts [&hellip;]<\/p>\n","protected":false},"author":3,"featured_media":53757,"parent":769,"menu_order":0,"comment_status":"closed","ping_status":"closed","template":"elementor_theme","meta":{"_acf_changed":false,"_searchwp_excluded":"","footnotes":""},"class_list":["post-47871","page","type-page","status-publish","has-post-thumbnail","hentry"],"acf":[],"yoast_head":"<!-- This site is optimized with the Yoast SEO Premium plugin v26.5 (Yoast SEO v27.4) - https:\/\/yoast.com\/product\/yoast-seo-premium-wordpress\/ -->\n<title>Pickleball - STAGING: West Nipissing Ouest<\/title>\n<meta name=\"robots\" content=\"noindex, follow, max-snippet:-1, max-image-preview:large, max-video-preview:-1\" \/>\n<meta property=\"og:locale\" content=\"fr_FR\" \/>\n<meta property=\"og:type\" content=\"article\" \/>\n<meta property=\"og:title\" content=\"Pickleball\" \/>\n<meta property=\"og:description\" content=\"La saison de pickleball est arriv\u00e9! \u00c0 la salle d\u2019Ar\u00e9na Verner (80 rue Principale Est, Verner, ON). Inscrivez-vous en personne au Centre communautaire et r\u00e9cr\u00e9atif\u00a0d\u00e8s le\u00a03 janvier 2025. Les courts [&hellip;]\" \/>\n<meta property=\"og:url\" content=\"https:\/\/staging.westnipissing.ca\/fr\/culture-loisirs\/piscine-et-sante-physique\/pickleball\/\" \/>\n<meta property=\"og:site_name\" content=\"STAGING: West Nipissing Ouest\" \/>\n<meta property=\"article:publisher\" content=\"https:\/\/www.facebook.com\/MunicipalityofWestNipissing\/\" \/>\n<meta property=\"article:modified_time\" content=\"2025-04-24T19:39:06+00:00\" \/>\n<meta property=\"og:image\" content=\"https:\/\/staging.westnipissing.ca\/wp-content\/uploads\/2025\/09\/Winter-2025-Pickleball-Page-Header-Image.jpg\" \/>\n\t<meta property=\"og:image:width\" content=\"2550\" \/>\n\t<meta property=\"og:image:height\" content=\"1500\" \/>\n\t<meta property=\"og:image:type\" content=\"image\/jpeg\" \/>\n<meta name=\"twitter:card\" content=\"summary_large_image\" \/>\n<meta name=\"twitter:site\" content=\"@West_Nipissing\" \/>\n<meta name=\"twitter:label1\" content=\"Dur\u00e9e de lecture estim\u00e9e\" \/>\n\t<meta name=\"twitter:data1\" content=\"1 minute\" \/>\n<script type=\"application\/ld+json\" class=\"yoast-schema-graph\">{\"@context\":\"https:\\\/\\\/schema.org\",\"@graph\":[{\"@type\":\"WebPage\",\"@id\":\"https:\\\/\\\/staging.westnipissing.ca\\\/fr\\\/culture-loisirs\\\/piscine-et-sante-physique\\\/pickleball\\\/\",\"url\":\"https:\\\/\\\/staging.westnipissing.ca\\\/fr\\\/culture-loisirs\\\/piscine-et-sante-physique\\\/pickleball\\\/\",\"name\":\"Pickleball - STAGING: West Nipissing Ouest\",\"isPartOf\":{\"@id\":\"https:\\\/\\\/staging.westnipissing.ca\\\/fr\\\/#website\"},\"primaryImageOfPage\":{\"@id\":\"https:\\\/\\\/staging.westnipissing.ca\\\/fr\\\/culture-loisirs\\\/piscine-et-sante-physique\\\/pickleball\\\/#primaryimage\"},\"image\":{\"@id\":\"https:\\\/\\\/staging.westnipissing.ca\\\/fr\\\/culture-loisirs\\\/piscine-et-sante-physique\\\/pickleball\\\/#primaryimage\"},\"thumbnailUrl\":\"https:\\\/\\\/staging.westnipissing.ca\\\/wp-content\\\/uploads\\\/2025\\\/09\\\/Winter-2025-Pickleball-Page-Header-Image.jpg\",\"datePublished\":\"2024-05-14T18:15:23+00:00\",\"dateModified\":\"2025-04-24T19:39:06+00:00\",\"breadcrumb\":{\"@id\":\"https:\\\/\\\/staging.westnipissing.ca\\\/fr\\\/culture-loisirs\\\/piscine-et-sante-physique\\\/pickleball\\\/#breadcrumb\"},\"inLanguage\":\"fr-FR\",\"potentialAction\":[{\"@type\":\"ReadAction\",\"target\":[\"https:\\\/\\\/staging.westnipissing.ca\\\/fr\\\/culture-loisirs\\\/piscine-et-sante-physique\\\/pickleball\\\/\"]}]},{\"@type\":\"ImageObject\",\"inLanguage\":\"fr-FR\",\"@id\":\"https:\\\/\\\/staging.westnipissing.ca\\\/fr\\\/culture-loisirs\\\/piscine-et-sante-physique\\\/pickleball\\\/#primaryimage\",\"url\":\"https:\\\/\\\/staging.westnipissing.ca\\\/wp-content\\\/uploads\\\/2025\\\/09\\\/Winter-2025-Pickleball-Page-Header-Image.jpg\",\"contentUrl\":\"https:\\\/\\\/staging.westnipissing.ca\\\/wp-content\\\/uploads\\\/2025\\\/09\\\/Winter-2025-Pickleball-Page-Header-Image.jpg\",\"width\":2550,\"height\":1500,\"caption\":\"Pickleball\"},{\"@type\":\"BreadcrumbList\",\"@id\":\"https:\\\/\\\/staging.westnipissing.ca\\\/fr\\\/culture-loisirs\\\/piscine-et-sante-physique\\\/pickleball\\\/#breadcrumb\",\"itemListElement\":[{\"@type\":\"ListItem\",\"position\":1,\"name\":\"Home\",\"item\":\"https:\\\/\\\/staging.westnipissing.ca\\\/fr\\\/\"},{\"@type\":\"ListItem\",\"position\":2,\"name\":\"Culture et loisirs\",\"item\":\"https:\\\/\\\/staging.westnipissing.ca\\\/fr\\\/culture-loisirs\\\/\"},{\"@type\":\"ListItem\",\"position\":3,\"name\":\"Piscine et sant\u00e9 physique\",\"item\":\"https:\\\/\\\/staging.westnipissing.ca\\\/fr\\\/culture-loisirs\\\/piscine-et-sante-physique\\\/\"},{\"@type\":\"ListItem\",\"position\":4,\"name\":\"Pickleball\"}]},{\"@type\":\"WebSite\",\"@id\":\"https:\\\/\\\/staging.westnipissing.ca\\\/fr\\\/#website\",\"url\":\"https:\\\/\\\/staging.westnipissing.ca\\\/fr\\\/\",\"name\":\"West Nipissing Ouest\",\"description\":\"Find your Joie de vivre in West Nipissing.\",\"publisher\":{\"@id\":\"https:\\\/\\\/staging.westnipissing.ca\\\/fr\\\/#organization\"},\"potentialAction\":[{\"@type\":\"SearchAction\",\"target\":{\"@type\":\"EntryPoint\",\"urlTemplate\":\"https:\\\/\\\/staging.westnipissing.ca\\\/fr\\\/?s={search_term_string}\"},\"query-input\":{\"@type\":\"PropertyValueSpecification\",\"valueRequired\":true,\"valueName\":\"search_term_string\"}}],\"inLanguage\":\"fr-FR\"},{\"@type\":\"Organization\",\"@id\":\"https:\\\/\\\/staging.westnipissing.ca\\\/fr\\\/#organization\",\"name\":\"West Nipissing Ouest\",\"url\":\"https:\\\/\\\/staging.westnipissing.ca\\\/fr\\\/\",\"logo\":{\"@type\":\"ImageObject\",\"inLanguage\":\"fr-FR\",\"@id\":\"https:\\\/\\\/staging.westnipissing.ca\\\/fr\\\/#\\\/schema\\\/logo\\\/image\\\/\",\"url\":\"https:\\\/\\\/staging.westnipissing.ca\\\/wp-content\\\/uploads\\\/2024\\\/04\\\/site-logo.png\",\"contentUrl\":\"https:\\\/\\\/staging.westnipissing.ca\\\/wp-content\\\/uploads\\\/2024\\\/04\\\/site-logo.png\",\"width\":700,\"height\":225,\"caption\":\"West Nipissing Ouest\"},\"image\":{\"@id\":\"https:\\\/\\\/staging.westnipissing.ca\\\/fr\\\/#\\\/schema\\\/logo\\\/image\\\/\"},\"sameAs\":[\"https:\\\/\\\/www.facebook.com\\\/MunicipalityofWestNipissing\\\/\",\"https:\\\/\\\/x.com\\\/West_Nipissing\",\"https:\\\/\\\/www.youtube.com\\\/channel\\\/UCG6HWMXnA-RBiH-UdZVClHg\"]}]}<\/script>\n<!-- \/ Yoast SEO Premium plugin. -->","yoast_head_json":{"title":"Pickleball - STAGING: West Nipissing Ouest","robots":{"index":"noindex","follow":"follow","max-snippet":"max-snippet:-1","max-image-preview":"max-image-preview:large","max-video-preview":"max-video-preview:-1"},"og_locale":"fr_FR","og_type":"article","og_title":"Pickleball","og_description":"La saison de pickleball est arriv\u00e9! \u00c0 la salle d\u2019Ar\u00e9na Verner (80 rue Principale Est, Verner, ON). Inscrivez-vous en personne au Centre communautaire et r\u00e9cr\u00e9atif\u00a0d\u00e8s le\u00a03 janvier 2025. Les courts [&hellip;]","og_url":"https:\/\/staging.westnipissing.ca\/fr\/culture-loisirs\/piscine-et-sante-physique\/pickleball\/","og_site_name":"STAGING: West Nipissing Ouest","article_publisher":"https:\/\/www.facebook.com\/MunicipalityofWestNipissing\/","article_modified_time":"2025-04-24T19:39:06+00:00","og_image":[{"width":2550,"height":1500,"url":"https:\/\/staging.westnipissing.ca\/wp-content\/uploads\/2025\/09\/Winter-2025-Pickleball-Page-Header-Image.jpg","type":"image\/jpeg"}],"twitter_card":"summary_large_image","twitter_site":"@West_Nipissing","twitter_misc":{"Dur\u00e9e de lecture estim\u00e9e":"1 minute"},"schema":{"@context":"https:\/\/schema.org","@graph":[{"@type":"WebPage","@id":"https:\/\/staging.westnipissing.ca\/fr\/culture-loisirs\/piscine-et-sante-physique\/pickleball\/","url":"https:\/\/staging.westnipissing.ca\/fr\/culture-loisirs\/piscine-et-sante-physique\/pickleball\/","name":"Pickleball - STAGING: West Nipissing Ouest","isPartOf":{"@id":"https:\/\/staging.westnipissing.ca\/fr\/#website"},"primaryImageOfPage":{"@id":"https:\/\/staging.westnipissing.ca\/fr\/culture-loisirs\/piscine-et-sante-physique\/pickleball\/#primaryimage"},"image":{"@id":"https:\/\/staging.westnipissing.ca\/fr\/culture-loisirs\/piscine-et-sante-physique\/pickleball\/#primaryimage"},"thumbnailUrl":"https:\/\/staging.westnipissing.ca\/wp-content\/uploads\/2025\/09\/Winter-2025-Pickleball-Page-Header-Image.jpg","datePublished":"2024-05-14T18:15:23+00:00","dateModified":"2025-04-24T19:39:06+00:00","breadcrumb":{"@id":"https:\/\/staging.westnipissing.ca\/fr\/culture-loisirs\/piscine-et-sante-physique\/pickleball\/#breadcrumb"},"inLanguage":"fr-FR","potentialAction":[{"@type":"ReadAction","target":["https:\/\/staging.westnipissing.ca\/fr\/culture-loisirs\/piscine-et-sante-physique\/pickleball\/"]}]},{"@type":"ImageObject","inLanguage":"fr-FR","@id":"https:\/\/staging.westnipissing.ca\/fr\/culture-loisirs\/piscine-et-sante-physique\/pickleball\/#primaryimage","url":"https:\/\/staging.westnipissing.ca\/wp-content\/uploads\/2025\/09\/Winter-2025-Pickleball-Page-Header-Image.jpg","contentUrl":"https:\/\/staging.westnipissing.ca\/wp-content\/uploads\/2025\/09\/Winter-2025-Pickleball-Page-Header-Image.jpg","width":2550,"height":1500,"caption":"Pickleball"},{"@type":"BreadcrumbList","@id":"https:\/\/staging.westnipissing.ca\/fr\/culture-loisirs\/piscine-et-sante-physique\/pickleball\/#breadcrumb","itemListElement":[{"@type":"ListItem","position":1,"name":"Home","item":"https:\/\/staging.westnipissing.ca\/fr\/"},{"@type":"ListItem","position":2,"name":"Culture et loisirs","item":"https:\/\/staging.westnipissing.ca\/fr\/culture-loisirs\/"},{"@type":"ListItem","position":3,"name":"Piscine et sant\u00e9 physique","item":"https:\/\/staging.westnipissing.ca\/fr\/culture-loisirs\/piscine-et-sante-physique\/"},{"@type":"ListItem","position":4,"name":"Pickleball"}]},{"@type":"WebSite","@id":"https:\/\/staging.westnipissing.ca\/fr\/#website","url":"https:\/\/staging.westnipissing.ca\/fr\/","name":"West Nipissing Ouest","description":"Find your Joie de vivre in West Nipissing.","publisher":{"@id":"https:\/\/staging.westnipissing.ca\/fr\/#organization"},"potentialAction":[{"@type":"SearchAction","target":{"@type":"EntryPoint","urlTemplate":"https:\/\/staging.westnipissing.ca\/fr\/?s={search_term_string}"},"query-input":{"@type":"PropertyValueSpecification","valueRequired":true,"valueName":"search_term_string"}}],"inLanguage":"fr-FR"},{"@type":"Organization","@id":"https:\/\/staging.westnipissing.ca\/fr\/#organization","name":"West Nipissing Ouest","url":"https:\/\/staging.westnipissing.ca\/fr\/","logo":{"@type":"ImageObject","inLanguage":"fr-FR","@id":"https:\/\/staging.westnipissing.ca\/fr\/#\/schema\/logo\/image\/","url":"https:\/\/staging.westnipissing.ca\/wp-content\/uploads\/2024\/04\/site-logo.png","contentUrl":"https:\/\/staging.westnipissing.ca\/wp-content\/uploads\/2024\/04\/site-logo.png","width":700,"height":225,"caption":"West Nipissing Ouest"},"image":{"@id":"https:\/\/staging.westnipissing.ca\/fr\/#\/schema\/logo\/image\/"},"sameAs":["https:\/\/www.facebook.com\/MunicipalityofWestNipissing\/","https:\/\/x.com\/West_Nipissing","https:\/\/www.youtube.com\/channel\/UCG6HWMXnA-RBiH-UdZVClHg"]}]}},"_links":{"self":[{"href":"https:\/\/staging.westnipissing.ca\/fr\/wp-json\/wp\/v2\/pages\/47871","targetHints":{"allow":["GET"]}}],"collection":[{"href":"https:\/\/staging.westnipissing.ca\/fr\/wp-json\/wp\/v2\/pages"}],"about":[{"href":"https:\/\/staging.westnipissing.ca\/fr\/wp-json\/wp\/v2\/types\/page"}],"author":[{"embeddable":true,"href":"https:\/\/staging.westnipissing.ca\/fr\/wp-json\/wp\/v2\/users\/3"}],"replies":[{"embeddable":true,"href":"https:\/\/staging.westnipissing.ca\/fr\/wp-json\/wp\/v2\/comments?post=47871"}],"version-history":[{"count":0,"href":"https:\/\/staging.westnipissing.ca\/fr\/wp-json\/wp\/v2\/pages\/47871\/revisions"}],"up":[{"embeddable":true,"href":"https:\/\/staging.westnipissing.ca\/fr\/wp-json\/wp\/v2\/pages\/769"}],"wp:featuredmedia":[{"embeddable":true,"href":"https:\/\/staging.westnipissing.ca\/fr\/wp-json\/wp\/v2\/media\/53757"}],"wp:attachment":[{"href":"https:\/\/staging.westnipissing.ca\/fr\/wp-json\/wp\/v2\/media?parent=47871"}],"curies":[{"name":"wp","href":"https:\/\/api.w.org\/{rel}","templated":true}]}}