{"id":692,"date":"2019-12-30T15:16:36","date_gmt":"2019-12-30T20:16:36","guid":{"rendered":"https:\/\/staging.westnipissing.ca\/?page_id=692"},"modified":"2025-04-21T15:10:49","modified_gmt":"2025-04-21T19:10:49","slug":"garde-denfants","status":"publish","type":"page","link":"https:\/\/staging.westnipissing.ca\/fr\/services-aux-residents\/garde-denfants\/","title":{"rendered":"Garde d\u2019enfants"},"content":{"rendered":"\t\t<div data-elementor-type=\"wp-page\" data-elementor-id=\"692\" class=\"elementor elementor-692 elementor-376\" data-elementor-post-type=\"page\">\n\t\t\t\t<div class=\"elementor-element elementor-element-c0bebf8 e-flex e-con-boxed e-con e-parent\" data-id=\"c0bebf8\" data-element_type=\"container\" data-e-type=\"container\">\n\t\t\t\t\t<div class=\"e-con-inner\">\n\t\t\t\t<div class=\"elementor-element elementor-element-02f7eb3 elementor-widget elementor-widget-text-editor\" data-id=\"02f7eb3\" data-element_type=\"widget\" data-e-type=\"widget\" data-widget_type=\"text-editor.default\">\n\t\t\t\t\t\t\t\t\t<p><a href=\"http:\/\/www.wnccc.ca\/fr\/\" target=\"_blank\" rel=\"noreferrer noopener\" aria-label=\"La Corporation des services de garde d\u2019enfants de Nipissing Ouest (opens in a new tab)\">La Corporation des services de garde d\u2019enfants de Nipissing Ouest<\/a>\u00a0est l\u2019organisme \u00e0 but non lucratif qui g\u00e8re des programmes d\u2019apprentissage pour des tout-petits et des garderies dans la r\u00e9gion. Ils encouragent les enfants \u00e0 atteindre leur plein potentiel en \u00e9tant\u00a0comp\u00e9tents, curieux et capables tout en se concentrant sur la s\u00e9curit\u00e9 et le bien-\u00eatre de tous.<\/p>\n<p>La Corporation s\u2019efforce de cr\u00e9er un environnement d\u2019apprentissage positif en int\u00e9grant\u00a0la nature, l\u2019exploration, la diversit\u00e9, l\u2019\u00e9quit\u00e9 et l\u2019inclusion dans son approche d\u2019enseignement collaboratif et son apprentissage bas\u00e9 sur le jeu.<\/p>\t\t\t\t\t\t\t\t<\/div>\n\t\t\t\t\t<\/div>\n\t\t\t\t<\/div>\n\t\t<div class=\"elementor-element elementor-element-c9f9e04 e-flex e-con-boxed e-con e-parent\" data-id=\"c9f9e04\" data-element_type=\"container\" data-e-type=\"container\">\n\t\t\t\t\t<div class=\"e-con-inner\">\n\t\t\t\t<div class=\"elementor-element elementor-element-a8218b1 elementor-grid-3 elementor-grid-tablet-2 elementor-grid-mobile-1 elementor-widget elementor-widget-loop-grid\" data-id=\"a8218b1\" data-element_type=\"widget\" data-e-type=\"widget\" data-settings=\"{&quot;template_id&quot;:45041,&quot;columns&quot;:3,&quot;_skin&quot;:&quot;post&quot;,&quot;columns_tablet&quot;:&quot;2&quot;,&quot;columns_mobile&quot;:&quot;1&quot;,&quot;edit_handle_selector&quot;:&quot;[data-elementor-type=\\&quot;loop-item\\&quot;]&quot;,&quot;row_gap&quot;:{&quot;unit&quot;:&quot;px&quot;,&quot;size&quot;:&quot;&quot;,&quot;sizes&quot;:[]},&quot;row_gap_tablet_extra&quot;:{&quot;unit&quot;:&quot;px&quot;,&quot;size&quot;:&quot;&quot;,&quot;sizes&quot;:[]},&quot;row_gap_tablet&quot;:{&quot;unit&quot;:&quot;px&quot;,&quot;size&quot;:&quot;&quot;,&quot;sizes&quot;:[]},&quot;row_gap_mobile&quot;:{&quot;unit&quot;:&quot;px&quot;,&quot;size&quot;:&quot;&quot;,&quot;sizes&quot;:[]}}\" data-widget_type=\"loop-grid.post\">\n\t\t\t\t<div class=\"elementor-widget-container\">\n\t\t\t\t\t\t\t<div class=\"elementor-loop-container elementor-grid\" role=\"list\">\n\t\t<style id=\"loop-dynamic-45041\">.e-loop-item-47341 .elementor-element.elementor-element-3ccb499:not(.elementor-motion-effects-element-type-background), .e-loop-item-47341 .elementor-element.elementor-element-3ccb499 > .elementor-motion-effects-container > .elementor-motion-effects-layer{background-image:url(\"https:\/\/staging.westnipissing.ca\/wp-content\/uploads\/2025\/04\/WNCCC.png\");}<\/style><style id=\"loop-45041\">.elementor-45041 .elementor-element.elementor-element-7968fea{--display:flex;--flex-direction:column;--container-widget-width:100%;--container-widget-height:initial;--container-widget-flex-grow:0;--container-widget-align-self:initial;--flex-wrap-mobile:wrap;--justify-content:space-between;box-shadow:0px 0px 10px 0px rgba(0, 0, 0, 0.25);--padding-top:0px;--padding-bottom:0px;--padding-left:0px;--padding-right:0px;}.elementor-45041 .elementor-element.elementor-element-7968fea:not(.elementor-motion-effects-element-type-background), .elementor-45041 .elementor-element.elementor-element-7968fea > .elementor-motion-effects-container > .elementor-motion-effects-layer{background-color:var( --e-global-color-e3a71f8 );}.elementor-45041 .elementor-element.elementor-element-7968fea:hover{box-shadow:0px 0px 0px 0px rgba(0, 0, 0, 0);}.elementor-45041 .elementor-element.elementor-element-3ccb499{--display:flex;--min-height:250px;--padding-top:0px;--padding-bottom:0px;--padding-left:0px;--padding-right:0px;}.elementor-45041 .elementor-element.elementor-element-3ccb499:not(.elementor-motion-effects-element-type-background), .elementor-45041 .elementor-element.elementor-element-3ccb499 > .elementor-motion-effects-container > .elementor-motion-effects-layer{background-position:center center;background-repeat:no-repeat;background-size:cover;}.elementor-45041 .elementor-element.elementor-element-c1c2f01{--display:flex;--min-height:85px;--flex-direction:column;--container-widget-width:100%;--container-widget-height:initial;--container-widget-flex-grow:0;--container-widget-align-self:initial;--flex-wrap-mobile:wrap;--justify-content:flex-start;}.elementor-45041 .elementor-element.elementor-element-b229df0{text-align:center;padding:0px 20px 0px 20px;}.elementor-45041 .elementor-element.elementor-element-093e2f0{--display:flex;--min-height:110px;--flex-direction:column;--container-widget-width:calc( ( 1 - var( --container-widget-flex-grow ) ) * 100% );--container-widget-height:initial;--container-widget-flex-grow:0;--container-widget-align-self:initial;--flex-wrap-mobile:wrap;--justify-content:center;--align-items:center;--margin-top:-35px;--margin-bottom:0px;--margin-left:0px;--margin-right:0px;--padding-top:0px;--padding-bottom:0px;--padding-left:5px;--padding-right:5px;}.elementor-45041 .elementor-element.elementor-element-1ddad83 .elementor-button-content-wrapper{flex-direction:row-reverse;}.elementor-45041 .elementor-element.elementor-element-1ddad83 .elementor-button .elementor-button-content-wrapper{gap:15px;}.elementor-45041 .elementor-element.elementor-element-1ddad83 .elementor-button{text-decoration:none;fill:var( --e-global-color-721770d );color:var( --e-global-color-721770d );border-style:solid;border-width:1px 1px 1px 1px;border-color:var( --e-global-color-text );padding:15px 30px 15px 30px;}.elementor-45041 .elementor-element.elementor-element-1ddad83 .elementor-button:hover, .elementor-45041 .elementor-element.elementor-element-1ddad83 .elementor-button:focus{color:var( --e-global-color-d14c592 );background-color:var( --e-global-color-721770d );}.elementor-45041 .elementor-element.elementor-element-1ddad83 .elementor-button:hover svg, .elementor-45041 .elementor-element.elementor-element-1ddad83 .elementor-button:focus svg{fill:var( --e-global-color-d14c592 );}.elementor-45041 .elementor-element.elementor-element-1ddad83{padding:0px 0px 0px 0px;}<\/style>\t\t<div data-elementor-type=\"loop-item\" data-elementor-id=\"45041\" class=\"elementor elementor-45041 e-loop-item e-loop-item-47341 post-47341 call_to_action type-call_to_action status-publish hentry location-child-care-fr cta_category-content-cta\" data-elementor-post-type=\"elementor_library\" data-custom-edit-handle=\"1\">\n\t\t\t<div class=\"elementor-element elementor-element-7968fea e-flex e-con-boxed e-con e-parent\" data-id=\"7968fea\" data-element_type=\"container\" data-e-type=\"container\" data-settings=\"{&quot;background_background&quot;:&quot;classic&quot;}\">\n\t\t\t\t\t<div class=\"e-con-inner\">\n\t\t<div data-dce-background-image-url=\"https:\/\/staging.westnipissing.ca\/wp-content\/uploads\/2025\/04\/WNCCC.png\" class=\"elementor-element elementor-element-3ccb499 e-con-full e-flex e-con e-child\" data-id=\"3ccb499\" data-element_type=\"container\" data-e-type=\"container\" data-settings=\"{&quot;background_background&quot;:&quot;classic&quot;}\">\n\t\t\t\t<\/div>\n\t\t<div class=\"elementor-element elementor-element-c1c2f01 e-con-full e-flex e-con e-child\" data-id=\"c1c2f01\" data-element_type=\"container\" data-e-type=\"container\">\n\t\t\t\t<div class=\"elementor-element elementor-element-b229df0 elementor-widget elementor-widget-heading\" data-id=\"b229df0\" data-element_type=\"widget\" data-e-type=\"widget\" data-widget_type=\"heading.default\">\n\t\t\t\t\t<h4 class=\"elementor-heading-title elementor-size-default\">La Corporation des services de garde d\u2019enfants de Nipissing Ouest<\/h4>\t\t\t\t<\/div>\n\t\t\t\t<\/div>\n\t\t<div class=\"elementor-element elementor-element-093e2f0 e-con-full e-flex e-con e-child\" data-id=\"093e2f0\" data-element_type=\"container\" data-e-type=\"container\">\n\t\t\t\t<div class=\"elementor-element elementor-element-1ddad83 elementor-align-center elementor-widget elementor-widget-button\" data-id=\"1ddad83\" data-element_type=\"widget\" data-e-type=\"widget\" data-widget_type=\"button.default\">\n\t\t\t\t\t\t\t\t\t\t<a class=\"elementor-button elementor-button-link elementor-size-sm\" href=\"https:\/\/www.wnccc.ca\/fr\/\">\n\t\t\t\t\t\t<span class=\"elementor-button-content-wrapper\">\n\t\t\t\t\t\t<span class=\"elementor-button-icon\">\n\t\t\t\t<svg aria-hidden=\"true\" class=\"e-font-icon-svg e-fas-arrow-right\" viewBox=\"0 0 448 512\" xmlns=\"http:\/\/www.w3.org\/2000\/svg\"><path d=\"M190.5 66.9l22.2-22.2c9.4-9.4 24.6-9.4 33.9 0L441 239c9.4 9.4 9.4 24.6 0 33.9L246.6 467.3c-9.4 9.4-24.6 9.4-33.9 0l-22.2-22.2c-9.5-9.5-9.3-25 .4-34.3L311.4 296H24c-13.3 0-24-10.7-24-24v-32c0-13.3 10.7-24 24-24h287.4L190.9 101.2c-9.8-9.3-10-24.8-.4-34.3z\"><\/path><\/svg>\t\t\t<\/span>\n\t\t\t\t\t\t\t\t\t<span class=\"elementor-button-text\">Visiter<\/span>\n\t\t\t\t\t<\/span>\n\t\t\t\t\t<\/a>\n\t\t\t\t\t\t\t\t<\/div>\n\t\t\t\t<\/div>\n\t\t\t\t\t<\/div>\n\t\t\t\t<\/div>\n\t\t\t\t<\/div>\n\t\t<style id=\"loop-dynamic-45041\">.e-loop-item-47617 .elementor-element.elementor-element-3ccb499:not(.elementor-motion-effects-element-type-background), .e-loop-item-47617 .elementor-element.elementor-element-3ccb499 > .elementor-motion-effects-container > .elementor-motion-effects-layer{background-image:url(\"https:\/\/staging.westnipissing.ca\/wp-content\/uploads\/2020\/05\/1608h0019.jpg\");}<\/style>\t\t<div data-elementor-type=\"loop-item\" data-elementor-id=\"45041\" class=\"elementor elementor-45041 e-loop-item e-loop-item-47617 post-47617 call_to_action type-call_to_action status-publish hentry location-arts-and-culture-fr location-child-care-fr cta_category-content-cta\" data-elementor-post-type=\"elementor_library\" data-custom-edit-handle=\"1\">\n\t\t\t<div class=\"elementor-element elementor-element-7968fea e-flex e-con-boxed e-con e-parent\" data-id=\"7968fea\" data-element_type=\"container\" data-e-type=\"container\" data-settings=\"{&quot;background_background&quot;:&quot;classic&quot;}\">\n\t\t\t\t\t<div class=\"e-con-inner\">\n\t\t<div data-dce-background-image-url=\"https:\/\/staging.westnipissing.ca\/wp-content\/uploads\/2020\/05\/1608h0019.jpg\" class=\"elementor-element elementor-element-3ccb499 e-con-full e-flex e-con e-child\" data-id=\"3ccb499\" data-element_type=\"container\" data-e-type=\"container\" data-settings=\"{&quot;background_background&quot;:&quot;classic&quot;}\">\n\t\t\t\t<\/div>\n\t\t<div class=\"elementor-element elementor-element-c1c2f01 e-con-full e-flex e-con e-child\" data-id=\"c1c2f01\" data-element_type=\"container\" data-e-type=\"container\">\n\t\t\t\t<div class=\"elementor-element elementor-element-b229df0 elementor-widget elementor-widget-heading\" data-id=\"b229df0\" data-element_type=\"widget\" data-e-type=\"widget\" data-widget_type=\"heading.default\">\n\t\t\t\t\t<h4 class=\"elementor-heading-title elementor-size-default\">Biblioth\u00e8ques de Nipissing Ouest<\/h4>\t\t\t\t<\/div>\n\t\t\t\t<\/div>\n\t\t<div class=\"elementor-element elementor-element-093e2f0 e-con-full e-flex e-con e-child\" data-id=\"093e2f0\" data-element_type=\"container\" data-e-type=\"container\">\n\t\t\t\t<div class=\"elementor-element elementor-element-1ddad83 elementor-align-center elementor-widget elementor-widget-button\" data-id=\"1ddad83\" data-element_type=\"widget\" data-e-type=\"widget\" data-widget_type=\"button.default\">\n\t\t\t\t\t\t\t\t\t\t<a class=\"elementor-button elementor-button-link elementor-size-sm\" href=\"https:\/\/staging.westnipissing.ca\/fr\/culture-loisirs\/bibliotheques\/\">\n\t\t\t\t\t\t<span class=\"elementor-button-content-wrapper\">\n\t\t\t\t\t\t<span class=\"elementor-button-icon\">\n\t\t\t\t<svg aria-hidden=\"true\" class=\"e-font-icon-svg e-fas-arrow-right\" viewBox=\"0 0 448 512\" xmlns=\"http:\/\/www.w3.org\/2000\/svg\"><path d=\"M190.5 66.9l22.2-22.2c9.4-9.4 24.6-9.4 33.9 0L441 239c9.4 9.4 9.4 24.6 0 33.9L246.6 467.3c-9.4 9.4-24.6 9.4-33.9 0l-22.2-22.2c-9.5-9.5-9.3-25 .4-34.3L311.4 296H24c-13.3 0-24-10.7-24-24v-32c0-13.3 10.7-24 24-24h287.4L190.9 101.2c-9.8-9.3-10-24.8-.4-34.3z\"><\/path><\/svg>\t\t\t<\/span>\n\t\t\t\t\t\t\t\t\t<span class=\"elementor-button-text\">Biblios<\/span>\n\t\t\t\t\t<\/span>\n\t\t\t\t\t<\/a>\n\t\t\t\t\t\t\t\t<\/div>\n\t\t\t\t<\/div>\n\t\t\t\t\t<\/div>\n\t\t\t\t<\/div>\n\t\t\t\t<\/div>\n\t\t\t\t<\/div>\n\t\t\n\t\t\t\t\t\t<\/div>\n\t\t\t\t<\/div>\n\t\t\t\t\t<\/div>\n\t\t\t\t<\/div>\n\t\t\t\t<\/div>\n\t\t","protected":false},"excerpt":{"rendered":"<p>La Corporation des services de garde d\u2019enfants de Nipissing Ouest\u00a0est l\u2019organisme \u00e0 but non lucratif qui g\u00e8re des programmes d\u2019apprentissage pour des tout-petits et des garderies dans la r\u00e9gion. Ils [&hellip;]<\/p>\n","protected":false},"author":4,"featured_media":0,"parent":50762,"menu_order":5,"comment_status":"closed","ping_status":"closed","template":"elementor_theme","meta":{"_acf_changed":false,"_searchwp_excluded":"","footnotes":""},"class_list":["post-692","page","type-page","status-publish","hentry"],"acf":[],"yoast_head":"<!-- This site is optimized with the Yoast SEO Premium plugin v26.5 (Yoast SEO v27.4) - https:\/\/yoast.com\/product\/yoast-seo-premium-wordpress\/ -->\n<title>Garde d\u2019enfants - STAGING: West Nipissing Ouest<\/title>\n<meta name=\"robots\" content=\"noindex, follow, max-snippet:-1, max-image-preview:large, max-video-preview:-1\" \/>\n<meta property=\"og:locale\" content=\"fr_FR\" \/>\n<meta property=\"og:type\" content=\"article\" \/>\n<meta property=\"og:title\" content=\"Garde d\u2019enfants\" \/>\n<meta property=\"og:description\" content=\"La Corporation des services de garde d\u2019enfants de Nipissing Ouest\u00a0est l\u2019organisme \u00e0 but non lucratif qui g\u00e8re des programmes d\u2019apprentissage pour des tout-petits et des garderies dans la r\u00e9gion. Ils [&hellip;]\" \/>\n<meta property=\"og:url\" content=\"https:\/\/staging.westnipissing.ca\/fr\/services-aux-residents\/garde-denfants\/\" \/>\n<meta property=\"og:site_name\" content=\"STAGING: West Nipissing Ouest\" \/>\n<meta property=\"article:publisher\" content=\"https:\/\/www.facebook.com\/MunicipalityofWestNipissing\/\" \/>\n<meta property=\"article:modified_time\" content=\"2025-04-21T19:10:49+00:00\" \/>\n<meta name=\"twitter:card\" content=\"summary_large_image\" \/>\n<meta name=\"twitter:site\" content=\"@West_Nipissing\" \/>\n<meta name=\"twitter:label1\" content=\"Dur\u00e9e de lecture estim\u00e9e\" \/>\n\t<meta name=\"twitter:data1\" content=\"1 minute\" \/>\n<script type=\"application\/ld+json\" class=\"yoast-schema-graph\">{\"@context\":\"https:\\\/\\\/schema.org\",\"@graph\":[{\"@type\":\"WebPage\",\"@id\":\"https:\\\/\\\/staging.westnipissing.ca\\\/fr\\\/services-aux-residents\\\/garde-denfants\\\/\",\"url\":\"https:\\\/\\\/staging.westnipissing.ca\\\/fr\\\/services-aux-residents\\\/garde-denfants\\\/\",\"name\":\"Garde d\u2019enfants - STAGING: West Nipissing Ouest\",\"isPartOf\":{\"@id\":\"https:\\\/\\\/staging.westnipissing.ca\\\/fr\\\/#website\"},\"datePublished\":\"2019-12-30T20:16:36+00:00\",\"dateModified\":\"2025-04-21T19:10:49+00:00\",\"breadcrumb\":{\"@id\":\"https:\\\/\\\/staging.westnipissing.ca\\\/fr\\\/services-aux-residents\\\/garde-denfants\\\/#breadcrumb\"},\"inLanguage\":\"fr-FR\",\"potentialAction\":[{\"@type\":\"ReadAction\",\"target\":[\"https:\\\/\\\/staging.westnipissing.ca\\\/fr\\\/services-aux-residents\\\/garde-denfants\\\/\"]}]},{\"@type\":\"BreadcrumbList\",\"@id\":\"https:\\\/\\\/staging.westnipissing.ca\\\/fr\\\/services-aux-residents\\\/garde-denfants\\\/#breadcrumb\",\"itemListElement\":[{\"@type\":\"ListItem\",\"position\":1,\"name\":\"Home\",\"item\":\"https:\\\/\\\/staging.westnipissing.ca\\\/fr\\\/\"},{\"@type\":\"ListItem\",\"position\":2,\"name\":\"Services aux R\u00e9sidents\",\"item\":\"https:\\\/\\\/staging.westnipissing.ca\\\/fr\\\/services-aux-residents\\\/\"},{\"@type\":\"ListItem\",\"position\":3,\"name\":\"Garde d\u2019enfants\"}]},{\"@type\":\"WebSite\",\"@id\":\"https:\\\/\\\/staging.westnipissing.ca\\\/fr\\\/#website\",\"url\":\"https:\\\/\\\/staging.westnipissing.ca\\\/fr\\\/\",\"name\":\"West Nipissing Ouest\",\"description\":\"Find your Joie de vivre in West Nipissing.\",\"publisher\":{\"@id\":\"https:\\\/\\\/staging.westnipissing.ca\\\/fr\\\/#organization\"},\"potentialAction\":[{\"@type\":\"SearchAction\",\"target\":{\"@type\":\"EntryPoint\",\"urlTemplate\":\"https:\\\/\\\/staging.westnipissing.ca\\\/fr\\\/?s={search_term_string}\"},\"query-input\":{\"@type\":\"PropertyValueSpecification\",\"valueRequired\":true,\"valueName\":\"search_term_string\"}}],\"inLanguage\":\"fr-FR\"},{\"@type\":\"Organization\",\"@id\":\"https:\\\/\\\/staging.westnipissing.ca\\\/fr\\\/#organization\",\"name\":\"West Nipissing Ouest\",\"url\":\"https:\\\/\\\/staging.westnipissing.ca\\\/fr\\\/\",\"logo\":{\"@type\":\"ImageObject\",\"inLanguage\":\"fr-FR\",\"@id\":\"https:\\\/\\\/staging.westnipissing.ca\\\/fr\\\/#\\\/schema\\\/logo\\\/image\\\/\",\"url\":\"https:\\\/\\\/staging.westnipissing.ca\\\/wp-content\\\/uploads\\\/2024\\\/04\\\/site-logo.png\",\"contentUrl\":\"https:\\\/\\\/staging.westnipissing.ca\\\/wp-content\\\/uploads\\\/2024\\\/04\\\/site-logo.png\",\"width\":700,\"height\":225,\"caption\":\"West Nipissing Ouest\"},\"image\":{\"@id\":\"https:\\\/\\\/staging.westnipissing.ca\\\/fr\\\/#\\\/schema\\\/logo\\\/image\\\/\"},\"sameAs\":[\"https:\\\/\\\/www.facebook.com\\\/MunicipalityofWestNipissing\\\/\",\"https:\\\/\\\/x.com\\\/West_Nipissing\",\"https:\\\/\\\/www.youtube.com\\\/channel\\\/UCG6HWMXnA-RBiH-UdZVClHg\"]}]}<\/script>\n<!-- \/ Yoast SEO Premium plugin. -->","yoast_head_json":{"title":"Garde d\u2019enfants - STAGING: West Nipissing Ouest","robots":{"index":"noindex","follow":"follow","max-snippet":"max-snippet:-1","max-image-preview":"max-image-preview:large","max-video-preview":"max-video-preview:-1"},"og_locale":"fr_FR","og_type":"article","og_title":"Garde d\u2019enfants","og_description":"La Corporation des services de garde d\u2019enfants de Nipissing Ouest\u00a0est l\u2019organisme \u00e0 but non lucratif qui g\u00e8re des programmes d\u2019apprentissage pour des tout-petits et des garderies dans la r\u00e9gion. Ils [&hellip;]","og_url":"https:\/\/staging.westnipissing.ca\/fr\/services-aux-residents\/garde-denfants\/","og_site_name":"STAGING: West Nipissing Ouest","article_publisher":"https:\/\/www.facebook.com\/MunicipalityofWestNipissing\/","article_modified_time":"2025-04-21T19:10:49+00:00","twitter_card":"summary_large_image","twitter_site":"@West_Nipissing","twitter_misc":{"Dur\u00e9e de lecture estim\u00e9e":"1 minute"},"schema":{"@context":"https:\/\/schema.org","@graph":[{"@type":"WebPage","@id":"https:\/\/staging.westnipissing.ca\/fr\/services-aux-residents\/garde-denfants\/","url":"https:\/\/staging.westnipissing.ca\/fr\/services-aux-residents\/garde-denfants\/","name":"Garde d\u2019enfants - STAGING: West Nipissing Ouest","isPartOf":{"@id":"https:\/\/staging.westnipissing.ca\/fr\/#website"},"datePublished":"2019-12-30T20:16:36+00:00","dateModified":"2025-04-21T19:10:49+00:00","breadcrumb":{"@id":"https:\/\/staging.westnipissing.ca\/fr\/services-aux-residents\/garde-denfants\/#breadcrumb"},"inLanguage":"fr-FR","potentialAction":[{"@type":"ReadAction","target":["https:\/\/staging.westnipissing.ca\/fr\/services-aux-residents\/garde-denfants\/"]}]},{"@type":"BreadcrumbList","@id":"https:\/\/staging.westnipissing.ca\/fr\/services-aux-residents\/garde-denfants\/#breadcrumb","itemListElement":[{"@type":"ListItem","position":1,"name":"Home","item":"https:\/\/staging.westnipissing.ca\/fr\/"},{"@type":"ListItem","position":2,"name":"Services aux R\u00e9sidents","item":"https:\/\/staging.westnipissing.ca\/fr\/services-aux-residents\/"},{"@type":"ListItem","position":3,"name":"Garde d\u2019enfants"}]},{"@type":"WebSite","@id":"https:\/\/staging.westnipissing.ca\/fr\/#website","url":"https:\/\/staging.westnipissing.ca\/fr\/","name":"West Nipissing Ouest","description":"Find your Joie de vivre in West Nipissing.","publisher":{"@id":"https:\/\/staging.westnipissing.ca\/fr\/#organization"},"potentialAction":[{"@type":"SearchAction","target":{"@type":"EntryPoint","urlTemplate":"https:\/\/staging.westnipissing.ca\/fr\/?s={search_term_string}"},"query-input":{"@type":"PropertyValueSpecification","valueRequired":true,"valueName":"search_term_string"}}],"inLanguage":"fr-FR"},{"@type":"Organization","@id":"https:\/\/staging.westnipissing.ca\/fr\/#organization","name":"West Nipissing Ouest","url":"https:\/\/staging.westnipissing.ca\/fr\/","logo":{"@type":"ImageObject","inLanguage":"fr-FR","@id":"https:\/\/staging.westnipissing.ca\/fr\/#\/schema\/logo\/image\/","url":"https:\/\/staging.westnipissing.ca\/wp-content\/uploads\/2024\/04\/site-logo.png","contentUrl":"https:\/\/staging.westnipissing.ca\/wp-content\/uploads\/2024\/04\/site-logo.png","width":700,"height":225,"caption":"West Nipissing Ouest"},"image":{"@id":"https:\/\/staging.westnipissing.ca\/fr\/#\/schema\/logo\/image\/"},"sameAs":["https:\/\/www.facebook.com\/MunicipalityofWestNipissing\/","https:\/\/x.com\/West_Nipissing","https:\/\/www.youtube.com\/channel\/UCG6HWMXnA-RBiH-UdZVClHg"]}]}},"_links":{"self":[{"href":"https:\/\/staging.westnipissing.ca\/fr\/wp-json\/wp\/v2\/pages\/692","targetHints":{"allow":["GET"]}}],"collection":[{"href":"https:\/\/staging.westnipissing.ca\/fr\/wp-json\/wp\/v2\/pages"}],"about":[{"href":"https:\/\/staging.westnipissing.ca\/fr\/wp-json\/wp\/v2\/types\/page"}],"author":[{"embeddable":true,"href":"https:\/\/staging.westnipissing.ca\/fr\/wp-json\/wp\/v2\/users\/4"}],"replies":[{"embeddable":true,"href":"https:\/\/staging.westnipissing.ca\/fr\/wp-json\/wp\/v2\/comments?post=692"}],"version-history":[{"count":0,"href":"https:\/\/staging.westnipissing.ca\/fr\/wp-json\/wp\/v2\/pages\/692\/revisions"}],"up":[{"embeddable":true,"href":"https:\/\/staging.westnipissing.ca\/fr\/wp-json\/wp\/v2\/pages\/50762"}],"wp:attachment":[{"href":"https:\/\/staging.westnipissing.ca\/fr\/wp-json\/wp\/v2\/media?parent=692"}],"curies":[{"name":"wp","href":"https:\/\/api.w.org\/{rel}","templated":true}]}}