{"id":7110,"date":"2020-06-23T16:43:06","date_gmt":"2020-06-23T20:43:06","guid":{"rendered":"http:\/\/staging.westnipissing.ca\/culture-loisirs\/piscine-et-sante-physique\/fitness-programs\/"},"modified":"2025-04-24T14:50:57","modified_gmt":"2025-04-24T18:50:57","slug":"centre-d-entrainement-de-sturgeon-falls","status":"publish","type":"page","link":"https:\/\/staging.westnipissing.ca\/fr\/culture-loisirs\/piscine-et-sante-physique\/centre-d-entrainement-de-sturgeon-falls\/","title":{"rendered":"Centre d&#8217;entra\u00eenement de Sturgeon Falls"},"content":{"rendered":"\t\t<div data-elementor-type=\"wp-page\" data-elementor-id=\"7110\" class=\"elementor elementor-7110 elementor-2422\" data-elementor-post-type=\"page\">\n\t\t\t\t<div class=\"elementor-element elementor-element-bb122c8 e-flex e-con-boxed e-con e-parent\" data-id=\"bb122c8\" data-element_type=\"container\" data-e-type=\"container\">\n\t\t\t\t\t<div class=\"e-con-inner\">\n\t\t<div class=\"elementor-element elementor-element-fa905f0 e-con-full e-flex e-con e-child\" data-id=\"fa905f0\" data-element_type=\"container\" data-e-type=\"container\">\n\t\t\t\t<div class=\"elementor-element elementor-element-1e4a86b elementor-widget elementor-widget-text-editor\" data-id=\"1e4a86b\" data-element_type=\"widget\" data-e-type=\"widget\" data-widget_type=\"text-editor.default\">\n\t\t\t\t\t\t\t\t\t<h2 id=\"h-partez-du-bon-pied-soyez-actifs\" class=\"wp-block-heading\">Partez du bon pied, soyez actifs!<\/h2>\t\t\t\t\t\t\t\t<\/div>\n\t\t\t\t<div class=\"elementor-element elementor-element-ac79a49 elementor-widget elementor-widget-button\" data-id=\"ac79a49\" data-element_type=\"widget\" data-e-type=\"widget\" data-widget_type=\"button.default\">\n\t\t\t\t\t\t\t\t\t\t<a class=\"elementor-button elementor-button-link elementor-size-sm\" href=\"https:\/\/staging.westnipissing.ca\/wp-content\/uploads\/2025\/04\/Feb-24_Winter-2025-Schedule.pdf\">\n\t\t\t\t\t\t<span class=\"elementor-button-content-wrapper\">\n\t\t\t\t\t\t\t\t\t<span class=\"elementor-button-text\">Horaire d\u2019hiver 2025 (\u00e0 partir du 24 f\u00e9vrier)<\/span>\n\t\t\t\t\t<\/span>\n\t\t\t\t\t<\/a>\n\t\t\t\t\t\t\t\t<\/div>\n\t\t\t\t<div class=\"elementor-element elementor-element-bb8e921 elementor-widget elementor-widget-text-editor\" data-id=\"bb8e921\" data-element_type=\"widget\" data-e-type=\"widget\" data-widget_type=\"text-editor.default\">\n\t\t\t\t\t\t\t\t\t<div class=\"wp-block-columns is-layout-flex wp-container-core-columns-is-layout-1 wp-block-columns-is-layout-flex\">\n<div class=\"wp-block-column is-layout-flow wp-block-column-is-layout-flow\">\n<div class=\"wp-block-columns is-layout-flex wp-container-core-columns-is-layout-1 wp-block-columns-is-layout-flex\">\n<div class=\"wp-block-column is-layout-flow wp-block-column-is-layout-flow\">\n<p><a href=\"https:\/\/staging.westnipissing.ca\/fr\/culture-loisirs\/piscine-et-sante-physique\/centre-communautaire-et-recreatif-de-nipissing-ouest\/\"><strong>Cent<\/strong><\/a><strong><a href=\"https:\/\/staging.westnipissing.ca\/fr\/culture-loisirs\/piscine-et-sante-physique\/centre-communautaire-et-recreatif-de-nipissing-ouest\/\">re communautaire et r\u00e9cr\u00e9atif de Nipissing Ouest<\/a><\/strong><br \/>219 rue O\u2019Hara,<br \/>Sturgeon Falls, ON<br \/><a href=\"tel:7057530160\">705-753-0160<\/a><br \/><a href=\"mailto:recenterstaff@westnipissing.ca\">reccenterstaff@westnipissing.ca<\/a><\/p>\n<p><strong>Heures d\u2019ouvertures<\/strong><br \/>lundi au vendredi: 6 h 30 \u00e0 21 h<br \/>samedi: 8 h \u00e0 14 h<br \/>dimanche: 8 h \u00e0 14 h<\/p>\n<\/div>\n<\/div>\n<\/div>\n<\/div>\t\t\t\t\t\t\t\t<\/div>\n\t\t\t\t<\/div>\n\t\t<div data-dce-background-image-url=\"https:\/\/staging.westnipissing.ca\/wp-content\/uploads\/2025\/04\/dsc_0187-rec-center-1536x1021-1.jpg\" class=\"elementor-element elementor-element-56be5c8 e-con-full e-flex e-con e-child\" data-id=\"56be5c8\" data-element_type=\"container\" data-e-type=\"container\" data-settings=\"{&quot;background_background&quot;:&quot;classic&quot;}\">\n\t\t\t\t<\/div>\n\t\t\t\t\t<\/div>\n\t\t\t\t<\/div>\n\t\t<div class=\"elementor-element elementor-element-688f5cc e-flex e-con-boxed e-con e-parent\" data-id=\"688f5cc\" data-element_type=\"container\" data-e-type=\"container\">\n\t\t\t\t\t<div class=\"e-con-inner\">\n\t\t\t\t<div class=\"elementor-element elementor-element-e960798 elementor-widget elementor-widget-heading\" data-id=\"e960798\" data-element_type=\"widget\" data-e-type=\"widget\" data-widget_type=\"heading.default\">\n\t\t\t\t\t<h2 class=\"elementor-heading-title elementor-size-default\">Adh\u00e9sions<\/h2>\t\t\t\t<\/div>\n\t\t\t\t<div class=\"elementor-element elementor-element-a9bb585 elementor-widget elementor-widget-button\" data-id=\"a9bb585\" data-element_type=\"widget\" data-e-type=\"widget\" data-widget_type=\"button.default\">\n\t\t\t\t\t\t\t\t\t\t<a class=\"elementor-button elementor-button-link elementor-size-sm\" href=\"\/wp-content\/uploads\/2022\/05\/EN-GYM-and-GYM-POOL-Membership-May-2022.pdf\">\n\t\t\t\t\t\t<span class=\"elementor-button-content-wrapper\">\n\t\t\t\t\t\t\t\t\t<span class=\"elementor-button-text\">Visionnez et t\u00e9l\u00e9chargez notre guide d\u2019adh\u00e9sion<\/span>\n\t\t\t\t\t<\/span>\n\t\t\t\t\t<\/a>\n\t\t\t\t\t\t\t\t<\/div>\n\t\t\t\t<div class=\"elementor-element elementor-element-e96caf5 elementor-widget elementor-widget-text-editor\" data-id=\"e96caf5\" data-element_type=\"widget\" data-e-type=\"widget\" data-widget_type=\"text-editor.default\">\n\t\t\t\t\t\t\t\t\t<h4 id=\"h-les-residents-ages-de-75-ans-et-plus-peuvent-obtenir-une-adhesion-gratuite\" class=\"wp-block-heading\">Les r\u00e9sidents \u00e2g\u00e9s de\u00a0<strong>75 ans et plus<\/strong>\u00a0peuvent obtenir une\u00a0<strong>adh\u00e9sion GRATUITE<\/strong>.<\/h4>\n<div class=\"wp-block-spacer\" aria-hidden=\"true\">\u00a0<\/div>\n<h4 id=\"h-par-seance-drop-in\" class=\"wp-block-heading\">Par s\u00e9ance (\u00ab\u00a0drop-in\u00a0\u00bb)<\/h4>\n<figure class=\"wp-block-table\">\n<table>\n<tbody>\n<tr>\n<td><strong>Adultes<\/strong><\/td>\n<td><strong>Ain\u00e9es<\/strong><\/td>\n<td><strong>\u00c9tudiants (13-17)<\/strong><\/td>\n<\/tr>\n<tr>\n<td>$ 3.98\u00a0<sub>(+TVH)<\/sub><\/td>\n<td>$ 3.10\u00a0<sub>(+TVH)<\/sub><\/td>\n<td>$ 3.10\u00a0<sub>(+TVH)<\/sub><\/td>\n<\/tr>\n<\/tbody>\n<\/table>\n<\/figure>\n<div class=\"wp-block-spacer\" aria-hidden=\"true\">\u00a0<\/div>\n<h4 id=\"h-piscine-et-centre-d-entrainement\" class=\"wp-block-heading\">Piscine et Centre d\u2019entra\u00eenement<\/h4>\n<figure class=\"wp-block-table\">\n<table>\n<tbody>\n<tr>\n<td>\u00a0<\/td>\n<td><strong>1-Mois<\/strong><\/td>\n<td><strong>3-Mois<\/strong><\/td>\n<td><strong>Annuelle<\/strong><\/td>\n<\/tr>\n<tr>\n<td><strong>Adultes<\/strong><\/td>\n<td>$79.65\u00a0<sub>(+ TVH)<\/sub><\/td>\n<td>$128.32\u00a0<sub>(+ TVH)<\/sub><\/td>\n<td>$365.49\u00a0<sub>(+ TVH)<\/sub><\/td>\n<\/tr>\n<tr>\n<td><strong>Ain\u00e9es<\/strong><\/td>\n<td>$54.87<sub>\u00a0(+ TVH)<\/sub><\/td>\n<td>$86.73\u00a0<sub>(+ TVH)<\/sub><\/td>\n<td>$266.37\u00a0<sub>(+ TVH)<\/sub><\/td>\n<\/tr>\n<tr>\n<td><strong>\u00c9tudiants<\/strong><\/td>\n<td>$54.87\u00a0<sub>(+ TVH)<\/sub><\/td>\n<td>$86.73\u00a0<sub>(+ TVH)<\/sub><\/td>\n<td>$266.37\u00a0<sub>(+ TVH)<\/sub><\/td>\n<\/tr>\n<tr>\n<td><strong>Famille<\/strong><\/td>\n<td>$99.12\u00a0<sub>(+ TVH)<\/sub><\/td>\n<td>$195.58\u00a0<sub>(+ TVH)<\/sub><\/td>\n<td>$660.18\u00a0<sub>(+ TVH)<\/sub><\/td>\n<\/tr>\n<\/tbody>\n<\/table>\n<\/figure>\n<div class=\"wp-block-spacer\" aria-hidden=\"true\">\u00a0<\/div>\n<h4 id=\"h-centre-d-entrainement\" class=\"wp-block-heading\">Centre d\u2019entra\u00eenement<\/h4>\n<figure class=\"wp-block-table\">\n<table>\n<tbody>\n<tr>\n<td>\u00a0<\/td>\n<td><strong>1-Mois<\/strong><\/td>\n<td><strong>3-Mois<\/strong><\/td>\n<td><strong>Annuelle<\/strong><\/td>\n<\/tr>\n<tr>\n<td><strong>Adultes<\/strong><\/td>\n<td>$46.90\u00a0<sub>(+ TVH)<\/sub><\/td>\n<td>$98.23<sub>\u00a0(+ TVH)<\/sub><\/td>\n<td>$253.98<sub>\u00a0(+ TVH)<\/sub><\/td>\n<\/tr>\n<tr>\n<td><strong>Ain\u00e9es<\/strong><\/td>\n<td>$37.17<sub>\u00a0(+ TVH)<\/sub><\/td>\n<td>$74.34<sub>\u00a0(+ TVH)<\/sub><\/td>\n<td>$182.30<sub>\u00a0(+ TVH)<\/sub><\/td>\n<\/tr>\n<tr>\n<td><strong>\u00c9tudiants<\/strong><\/td>\n<td>$37.17\u00a0<sub>(+ TVH)<\/sub><\/td>\n<td>$74.34<sub>\u00a0(+ TVH)<\/sub><\/td>\n<td>$182.30<sub>\u00a0(+ TVH)<\/sub><\/td>\n<\/tr>\n<tr>\n<td><strong>Famille<\/strong><\/td>\n<td>$59.29<sub>\u00a0(+ TVH)<\/sub><\/td>\n<td>$146.02<sub>\u00a0(+ TVH)<\/sub><\/td>\n<td>$453.98<sub>\u00a0(+ TVH)<\/sub><\/td>\n<\/tr>\n<\/tbody>\n<\/table>\n<\/figure>\t\t\t\t\t\t\t\t<\/div>\n\t\t\t\t<div class=\"elementor-element elementor-element-dfb1c53 elementor-widget elementor-widget-heading\" data-id=\"dfb1c53\" data-element_type=\"widget\" data-e-type=\"widget\" data-widget_type=\"heading.default\">\n\t\t\t\t\t<h2 class=\"elementor-heading-title elementor-size-default\">R\u00e8glements<\/h2>\t\t\t\t<\/div>\n\t\t\t\t<div class=\"elementor-element elementor-element-32dbf80 elementor-widget elementor-widget-text-editor\" data-id=\"32dbf80\" data-element_type=\"widget\" data-e-type=\"widget\" data-widget_type=\"text-editor.default\">\n\t\t\t\t\t\t\t\t\t<h5>\u00c0 l\u2019entr\u00e9e \u00a0<\/h5>\n<ul>\n<li>Ne vous pr\u00e9sentez pas si vous avez une toux nouvelle ou qui s\u2019aggrave, de la fi\u00e8vre, ou si vous ne vous sentez pas bien.<\/li>\n<li>Vous devez remplir un questionnaire d\u2019aptitude \u00e0 l\u2019activit\u00e9 physique (Q-AAP) avant votre premi\u00e8re visite au Centre r\u00e9cr\u00e9atif. Le Q-AAP sera mis \u00e0 jour annuellement.<\/li>\n<\/ul>\n<h5>Dans les vestiaires<\/h5>\n<ul>\n<li>Des casiers sont disponibles pour ranger vos effets personnels.\u00a0 Vous devez fournir votre propre cadenas et retirer tous les objets et votre cadenas \u00e0 la fin de votre visite.\u00a0 Les cadenas laiss\u00e9s \u00e0 la fin de la journ\u00e9e seront coup\u00e9s par le personnel.<\/li>\n<li>Des douches sont \u00e0 votre disposition.<\/li>\n<li>Des vestiaires ferm\u00e9s par des rideaux sont \u00e0 votre disposition.<\/li>\n<li>Le vestiaire familial et le vestiaire pour personnes \u00e0 mobilit\u00e9 r\u00e9duite sont \u00e9galement disponibles.<\/li>\n<\/ul>\n<h5>Code vestimentaire\u00a0<\/h5>\n<ul>\n<li>Le port de v\u00eatements propres et secs est obligatoire.<\/li>\n<li>Le port d\u2019une chemise est obligatoire en tout temps.<\/li>\n<li>Le port de chaussures de sport propres et ferm\u00e9es est obligatoire. Les pieds nus ou en bas ne sont pas autoris\u00e9s pour des raisons de s\u00e9curit\u00e9.<\/li>\n<li><strong>AUCUNE chaussure ext\u00e9rieure\u00a0<\/strong>n\u2019est autoris\u00e9e<\/li>\n<\/ul>\n<h5>\u00a0Au Centre\u00a0d\u2019entra\u00eenement<\/h5>\n<ul>\n<li>Avant d\u2019utiliser le Centre d\u2019entra\u00eenement, vous devez lire et accepter le Code de conduite.Le non-respect du Code de conduite entra\u00eenera la suspension ou l\u2019annulation de vos privil\u00e8ges de membre.<\/li>\n<\/ul>\n<h5>Politique d\u2019annulation<\/h5>\n<ul>\n<li>Le non-respect des r\u00e8glements peut entra\u00eener l\u2019annulation de votre adh\u00e9sion ou votre suspension du Centre communautaire et r\u00e9cr\u00e9atif de Nipissing Ouest. Nous vous rappelons que vous \u00eates film\u00e9 en tout temps lorsque vous utilisez la salle de mise en forme.Ces r\u00e8glements sont susceptibles d\u2019\u00eatre modifi\u00e9s; la Municipalit\u00e9 de Nipissing Ouest se r\u00e9serve le droit d\u2019apporter des modifications en tout temps.<\/li>\n<\/ul>\t\t\t\t\t\t\t\t<\/div>\n\t\t\t\t\t<\/div>\n\t\t\t\t<\/div>\n\t\t\t\t<\/div>\n\t\t","protected":false},"excerpt":{"rendered":"<p>Partez du bon pied, soyez actifs! Horaire d\u2019hiver 2025 (\u00e0 partir du 24 f\u00e9vrier) Centre communautaire et r\u00e9cr\u00e9atif de Nipissing Ouest219 rue O\u2019Hara,Sturgeon Falls, ON705-753-0160reccenterstaff@westnipissing.ca Heures d\u2019ouvertureslundi au vendredi: 6 [&hellip;]<\/p>\n","protected":false},"author":4,"featured_media":0,"parent":769,"menu_order":0,"comment_status":"closed","ping_status":"closed","template":"elementor_theme","meta":{"_acf_changed":false,"_searchwp_excluded":"","footnotes":""},"class_list":["post-7110","page","type-page","status-publish","hentry"],"acf":[],"yoast_head":"<!-- This site is optimized with the Yoast SEO Premium plugin v26.5 (Yoast SEO v27.4) - https:\/\/yoast.com\/product\/yoast-seo-premium-wordpress\/ -->\n<title>Centre d&#039;entra\u00eenement de Sturgeon Falls - STAGING: West Nipissing Ouest<\/title>\n<meta name=\"robots\" content=\"noindex, follow, max-snippet:-1, max-image-preview:large, max-video-preview:-1\" \/>\n<meta property=\"og:locale\" content=\"fr_FR\" \/>\n<meta property=\"og:type\" content=\"article\" \/>\n<meta property=\"og:title\" content=\"Centre d&#039;entra\u00eenement de Sturgeon Falls\" \/>\n<meta property=\"og:description\" content=\"Partez du bon pied, soyez actifs! Horaire d\u2019hiver 2025 (\u00e0 partir du 24 f\u00e9vrier) Centre communautaire et r\u00e9cr\u00e9atif de Nipissing Ouest219 rue O\u2019Hara,Sturgeon Falls, ON705-753-0160reccenterstaff@westnipissing.ca Heures d\u2019ouvertureslundi au vendredi: 6 [&hellip;]\" \/>\n<meta property=\"og:url\" content=\"https:\/\/staging.westnipissing.ca\/fr\/culture-loisirs\/piscine-et-sante-physique\/centre-d-entrainement-de-sturgeon-falls\/\" \/>\n<meta property=\"og:site_name\" content=\"STAGING: West Nipissing Ouest\" \/>\n<meta property=\"article:publisher\" content=\"https:\/\/www.facebook.com\/MunicipalityofWestNipissing\/\" \/>\n<meta property=\"article:modified_time\" content=\"2025-04-24T18:50:57+00:00\" \/>\n<meta name=\"twitter:card\" content=\"summary_large_image\" \/>\n<meta name=\"twitter:site\" content=\"@West_Nipissing\" \/>\n<meta name=\"twitter:label1\" content=\"Dur\u00e9e de lecture estim\u00e9e\" \/>\n\t<meta name=\"twitter:data1\" content=\"1 minute\" \/>\n<script type=\"application\/ld+json\" class=\"yoast-schema-graph\">{\"@context\":\"https:\\\/\\\/schema.org\",\"@graph\":[{\"@type\":\"WebPage\",\"@id\":\"https:\\\/\\\/staging.westnipissing.ca\\\/fr\\\/culture-loisirs\\\/piscine-et-sante-physique\\\/centre-d-entrainement-de-sturgeon-falls\\\/\",\"url\":\"https:\\\/\\\/staging.westnipissing.ca\\\/fr\\\/culture-loisirs\\\/piscine-et-sante-physique\\\/centre-d-entrainement-de-sturgeon-falls\\\/\",\"name\":\"Centre d'entra\u00eenement de Sturgeon Falls - STAGING: West Nipissing Ouest\",\"isPartOf\":{\"@id\":\"https:\\\/\\\/staging.westnipissing.ca\\\/fr\\\/#website\"},\"datePublished\":\"2020-06-23T20:43:06+00:00\",\"dateModified\":\"2025-04-24T18:50:57+00:00\",\"breadcrumb\":{\"@id\":\"https:\\\/\\\/staging.westnipissing.ca\\\/fr\\\/culture-loisirs\\\/piscine-et-sante-physique\\\/centre-d-entrainement-de-sturgeon-falls\\\/#breadcrumb\"},\"inLanguage\":\"fr-FR\",\"potentialAction\":[{\"@type\":\"ReadAction\",\"target\":[\"https:\\\/\\\/staging.westnipissing.ca\\\/fr\\\/culture-loisirs\\\/piscine-et-sante-physique\\\/centre-d-entrainement-de-sturgeon-falls\\\/\"]}]},{\"@type\":\"BreadcrumbList\",\"@id\":\"https:\\\/\\\/staging.westnipissing.ca\\\/fr\\\/culture-loisirs\\\/piscine-et-sante-physique\\\/centre-d-entrainement-de-sturgeon-falls\\\/#breadcrumb\",\"itemListElement\":[{\"@type\":\"ListItem\",\"position\":1,\"name\":\"Home\",\"item\":\"https:\\\/\\\/staging.westnipissing.ca\\\/fr\\\/\"},{\"@type\":\"ListItem\",\"position\":2,\"name\":\"Culture et loisirs\",\"item\":\"https:\\\/\\\/staging.westnipissing.ca\\\/fr\\\/culture-loisirs\\\/\"},{\"@type\":\"ListItem\",\"position\":3,\"name\":\"Piscine et sant\u00e9 physique\",\"item\":\"https:\\\/\\\/staging.westnipissing.ca\\\/fr\\\/culture-loisirs\\\/piscine-et-sante-physique\\\/\"},{\"@type\":\"ListItem\",\"position\":4,\"name\":\"Centre d&#8217;entra\u00eenement de Sturgeon Falls\"}]},{\"@type\":\"WebSite\",\"@id\":\"https:\\\/\\\/staging.westnipissing.ca\\\/fr\\\/#website\",\"url\":\"https:\\\/\\\/staging.westnipissing.ca\\\/fr\\\/\",\"name\":\"West Nipissing Ouest\",\"description\":\"Find your Joie de vivre in West Nipissing.\",\"publisher\":{\"@id\":\"https:\\\/\\\/staging.westnipissing.ca\\\/fr\\\/#organization\"},\"potentialAction\":[{\"@type\":\"SearchAction\",\"target\":{\"@type\":\"EntryPoint\",\"urlTemplate\":\"https:\\\/\\\/staging.westnipissing.ca\\\/fr\\\/?s={search_term_string}\"},\"query-input\":{\"@type\":\"PropertyValueSpecification\",\"valueRequired\":true,\"valueName\":\"search_term_string\"}}],\"inLanguage\":\"fr-FR\"},{\"@type\":\"Organization\",\"@id\":\"https:\\\/\\\/staging.westnipissing.ca\\\/fr\\\/#organization\",\"name\":\"West Nipissing Ouest\",\"url\":\"https:\\\/\\\/staging.westnipissing.ca\\\/fr\\\/\",\"logo\":{\"@type\":\"ImageObject\",\"inLanguage\":\"fr-FR\",\"@id\":\"https:\\\/\\\/staging.westnipissing.ca\\\/fr\\\/#\\\/schema\\\/logo\\\/image\\\/\",\"url\":\"https:\\\/\\\/staging.westnipissing.ca\\\/wp-content\\\/uploads\\\/2024\\\/04\\\/site-logo.png\",\"contentUrl\":\"https:\\\/\\\/staging.westnipissing.ca\\\/wp-content\\\/uploads\\\/2024\\\/04\\\/site-logo.png\",\"width\":700,\"height\":225,\"caption\":\"West Nipissing Ouest\"},\"image\":{\"@id\":\"https:\\\/\\\/staging.westnipissing.ca\\\/fr\\\/#\\\/schema\\\/logo\\\/image\\\/\"},\"sameAs\":[\"https:\\\/\\\/www.facebook.com\\\/MunicipalityofWestNipissing\\\/\",\"https:\\\/\\\/x.com\\\/West_Nipissing\",\"https:\\\/\\\/www.youtube.com\\\/channel\\\/UCG6HWMXnA-RBiH-UdZVClHg\"]}]}<\/script>\n<!-- \/ Yoast SEO Premium plugin. -->","yoast_head_json":{"title":"Centre d'entra\u00eenement de Sturgeon Falls - STAGING: West Nipissing Ouest","robots":{"index":"noindex","follow":"follow","max-snippet":"max-snippet:-1","max-image-preview":"max-image-preview:large","max-video-preview":"max-video-preview:-1"},"og_locale":"fr_FR","og_type":"article","og_title":"Centre d'entra\u00eenement de Sturgeon Falls","og_description":"Partez du bon pied, soyez actifs! Horaire d\u2019hiver 2025 (\u00e0 partir du 24 f\u00e9vrier) Centre communautaire et r\u00e9cr\u00e9atif de Nipissing Ouest219 rue O\u2019Hara,Sturgeon Falls, ON705-753-0160reccenterstaff@westnipissing.ca Heures d\u2019ouvertureslundi au vendredi: 6 [&hellip;]","og_url":"https:\/\/staging.westnipissing.ca\/fr\/culture-loisirs\/piscine-et-sante-physique\/centre-d-entrainement-de-sturgeon-falls\/","og_site_name":"STAGING: West Nipissing Ouest","article_publisher":"https:\/\/www.facebook.com\/MunicipalityofWestNipissing\/","article_modified_time":"2025-04-24T18:50:57+00:00","twitter_card":"summary_large_image","twitter_site":"@West_Nipissing","twitter_misc":{"Dur\u00e9e de lecture estim\u00e9e":"1 minute"},"schema":{"@context":"https:\/\/schema.org","@graph":[{"@type":"WebPage","@id":"https:\/\/staging.westnipissing.ca\/fr\/culture-loisirs\/piscine-et-sante-physique\/centre-d-entrainement-de-sturgeon-falls\/","url":"https:\/\/staging.westnipissing.ca\/fr\/culture-loisirs\/piscine-et-sante-physique\/centre-d-entrainement-de-sturgeon-falls\/","name":"Centre d'entra\u00eenement de Sturgeon Falls - STAGING: West Nipissing Ouest","isPartOf":{"@id":"https:\/\/staging.westnipissing.ca\/fr\/#website"},"datePublished":"2020-06-23T20:43:06+00:00","dateModified":"2025-04-24T18:50:57+00:00","breadcrumb":{"@id":"https:\/\/staging.westnipissing.ca\/fr\/culture-loisirs\/piscine-et-sante-physique\/centre-d-entrainement-de-sturgeon-falls\/#breadcrumb"},"inLanguage":"fr-FR","potentialAction":[{"@type":"ReadAction","target":["https:\/\/staging.westnipissing.ca\/fr\/culture-loisirs\/piscine-et-sante-physique\/centre-d-entrainement-de-sturgeon-falls\/"]}]},{"@type":"BreadcrumbList","@id":"https:\/\/staging.westnipissing.ca\/fr\/culture-loisirs\/piscine-et-sante-physique\/centre-d-entrainement-de-sturgeon-falls\/#breadcrumb","itemListElement":[{"@type":"ListItem","position":1,"name":"Home","item":"https:\/\/staging.westnipissing.ca\/fr\/"},{"@type":"ListItem","position":2,"name":"Culture et loisirs","item":"https:\/\/staging.westnipissing.ca\/fr\/culture-loisirs\/"},{"@type":"ListItem","position":3,"name":"Piscine et sant\u00e9 physique","item":"https:\/\/staging.westnipissing.ca\/fr\/culture-loisirs\/piscine-et-sante-physique\/"},{"@type":"ListItem","position":4,"name":"Centre d&#8217;entra\u00eenement de Sturgeon Falls"}]},{"@type":"WebSite","@id":"https:\/\/staging.westnipissing.ca\/fr\/#website","url":"https:\/\/staging.westnipissing.ca\/fr\/","name":"West Nipissing Ouest","description":"Find your Joie de vivre in West Nipissing.","publisher":{"@id":"https:\/\/staging.westnipissing.ca\/fr\/#organization"},"potentialAction":[{"@type":"SearchAction","target":{"@type":"EntryPoint","urlTemplate":"https:\/\/staging.westnipissing.ca\/fr\/?s={search_term_string}"},"query-input":{"@type":"PropertyValueSpecification","valueRequired":true,"valueName":"search_term_string"}}],"inLanguage":"fr-FR"},{"@type":"Organization","@id":"https:\/\/staging.westnipissing.ca\/fr\/#organization","name":"West Nipissing Ouest","url":"https:\/\/staging.westnipissing.ca\/fr\/","logo":{"@type":"ImageObject","inLanguage":"fr-FR","@id":"https:\/\/staging.westnipissing.ca\/fr\/#\/schema\/logo\/image\/","url":"https:\/\/staging.westnipissing.ca\/wp-content\/uploads\/2024\/04\/site-logo.png","contentUrl":"https:\/\/staging.westnipissing.ca\/wp-content\/uploads\/2024\/04\/site-logo.png","width":700,"height":225,"caption":"West Nipissing Ouest"},"image":{"@id":"https:\/\/staging.westnipissing.ca\/fr\/#\/schema\/logo\/image\/"},"sameAs":["https:\/\/www.facebook.com\/MunicipalityofWestNipissing\/","https:\/\/x.com\/West_Nipissing","https:\/\/www.youtube.com\/channel\/UCG6HWMXnA-RBiH-UdZVClHg"]}]}},"_links":{"self":[{"href":"https:\/\/staging.westnipissing.ca\/fr\/wp-json\/wp\/v2\/pages\/7110","targetHints":{"allow":["GET"]}}],"collection":[{"href":"https:\/\/staging.westnipissing.ca\/fr\/wp-json\/wp\/v2\/pages"}],"about":[{"href":"https:\/\/staging.westnipissing.ca\/fr\/wp-json\/wp\/v2\/types\/page"}],"author":[{"embeddable":true,"href":"https:\/\/staging.westnipissing.ca\/fr\/wp-json\/wp\/v2\/users\/4"}],"replies":[{"embeddable":true,"href":"https:\/\/staging.westnipissing.ca\/fr\/wp-json\/wp\/v2\/comments?post=7110"}],"version-history":[{"count":0,"href":"https:\/\/staging.westnipissing.ca\/fr\/wp-json\/wp\/v2\/pages\/7110\/revisions"}],"up":[{"embeddable":true,"href":"https:\/\/staging.westnipissing.ca\/fr\/wp-json\/wp\/v2\/pages\/769"}],"wp:attachment":[{"href":"https:\/\/staging.westnipissing.ca\/fr\/wp-json\/wp\/v2\/media?parent=7110"}],"curies":[{"name":"wp","href":"https:\/\/api.w.org\/{rel}","templated":true}]}}