{"id":715,"date":"2020-01-06T12:24:06","date_gmt":"2020-01-06T17:24:06","guid":{"rendered":"https:\/\/staging.westnipissing.ca\/?page_id=715"},"modified":"2025-05-28T11:28:39","modified_gmt":"2025-05-28T15:28:39","slug":"culture-loisirs","status":"publish","type":"page","link":"https:\/\/staging.westnipissing.ca\/fr\/culture-loisirs\/","title":{"rendered":"Culture et loisirs"},"content":{"rendered":"\t\t<div data-elementor-type=\"wp-page\" data-elementor-id=\"715\" class=\"elementor elementor-715 elementor-436\" data-elementor-post-type=\"page\">\n\t\t\t\t<div class=\"elementor-element elementor-element-ce59b04 e-flex e-con-boxed e-con e-parent\" data-id=\"ce59b04\" data-element_type=\"container\" data-e-type=\"container\">\n\t\t\t\t\t<div class=\"e-con-inner\">\n\t\t\t\t<div class=\"elementor-element elementor-element-6992b69 border-1 elementor-widget elementor-widget-parent-child-menu\" data-id=\"6992b69\" data-element_type=\"widget\" data-e-type=\"widget\" data-widget_type=\"parent-child-menu.default\">\n\t\t\t\t<div class=\"elementor-widget-container\">\n\t\t\t\t\t<nav class=\"dce-menu vertical\"><ul class=\"first-level\"><li class=\"item-53025\"><a href=\"https:\/\/staging.westnipissing.ca\/fr\/culture-loisirs\/guide-des-loisirs\/\">Guide des loisirs<\/a><\/li><li class=\"item-47609\"><a href=\"https:\/\/staging.westnipissing.ca\/fr\/culture-loisirs\/arenas-et-patinoires\/\">Ar\u00e9nas et patinoires<\/a><ul class=\"second-level\"><li class=\"item-41897\"><a href=\"https:\/\/staging.westnipissing.ca\/fr\/culture-loisirs\/arenas-et-patinoires\/patinoires-exterieures\/\">Patinoires ext\u00e9rieures<\/a><\/li><\/ul><\/li><li class=\"item-746\"><a href=\"https:\/\/staging.westnipissing.ca\/fr\/culture-loisirs\/arts-et-culture\/\">Arts et culture<\/a><ul class=\"second-level\"><li class=\"item-1165\"><a href=\"https:\/\/staging.westnipissing.ca\/fr\/culture-loisirs\/arts-et-culture\/temples-de-la-renommee-des-sports-de-nipissing-ouest\/\">Temple de la renomm\u00e9e des sports de Nipissing Ouest<\/a><\/li><li class=\"item-50406\"><a href=\"https:\/\/staging.westnipissing.ca\/fr\/culture-loisirs\/arts-et-culture\/promenade-artistique-au-centre-ville\/\">Promenade artistique au centre-ville<\/a><\/li><\/ul><\/li><li class=\"item-750\"><a href=\"https:\/\/staging.westnipissing.ca\/fr\/culture-loisirs\/plages-et-quaies\/\">Plages et quaies<\/a><\/li><li class=\"item-752\"><a href=\"https:\/\/staging.westnipissing.ca\/fr\/culture-loisirs\/evenements\/\">Calendrier d'\u00e9v\u00e9nements<\/a><\/li><li class=\"item-754\"><a href=\"https:\/\/staging.westnipissing.ca\/fr\/culture-loisirs\/salles-et-installations\/\">Installations<\/a><ul class=\"second-level\"><li class=\"item-47639\"><a href=\"https:\/\/staging.westnipissing.ca\/fr\/culture-loisirs\/salles-et-installations\/salles\/\">Salles<\/a><\/li><\/ul><\/li><li class=\"item-765\"><a href=\"https:\/\/staging.westnipissing.ca\/fr\/culture-loisirs\/bibliotheques\/\">Biblioth\u00e8que<\/a><\/li><li class=\"item-1266\"><a href=\"https:\/\/staging.westnipissing.ca\/fr\/culture-loisirs\/minnehaha-bay-municipal-marina\/\">Marina municipale \u00e0 la baie Minnehaha<\/a><\/li><li class=\"item-769\"><a href=\"https:\/\/staging.westnipissing.ca\/fr\/culture-loisirs\/piscine-et-sante-physique\/\">Piscine et sant\u00e9 physique<\/a><ul class=\"second-level\"><li class=\"item-1289\"><a href=\"https:\/\/staging.westnipissing.ca\/fr\/culture-loisirs\/piscine-et-sante-physique\/cours-de-natation\/\">Cours de natation<\/a><\/li><li class=\"item-1296\"><a href=\"https:\/\/staging.westnipissing.ca\/fr\/culture-loisirs\/piscine-et-sante-physique\/programmes-de-la-piscine\/\">Programmes de piscine<\/a><\/li><li class=\"item-1301\"><a href=\"https:\/\/staging.westnipissing.ca\/fr\/culture-loisirs\/piscine-et-sante-physique\/centre-communautaire-et-recreatif-de-nipissing-ouest\/\">Centre communautaire et r\u00e9cr\u00e9atif de Nipissing Ouest<\/a><\/li><li class=\"item-1309\"><a href=\"https:\/\/staging.westnipissing.ca\/fr\/culture-loisirs\/piscine-et-sante-physique\/centre-d-entrainement-de-verner\/\">Centre d'entra\u00eenement\u00a0de Verner<\/a><\/li><li class=\"item-7110\"><a href=\"https:\/\/staging.westnipissing.ca\/fr\/culture-loisirs\/piscine-et-sante-physique\/centre-d-entrainement-de-sturgeon-falls\/\">Centre d'entra\u00eenement de Sturgeon Falls<\/a><\/li><li class=\"item-43958\"><a href=\"https:\/\/staging.westnipissing.ca\/fr\/culture-loisirs\/piscine-et-sante-physique\/cours-de-sauvetage\/\">Cours de sauvetage<\/a><\/li><li class=\"item-47871\"><a href=\"https:\/\/staging.westnipissing.ca\/fr\/culture-loisirs\/piscine-et-sante-physique\/pickleball\/\">Pickleball<\/a><\/li><\/ul><\/li><li class=\"item-47900\"><a href=\"https:\/\/staging.westnipissing.ca\/fr\/culture-loisirs\/parcs-et-terrains-de-jeux\/\">Parcs et terrains de jeux<\/a><\/li><li class=\"item-47644\"><a href=\"https:\/\/staging.westnipissing.ca\/fr\/culture-loisirs\/musee-sturgeon-river-house\/\">Mus\u00e9e Sturgeon River House<\/a><\/li><li class=\"item-759\"><a href=\"https:\/\/staging.westnipissing.ca\/fr\/culture-loisirs\/carte-touristique\/\">Carte touristique<\/a><\/li><li class=\"item-761\"><a href=\"https:\/\/staging.westnipissing.ca\/fr\/culture-loisirs\/visiteurs\/\">Visiteurs<\/a><ul class=\"second-level\"><li class=\"item-763\"><a href=\"https:\/\/staging.westnipissing.ca\/fr\/culture-loisirs\/visiteurs\/accommodations\/\">Accommodations<\/a><\/li><li class=\"item-774\"><a href=\"https:\/\/staging.westnipissing.ca\/fr\/culture-loisirs\/visiteurs\/restaurants\/\">Restaurants<\/a><\/li><\/ul><\/li><li class=\"item-777\"><a href=\"https:\/\/staging.westnipissing.ca\/fr\/culture-loisirs\/en-plein-air\/\">En plein air<\/a><ul class=\"second-level\"><li class=\"item-781\"><a href=\"https:\/\/staging.westnipissing.ca\/fr\/culture-loisirs\/en-plein-air\/chasse-peche-et-nature\/\">Chasse, p\u00eache et nature<\/a><\/li><li class=\"item-785\"><a href=\"https:\/\/staging.westnipissing.ca\/fr\/culture-loisirs\/en-plein-air\/activites-dete\/\">Activit\u00e9s d\u2019\u00e9t\u00e9<\/a><\/li><li class=\"item-783\"><a href=\"https:\/\/staging.westnipissing.ca\/fr\/culture-loisirs\/en-plein-air\/activites-hivernales\/\">Activit\u00e9s hivernales<\/a><\/li><\/ul><\/li><li class=\"item-748\"><a href=\"https:\/\/staging.westnipissing.ca\/fr\/culture-loisirs\/benevole\/\">Devenez b\u00e9n\u00e9vole<\/a><\/li><\/ul><\/nav>\t\t\t\t<\/div>\n\t\t\t\t<\/div>\n\t\t\t\t\t<\/div>\n\t\t\t\t<\/div>\n\t\t\t\t<\/div>\n\t\t","protected":false},"excerpt":{"rendered":"<p>Ar\u00e9nas et patinoires Patinoires ext\u00e9rieures Arts et culture Temple de la renomm\u00e9e des sports de Nipissing Ouest Promenade artistique au centre-ville Plages et quaies Calendrier d&#8217;\u00e9v\u00e9nements Installations Salles Biblioth\u00e8que Marina [&hellip;]<\/p>\n","protected":false},"author":4,"featured_media":3989,"parent":0,"menu_order":2,"comment_status":"closed","ping_status":"closed","template":"elementor_theme","meta":{"_acf_changed":false,"_searchwp_excluded":"","footnotes":""},"class_list":["post-715","page","type-page","status-publish","has-post-thumbnail","hentry"],"acf":[],"yoast_head":"<!-- This site is optimized with the Yoast SEO Premium plugin v26.5 (Yoast SEO v27.4) - https:\/\/yoast.com\/product\/yoast-seo-premium-wordpress\/ -->\n<title>Culture et loisirs - STAGING: West Nipissing Ouest<\/title>\n<meta name=\"robots\" content=\"noindex, follow, max-snippet:-1, max-image-preview:large, max-video-preview:-1\" \/>\n<meta property=\"og:locale\" content=\"fr_FR\" \/>\n<meta property=\"og:type\" content=\"article\" \/>\n<meta property=\"og:title\" content=\"Culture et loisirs\" \/>\n<meta property=\"og:description\" content=\"Ar\u00e9nas et patinoires Patinoires ext\u00e9rieures Arts et culture Temple de la renomm\u00e9e des sports de Nipissing Ouest Promenade artistique au centre-ville Plages et quaies Calendrier d&#8217;\u00e9v\u00e9nements Installations Salles Biblioth\u00e8que Marina [&hellip;]\" \/>\n<meta property=\"og:url\" content=\"https:\/\/staging.westnipissing.ca\/fr\/culture-loisirs\/\" \/>\n<meta property=\"og:site_name\" content=\"STAGING: West Nipissing Ouest\" \/>\n<meta property=\"article:publisher\" content=\"https:\/\/www.facebook.com\/MunicipalityofWestNipissing\/\" \/>\n<meta property=\"article:modified_time\" content=\"2025-05-28T15:28:39+00:00\" \/>\n<meta property=\"og:image\" content=\"https:\/\/staging.westnipissing.ca\/wp-content\/uploads\/2020\/08\/Camping-Sunset--scaled.jpeg\" \/>\n\t<meta property=\"og:image:width\" content=\"2560\" \/>\n\t<meta property=\"og:image:height\" content=\"1509\" \/>\n\t<meta property=\"og:image:type\" content=\"image\/jpeg\" \/>\n<meta name=\"twitter:card\" content=\"summary_large_image\" \/>\n<meta name=\"twitter:site\" content=\"@West_Nipissing\" \/>\n<script type=\"application\/ld+json\" class=\"yoast-schema-graph\">{\"@context\":\"https:\\\/\\\/schema.org\",\"@graph\":[{\"@type\":\"WebPage\",\"@id\":\"https:\\\/\\\/staging.westnipissing.ca\\\/fr\\\/culture-loisirs\\\/\",\"url\":\"https:\\\/\\\/staging.westnipissing.ca\\\/fr\\\/culture-loisirs\\\/\",\"name\":\"Culture et loisirs - STAGING: West Nipissing Ouest\",\"isPartOf\":{\"@id\":\"https:\\\/\\\/staging.westnipissing.ca\\\/fr\\\/#website\"},\"primaryImageOfPage\":{\"@id\":\"https:\\\/\\\/staging.westnipissing.ca\\\/fr\\\/culture-loisirs\\\/#primaryimage\"},\"image\":{\"@id\":\"https:\\\/\\\/staging.westnipissing.ca\\\/fr\\\/culture-loisirs\\\/#primaryimage\"},\"thumbnailUrl\":\"https:\\\/\\\/staging.westnipissing.ca\\\/wp-content\\\/uploads\\\/2020\\\/08\\\/Camping-Sunset--scaled.jpeg\",\"datePublished\":\"2020-01-06T17:24:06+00:00\",\"dateModified\":\"2025-05-28T15:28:39+00:00\",\"breadcrumb\":{\"@id\":\"https:\\\/\\\/staging.westnipissing.ca\\\/fr\\\/culture-loisirs\\\/#breadcrumb\"},\"inLanguage\":\"fr-FR\",\"potentialAction\":[{\"@type\":\"ReadAction\",\"target\":[\"https:\\\/\\\/staging.westnipissing.ca\\\/fr\\\/culture-loisirs\\\/\"]}]},{\"@type\":\"ImageObject\",\"inLanguage\":\"fr-FR\",\"@id\":\"https:\\\/\\\/staging.westnipissing.ca\\\/fr\\\/culture-loisirs\\\/#primaryimage\",\"url\":\"https:\\\/\\\/staging.westnipissing.ca\\\/wp-content\\\/uploads\\\/2020\\\/08\\\/Camping-Sunset--scaled.jpeg\",\"contentUrl\":\"https:\\\/\\\/staging.westnipissing.ca\\\/wp-content\\\/uploads\\\/2020\\\/08\\\/Camping-Sunset--scaled.jpeg\",\"width\":2560,\"height\":1509,\"caption\":\"silhouette of five people sitting near campfire against sunset, empty space for text\"},{\"@type\":\"BreadcrumbList\",\"@id\":\"https:\\\/\\\/staging.westnipissing.ca\\\/fr\\\/culture-loisirs\\\/#breadcrumb\",\"itemListElement\":[{\"@type\":\"ListItem\",\"position\":1,\"name\":\"Home\",\"item\":\"https:\\\/\\\/staging.westnipissing.ca\\\/fr\\\/\"},{\"@type\":\"ListItem\",\"position\":2,\"name\":\"Culture et loisirs\"}]},{\"@type\":\"WebSite\",\"@id\":\"https:\\\/\\\/staging.westnipissing.ca\\\/fr\\\/#website\",\"url\":\"https:\\\/\\\/staging.westnipissing.ca\\\/fr\\\/\",\"name\":\"West Nipissing Ouest\",\"description\":\"Find your Joie de vivre in West Nipissing.\",\"publisher\":{\"@id\":\"https:\\\/\\\/staging.westnipissing.ca\\\/fr\\\/#organization\"},\"potentialAction\":[{\"@type\":\"SearchAction\",\"target\":{\"@type\":\"EntryPoint\",\"urlTemplate\":\"https:\\\/\\\/staging.westnipissing.ca\\\/fr\\\/?s={search_term_string}\"},\"query-input\":{\"@type\":\"PropertyValueSpecification\",\"valueRequired\":true,\"valueName\":\"search_term_string\"}}],\"inLanguage\":\"fr-FR\"},{\"@type\":\"Organization\",\"@id\":\"https:\\\/\\\/staging.westnipissing.ca\\\/fr\\\/#organization\",\"name\":\"West Nipissing Ouest\",\"url\":\"https:\\\/\\\/staging.westnipissing.ca\\\/fr\\\/\",\"logo\":{\"@type\":\"ImageObject\",\"inLanguage\":\"fr-FR\",\"@id\":\"https:\\\/\\\/staging.westnipissing.ca\\\/fr\\\/#\\\/schema\\\/logo\\\/image\\\/\",\"url\":\"https:\\\/\\\/staging.westnipissing.ca\\\/wp-content\\\/uploads\\\/2024\\\/04\\\/site-logo.png\",\"contentUrl\":\"https:\\\/\\\/staging.westnipissing.ca\\\/wp-content\\\/uploads\\\/2024\\\/04\\\/site-logo.png\",\"width\":700,\"height\":225,\"caption\":\"West Nipissing Ouest\"},\"image\":{\"@id\":\"https:\\\/\\\/staging.westnipissing.ca\\\/fr\\\/#\\\/schema\\\/logo\\\/image\\\/\"},\"sameAs\":[\"https:\\\/\\\/www.facebook.com\\\/MunicipalityofWestNipissing\\\/\",\"https:\\\/\\\/x.com\\\/West_Nipissing\",\"https:\\\/\\\/www.youtube.com\\\/channel\\\/UCG6HWMXnA-RBiH-UdZVClHg\"]}]}<\/script>\n<!-- \/ Yoast SEO Premium plugin. -->","yoast_head_json":{"title":"Culture et loisirs - STAGING: West Nipissing Ouest","robots":{"index":"noindex","follow":"follow","max-snippet":"max-snippet:-1","max-image-preview":"max-image-preview:large","max-video-preview":"max-video-preview:-1"},"og_locale":"fr_FR","og_type":"article","og_title":"Culture et loisirs","og_description":"Ar\u00e9nas et patinoires Patinoires ext\u00e9rieures Arts et culture Temple de la renomm\u00e9e des sports de Nipissing Ouest Promenade artistique au centre-ville Plages et quaies Calendrier d&#8217;\u00e9v\u00e9nements Installations Salles Biblioth\u00e8que Marina [&hellip;]","og_url":"https:\/\/staging.westnipissing.ca\/fr\/culture-loisirs\/","og_site_name":"STAGING: West Nipissing Ouest","article_publisher":"https:\/\/www.facebook.com\/MunicipalityofWestNipissing\/","article_modified_time":"2025-05-28T15:28:39+00:00","og_image":[{"width":2560,"height":1509,"url":"https:\/\/staging.westnipissing.ca\/wp-content\/uploads\/2020\/08\/Camping-Sunset--scaled.jpeg","type":"image\/jpeg"}],"twitter_card":"summary_large_image","twitter_site":"@West_Nipissing","schema":{"@context":"https:\/\/schema.org","@graph":[{"@type":"WebPage","@id":"https:\/\/staging.westnipissing.ca\/fr\/culture-loisirs\/","url":"https:\/\/staging.westnipissing.ca\/fr\/culture-loisirs\/","name":"Culture et loisirs - STAGING: West Nipissing Ouest","isPartOf":{"@id":"https:\/\/staging.westnipissing.ca\/fr\/#website"},"primaryImageOfPage":{"@id":"https:\/\/staging.westnipissing.ca\/fr\/culture-loisirs\/#primaryimage"},"image":{"@id":"https:\/\/staging.westnipissing.ca\/fr\/culture-loisirs\/#primaryimage"},"thumbnailUrl":"https:\/\/staging.westnipissing.ca\/wp-content\/uploads\/2020\/08\/Camping-Sunset--scaled.jpeg","datePublished":"2020-01-06T17:24:06+00:00","dateModified":"2025-05-28T15:28:39+00:00","breadcrumb":{"@id":"https:\/\/staging.westnipissing.ca\/fr\/culture-loisirs\/#breadcrumb"},"inLanguage":"fr-FR","potentialAction":[{"@type":"ReadAction","target":["https:\/\/staging.westnipissing.ca\/fr\/culture-loisirs\/"]}]},{"@type":"ImageObject","inLanguage":"fr-FR","@id":"https:\/\/staging.westnipissing.ca\/fr\/culture-loisirs\/#primaryimage","url":"https:\/\/staging.westnipissing.ca\/wp-content\/uploads\/2020\/08\/Camping-Sunset--scaled.jpeg","contentUrl":"https:\/\/staging.westnipissing.ca\/wp-content\/uploads\/2020\/08\/Camping-Sunset--scaled.jpeg","width":2560,"height":1509,"caption":"silhouette of five people sitting near campfire against sunset, empty space for text"},{"@type":"BreadcrumbList","@id":"https:\/\/staging.westnipissing.ca\/fr\/culture-loisirs\/#breadcrumb","itemListElement":[{"@type":"ListItem","position":1,"name":"Home","item":"https:\/\/staging.westnipissing.ca\/fr\/"},{"@type":"ListItem","position":2,"name":"Culture et loisirs"}]},{"@type":"WebSite","@id":"https:\/\/staging.westnipissing.ca\/fr\/#website","url":"https:\/\/staging.westnipissing.ca\/fr\/","name":"West Nipissing Ouest","description":"Find your Joie de vivre in West Nipissing.","publisher":{"@id":"https:\/\/staging.westnipissing.ca\/fr\/#organization"},"potentialAction":[{"@type":"SearchAction","target":{"@type":"EntryPoint","urlTemplate":"https:\/\/staging.westnipissing.ca\/fr\/?s={search_term_string}"},"query-input":{"@type":"PropertyValueSpecification","valueRequired":true,"valueName":"search_term_string"}}],"inLanguage":"fr-FR"},{"@type":"Organization","@id":"https:\/\/staging.westnipissing.ca\/fr\/#organization","name":"West Nipissing Ouest","url":"https:\/\/staging.westnipissing.ca\/fr\/","logo":{"@type":"ImageObject","inLanguage":"fr-FR","@id":"https:\/\/staging.westnipissing.ca\/fr\/#\/schema\/logo\/image\/","url":"https:\/\/staging.westnipissing.ca\/wp-content\/uploads\/2024\/04\/site-logo.png","contentUrl":"https:\/\/staging.westnipissing.ca\/wp-content\/uploads\/2024\/04\/site-logo.png","width":700,"height":225,"caption":"West Nipissing Ouest"},"image":{"@id":"https:\/\/staging.westnipissing.ca\/fr\/#\/schema\/logo\/image\/"},"sameAs":["https:\/\/www.facebook.com\/MunicipalityofWestNipissing\/","https:\/\/x.com\/West_Nipissing","https:\/\/www.youtube.com\/channel\/UCG6HWMXnA-RBiH-UdZVClHg"]}]}},"_links":{"self":[{"href":"https:\/\/staging.westnipissing.ca\/fr\/wp-json\/wp\/v2\/pages\/715","targetHints":{"allow":["GET"]}}],"collection":[{"href":"https:\/\/staging.westnipissing.ca\/fr\/wp-json\/wp\/v2\/pages"}],"about":[{"href":"https:\/\/staging.westnipissing.ca\/fr\/wp-json\/wp\/v2\/types\/page"}],"author":[{"embeddable":true,"href":"https:\/\/staging.westnipissing.ca\/fr\/wp-json\/wp\/v2\/users\/4"}],"replies":[{"embeddable":true,"href":"https:\/\/staging.westnipissing.ca\/fr\/wp-json\/wp\/v2\/comments?post=715"}],"version-history":[{"count":0,"href":"https:\/\/staging.westnipissing.ca\/fr\/wp-json\/wp\/v2\/pages\/715\/revisions"}],"wp:featuredmedia":[{"embeddable":true,"href":"https:\/\/staging.westnipissing.ca\/fr\/wp-json\/wp\/v2\/media\/3989"}],"wp:attachment":[{"href":"https:\/\/staging.westnipissing.ca\/fr\/wp-json\/wp\/v2\/media?parent=715"}],"curies":[{"name":"wp","href":"https:\/\/api.w.org\/{rel}","templated":true}]}}