{"id":9146,"date":"2020-11-10T13:57:54","date_gmt":"2020-11-10T18:57:54","guid":{"rendered":"https:\/\/staging.westnipissing.ca\/?page_id=9146"},"modified":"2025-05-06T11:49:29","modified_gmt":"2025-05-06T15:49:29","slug":"outil-de-depistage-covid-19","status":"publish","type":"page","link":"https:\/\/staging.westnipissing.ca\/fr\/bureau-municipal\/renseignements-sur-la-covid-19\/outil-de-depistage-covid-19\/","title":{"rendered":"D\u00e9pistage"},"content":{"rendered":"\t\t<div data-elementor-type=\"wp-page\" data-elementor-id=\"9146\" class=\"elementor elementor-9146 elementor-6552\" data-elementor-post-type=\"page\">\n\t\t\t\t<div class=\"elementor-element elementor-element-70a2a012 e-flex e-con-boxed e-con e-parent\" data-id=\"70a2a012\" data-element_type=\"container\" data-e-type=\"container\">\n\t\t\t\t\t<div class=\"e-con-inner\">\n\t\t\t\t<div class=\"elementor-element elementor-element-763f6221 elementor-widget elementor-widget-text-editor\" data-id=\"763f6221\" data-element_type=\"widget\" data-e-type=\"widget\" data-widget_type=\"text-editor.default\">\n\t\t\t\t\t\t\t\t\t<h2 id=\"h-soyons-vigilant\" class=\"wp-block-heading\">Soyons vigilant<\/h2>\n<p>La s\u00e9curit\u00e9 des employ\u00e9s, des r\u00e9sidents et des visiteurs de la municipalit\u00e9 de Nipissing Ouest est de la plus haute importance. Nous surveillons et nous adaptons continuellement aux directives de sant\u00e9 publique dans le but de r\u00e9duire la propagation du COVID-19. En faisant notre part pour offrir un lieu de travail sain et s\u00e9curitaire, nous demandons \u00e0 tous les employ\u00e9s de remplir ce formulaire de d\u00e9pistage quotidien avant de fr\u00e9quenter le lieu de travail. Vos r\u00e9ponses honn\u00eates nous aideront \u00e0 assurer la s\u00e9curit\u00e9 pour tous.<\/p>\n<p><strong>Certaines questions et crit\u00e8res de ce formulaire ont \u00e9t\u00e9 mis \u00e0 jour le 7 juillet 2021.<\/strong><\/p>\n<p>Les renseignements personnels sur ce formulaire sont recueillis conform\u00e9ment \u00e0 la\u00a0<em><a href=\"https:\/\/www.ontario.ca\/fr\/lois\/loi\/90m56\" target=\"_blank\" rel=\"noreferrer noopener\">Loi sur l\u2019acc\u00e8s \u00e0 l\u2019information municipale et la protection de la vie priv\u00e9e<\/a><\/em>\u00a0pour administrer les mesures de sant\u00e9 et de s\u00e9curit\u00e9 dans les installations municipales.<\/p>\t\t\t\t\t\t\t\t<\/div>\n\t\t\t\t\t<\/div>\n\t\t\t\t<\/div>\n\t\t<div class=\"elementor-element elementor-element-eef7c0e e-con-full e-flex e-con e-parent\" data-id=\"eef7c0e\" data-element_type=\"container\" data-e-type=\"container\">\n\t\t\t\t<div class=\"elementor-element elementor-element-8eaca23 elementor-grid-1 elementor-grid-tablet-2 elementor-grid-mobile-1 elementor-widget elementor-widget-loop-grid\" data-id=\"8eaca23\" data-element_type=\"widget\" data-e-type=\"widget\" data-settings=\"{&quot;template_id&quot;:45315,&quot;columns&quot;:1,&quot;_skin&quot;:&quot;post&quot;,&quot;columns_tablet&quot;:&quot;2&quot;,&quot;columns_mobile&quot;:&quot;1&quot;,&quot;edit_handle_selector&quot;:&quot;[data-elementor-type=\\&quot;loop-item\\&quot;]&quot;,&quot;row_gap&quot;:{&quot;unit&quot;:&quot;px&quot;,&quot;size&quot;:&quot;&quot;,&quot;sizes&quot;:[]},&quot;row_gap_tablet_extra&quot;:{&quot;unit&quot;:&quot;px&quot;,&quot;size&quot;:&quot;&quot;,&quot;sizes&quot;:[]},&quot;row_gap_tablet&quot;:{&quot;unit&quot;:&quot;px&quot;,&quot;size&quot;:&quot;&quot;,&quot;sizes&quot;:[]},&quot;row_gap_mobile&quot;:{&quot;unit&quot;:&quot;px&quot;,&quot;size&quot;:&quot;&quot;,&quot;sizes&quot;:[]}}\" data-widget_type=\"loop-grid.post\">\n\t\t\t\t<div class=\"elementor-widget-container\">\n\t\t\t\t\t\t\t<div class=\"elementor-loop-container elementor-grid\" role=\"list\">\n\t\t<style id=\"loop-45315\">.elementor-45315 .elementor-element.elementor-element-0bf65e5{--display:flex;--min-height:420px;--flex-direction:row;--container-widget-width:initial;--container-widget-height:100%;--container-widget-flex-grow:1;--container-widget-align-self:stretch;--flex-wrap-mobile:wrap;--gap:0px 0px;--row-gap:0px;--column-gap:0px;--overlay-opacity:1;--margin-top:0px;--margin-bottom:0px;--margin-left:0px;--margin-right:0px;--padding-top:0px;--padding-bottom:0px;--padding-left:0px;--padding-right:0px;}.elementor-45315 .elementor-element.elementor-element-0bf65e5::before, .elementor-45315 .elementor-element.elementor-element-0bf65e5 > .elementor-background-video-container::before, .elementor-45315 .elementor-element.elementor-element-0bf65e5 > .e-con-inner > .elementor-background-video-container::before, .elementor-45315 .elementor-element.elementor-element-0bf65e5 > .elementor-background-slideshow::before, .elementor-45315 .elementor-element.elementor-element-0bf65e5 > .e-con-inner > .elementor-background-slideshow::before, .elementor-45315 .elementor-element.elementor-element-0bf65e5 > .elementor-motion-effects-container > .elementor-motion-effects-layer::before{--background-overlay:'';background-image:url(\"https:\/\/staging.westnipissing.ca\/wp-content\/uploads\/2025\/08\/bg-footer.png\");background-position:0px 325px;background-repeat:no-repeat;background-size:contain;}.elementor-45315 .elementor-element.elementor-element-cce3f4a{--display:flex;--justify-content:center;--padding-top:60px;--padding-bottom:50px;--padding-left:40px;--padding-right:40px;}.elementor-45315 .elementor-element.elementor-element-cce3f4a.e-con{--align-self:flex-start;}.elementor-45315 .elementor-element.elementor-element-8eb7f7e{text-align:center;padding:0px 50px 0px 50px;}.elementor-45315 .elementor-element.elementor-element-8eb7f7e .elementor-heading-title{color:var( --e-global-color-d14c592 );}.elementor-45315 .elementor-element.elementor-element-c7afc62{--display:flex;--justify-content:center;--padding-top:50px;--padding-bottom:50px;--padding-left:40px;--padding-right:40px;}.elementor-45315 .elementor-element.elementor-element-c7afc62.e-con{--align-self:flex-start;}.elementor-45315 .elementor-element.elementor-element-a445a8c .elementor-heading-title{color:var( --e-global-color-d14c592 );}.elementor-45315 .elementor-element.elementor-element-12493e3 .elementor-button{fill:var( --e-global-color-d14c592 );color:var( --e-global-color-d14c592 );background-color:#FFFFFF00;border-style:solid;border-width:1px 1px 1px 1px;border-color:var( --e-global-color-d14c592 );}.elementor-45315 .elementor-element.elementor-element-12493e3 .elementor-button:hover, .elementor-45315 .elementor-element.elementor-element-12493e3 .elementor-button:focus{color:var( --e-global-color-accent );background-color:var( --e-global-color-d14c592 );border-color:var( --e-global-color-accent );}.elementor-45315 .elementor-element.elementor-element-12493e3 .elementor-button:hover svg, .elementor-45315 .elementor-element.elementor-element-12493e3 .elementor-button:focus svg{fill:var( --e-global-color-accent );}@media(max-width:1180px){.elementor-45315 .elementor-element.elementor-element-0bf65e5{--margin-top:0px;--margin-bottom:79px;--margin-left:0px;--margin-right:0px;}.elementor-45315 .elementor-element.elementor-element-cce3f4a{--justify-content:flex-start;}.elementor-45315 .elementor-element.elementor-element-c7afc62{--justify-content:flex-start;}}@media(max-width:1024px){.elementor-45315 .elementor-element.elementor-element-0bf65e5::before, .elementor-45315 .elementor-element.elementor-element-0bf65e5 > .elementor-background-video-container::before, .elementor-45315 .elementor-element.elementor-element-0bf65e5 > .e-con-inner > .elementor-background-video-container::before, .elementor-45315 .elementor-element.elementor-element-0bf65e5 > .elementor-background-slideshow::before, .elementor-45315 .elementor-element.elementor-element-0bf65e5 > .e-con-inner > .elementor-background-slideshow::before, .elementor-45315 .elementor-element.elementor-element-0bf65e5 > .elementor-motion-effects-container > .elementor-motion-effects-layer::before{background-position:0px 350px;}.elementor-45315 .elementor-element.elementor-element-0bf65e5{--margin-top:0px;--margin-bottom:100px;--margin-left:0px;--margin-right:0px;}.elementor-45315 .elementor-element.elementor-element-cce3f4a{--padding-top:20px;--padding-bottom:20px;--padding-left:20px;--padding-right:20px;}.elementor-45315 .elementor-element.elementor-element-c7afc62{--padding-top:20px;--padding-bottom:20px;--padding-left:20px;--padding-right:20px;}.elementor-45315 .elementor-element.elementor-element-a445a8c{text-align:center;}}@media(max-width:767px){.elementor-45315 .elementor-element.elementor-element-0bf65e5::before, .elementor-45315 .elementor-element.elementor-element-0bf65e5 > .elementor-background-video-container::before, .elementor-45315 .elementor-element.elementor-element-0bf65e5 > .e-con-inner > .elementor-background-video-container::before, .elementor-45315 .elementor-element.elementor-element-0bf65e5 > .elementor-background-slideshow::before, .elementor-45315 .elementor-element.elementor-element-0bf65e5 > .e-con-inner > .elementor-background-slideshow::before, .elementor-45315 .elementor-element.elementor-element-0bf65e5 > .elementor-motion-effects-container > .elementor-motion-effects-layer::before{background-position:0px 350px;}}<\/style>\t\t<div data-elementor-type=\"loop-item\" data-elementor-id=\"45315\" class=\"elementor elementor-45315 e-loop-item e-loop-item-47636 post-47636 call_to_action type-call_to_action status-publish hentry location-boating-and-beaches-fr location-budget-and-finance-fr location-contact-us-fr location-covid-19-information-fr location-extreme-cold-fr location-extreme-heat-fr location-municipal-and-school-board-elections-fr location-planning-development-and-land-use-fr location-property-taxes-fr location-screening-tool-fr location-sturgeon-river-house-museum-fr\" data-elementor-post-type=\"elementor_library\" data-custom-edit-handle=\"1\">\n\t\t\t<section data-dce-background-overlay-image-url=\"https:\/\/staging.westnipissing.ca\/wp-content\/uploads\/2025\/08\/bg-footer.png\" class=\"elementor-element elementor-element-0bf65e5 e-con-full blue-purple e-flex e-con e-parent\" data-id=\"0bf65e5\" data-element_type=\"container\" data-e-type=\"container\" data-settings=\"{&quot;background_background&quot;:&quot;classic&quot;}\">\n\t\t<div class=\"elementor-element elementor-element-cce3f4a e-con-full question-left e-flex e-con e-child\" data-id=\"cce3f4a\" data-element_type=\"container\" data-e-type=\"container\">\n\t\t\t\t<div class=\"elementor-element elementor-element-8eb7f7e elementor-widget elementor-widget-heading\" data-id=\"8eb7f7e\" data-element_type=\"widget\" data-e-type=\"widget\" data-widget_type=\"heading.default\">\n\t\t\t\t\t<h1 class=\"elementor-heading-title elementor-size-default\">Nouvelles et avis<\/h1>\t\t\t\t<\/div>\n\t\t\t\t<\/div>\n\t\t<div class=\"elementor-element elementor-element-c7afc62 e-con-full question-right e-flex e-con e-child\" data-id=\"c7afc62\" data-element_type=\"container\" data-e-type=\"container\">\n\t\t\t\t<div class=\"elementor-element elementor-element-a445a8c elementor-widget elementor-widget-heading\" data-id=\"a445a8c\" data-element_type=\"widget\" data-e-type=\"widget\" data-widget_type=\"heading.default\">\n\t\t\t\t\t<h3 class=\"elementor-heading-title elementor-size-default\">Demeurez au courant des nouvelles municipales, des avis publics et interruptions de services.<\/h3>\t\t\t\t<\/div>\n\t\t\t\t<div data-dce-background-color=\"#FFFFFF00\" class=\"elementor-element elementor-element-12493e3 elementor-tablet-align-center elementor-widget elementor-widget-button\" data-id=\"12493e3\" data-element_type=\"widget\" data-e-type=\"widget\" data-widget_type=\"button.default\">\n\t\t\t\t\t\t\t\t\t\t<a class=\"elementor-button elementor-button-link elementor-size-sm\" href=\"https:\/\/staging.westnipissing.ca\/fr\/bureau-municipal\/nouvelles-et-avis\/\" target=\"_blank\">\n\t\t\t\t\t\t<span class=\"elementor-button-content-wrapper\">\n\t\t\t\t\t\t\t\t\t<span class=\"elementor-button-text\">Nouvelles et avis<\/span>\n\t\t\t\t\t<\/span>\n\t\t\t\t\t<\/a>\n\t\t\t\t\t\t\t\t<\/div>\n\t\t\t\t<\/div>\n\t\t\t\t<\/section>\n\t\t\t\t<\/div>\n\t\t\t\t<\/div>\n\t\t\n\t\t\t\t\t\t<\/div>\n\t\t\t\t<\/div>\n\t\t\t\t<\/div>\n\t\t\t\t<\/div>\n\t\t","protected":false},"excerpt":{"rendered":"<p>Soyons vigilant La s\u00e9curit\u00e9 des employ\u00e9s, des r\u00e9sidents et des visiteurs de la municipalit\u00e9 de Nipissing Ouest est de la plus haute importance. Nous surveillons et nous adaptons continuellement aux [&hellip;]<\/p>\n","protected":false},"author":4,"featured_media":0,"parent":5850,"menu_order":0,"comment_status":"closed","ping_status":"closed","template":"elementor_theme","meta":{"_acf_changed":false,"_searchwp_excluded":"","footnotes":""},"class_list":["post-9146","page","type-page","status-publish","hentry"],"acf":[],"yoast_head":"<!-- This site is optimized with the Yoast SEO Premium plugin v26.5 (Yoast SEO v27.4) - https:\/\/yoast.com\/product\/yoast-seo-premium-wordpress\/ -->\n<title>D\u00e9pistage - STAGING: West Nipissing Ouest<\/title>\n<meta name=\"description\" content=\"La s\u00e9curit\u00e9 des employ\u00e9s, des r\u00e9sidents et des visiteurs de la municipalit\u00e9 de Nipissing Ouest est de la plus haute importance. Nous surveillons et nous adaptons continuellement aux directives de sant\u00e9 publique dans le but de r\u00e9duire la propagation du COVID-19. En faisant notre part pour offrir un lieu de travail sain et s\u00e9curitaire, nous demandons \u00e0 tous les membres de l&#039;\u00e9quipe de remplir ce formulaire de d\u00e9pistage quotidien avant de fr\u00e9quenter le lieu de travail. Vos r\u00e9ponses honn\u00eates nous aideront \u00e0 assurer la s\u00e9curit\u00e9 pour tous.\" \/>\n<meta name=\"robots\" content=\"noindex, nofollow\" \/>\n<meta property=\"og:locale\" content=\"fr_FR\" \/>\n<meta property=\"og:type\" content=\"article\" \/>\n<meta property=\"og:title\" content=\"D\u00e9pistage\" \/>\n<meta property=\"og:description\" content=\"La s\u00e9curit\u00e9 des employ\u00e9s, des r\u00e9sidents et des visiteurs de la municipalit\u00e9 de Nipissing Ouest est de la plus haute importance. Nous surveillons et nous adaptons continuellement aux directives de sant\u00e9 publique dans le but de r\u00e9duire la propagation du COVID-19. En faisant notre part pour offrir un lieu de travail sain et s\u00e9curitaire, nous demandons \u00e0 tous les membres de l&#039;\u00e9quipe de remplir ce formulaire de d\u00e9pistage quotidien avant de fr\u00e9quenter le lieu de travail. Vos r\u00e9ponses honn\u00eates nous aideront \u00e0 assurer la s\u00e9curit\u00e9 pour tous.\" \/>\n<meta property=\"og:url\" content=\"https:\/\/staging.westnipissing.ca\/fr\/bureau-municipal\/renseignements-sur-la-covid-19\/outil-de-depistage-covid-19\/\" \/>\n<meta property=\"og:site_name\" content=\"STAGING: West Nipissing Ouest\" \/>\n<meta property=\"article:publisher\" content=\"https:\/\/www.facebook.com\/MunicipalityofWestNipissing\/\" \/>\n<meta property=\"article:modified_time\" content=\"2025-05-06T15:49:29+00:00\" \/>\n<meta name=\"twitter:card\" content=\"summary_large_image\" \/>\n<meta name=\"twitter:site\" content=\"@West_Nipissing\" \/>\n<meta name=\"twitter:label1\" content=\"Dur\u00e9e de lecture estim\u00e9e\" \/>\n\t<meta name=\"twitter:data1\" content=\"1 minute\" \/>\n<script type=\"application\/ld+json\" class=\"yoast-schema-graph\">{\"@context\":\"https:\\\/\\\/schema.org\",\"@graph\":[{\"@type\":\"WebPage\",\"@id\":\"https:\\\/\\\/staging.westnipissing.ca\\\/fr\\\/bureau-municipal\\\/renseignements-sur-la-covid-19\\\/outil-de-depistage-covid-19\\\/\",\"url\":\"https:\\\/\\\/staging.westnipissing.ca\\\/fr\\\/bureau-municipal\\\/renseignements-sur-la-covid-19\\\/outil-de-depistage-covid-19\\\/\",\"name\":\"D\u00e9pistage - STAGING: West Nipissing Ouest\",\"isPartOf\":{\"@id\":\"https:\\\/\\\/staging.westnipissing.ca\\\/fr\\\/#website\"},\"datePublished\":\"2020-11-10T18:57:54+00:00\",\"dateModified\":\"2025-05-06T15:49:29+00:00\",\"description\":\"La s\u00e9curit\u00e9 des employ\u00e9s, des r\u00e9sidents et des visiteurs de la municipalit\u00e9 de Nipissing Ouest est de la plus haute importance. Nous surveillons et nous adaptons continuellement aux directives de sant\u00e9 publique dans le but de r\u00e9duire la propagation du COVID-19. En faisant notre part pour offrir un lieu de travail sain et s\u00e9curitaire, nous demandons \u00e0 tous les membres de l'\u00e9quipe de remplir ce formulaire de d\u00e9pistage quotidien avant de fr\u00e9quenter le lieu de travail. Vos r\u00e9ponses honn\u00eates nous aideront \u00e0 assurer la s\u00e9curit\u00e9 pour tous.\",\"breadcrumb\":{\"@id\":\"https:\\\/\\\/staging.westnipissing.ca\\\/fr\\\/bureau-municipal\\\/renseignements-sur-la-covid-19\\\/outil-de-depistage-covid-19\\\/#breadcrumb\"},\"inLanguage\":\"fr-FR\",\"potentialAction\":[{\"@type\":\"ReadAction\",\"target\":[\"https:\\\/\\\/staging.westnipissing.ca\\\/fr\\\/bureau-municipal\\\/renseignements-sur-la-covid-19\\\/outil-de-depistage-covid-19\\\/\"]}]},{\"@type\":\"BreadcrumbList\",\"@id\":\"https:\\\/\\\/staging.westnipissing.ca\\\/fr\\\/bureau-municipal\\\/renseignements-sur-la-covid-19\\\/outil-de-depistage-covid-19\\\/#breadcrumb\",\"itemListElement\":[{\"@type\":\"ListItem\",\"position\":1,\"name\":\"Home\",\"item\":\"https:\\\/\\\/staging.westnipissing.ca\\\/fr\\\/\"},{\"@type\":\"ListItem\",\"position\":2,\"name\":\"Bureau Municipal\",\"item\":\"https:\\\/\\\/staging.westnipissing.ca\\\/fr\\\/bureau-municipal\\\/\"},{\"@type\":\"ListItem\",\"position\":3,\"name\":\"Renseignements sur la COVID-19\",\"item\":\"https:\\\/\\\/staging.westnipissing.ca\\\/fr\\\/bureau-municipal\\\/renseignements-sur-la-covid-19\\\/\"},{\"@type\":\"ListItem\",\"position\":4,\"name\":\"D\u00e9pistage\"}]},{\"@type\":\"WebSite\",\"@id\":\"https:\\\/\\\/staging.westnipissing.ca\\\/fr\\\/#website\",\"url\":\"https:\\\/\\\/staging.westnipissing.ca\\\/fr\\\/\",\"name\":\"West Nipissing Ouest\",\"description\":\"Find your Joie de vivre in West Nipissing.\",\"publisher\":{\"@id\":\"https:\\\/\\\/staging.westnipissing.ca\\\/fr\\\/#organization\"},\"potentialAction\":[{\"@type\":\"SearchAction\",\"target\":{\"@type\":\"EntryPoint\",\"urlTemplate\":\"https:\\\/\\\/staging.westnipissing.ca\\\/fr\\\/?s={search_term_string}\"},\"query-input\":{\"@type\":\"PropertyValueSpecification\",\"valueRequired\":true,\"valueName\":\"search_term_string\"}}],\"inLanguage\":\"fr-FR\"},{\"@type\":\"Organization\",\"@id\":\"https:\\\/\\\/staging.westnipissing.ca\\\/fr\\\/#organization\",\"name\":\"West Nipissing Ouest\",\"url\":\"https:\\\/\\\/staging.westnipissing.ca\\\/fr\\\/\",\"logo\":{\"@type\":\"ImageObject\",\"inLanguage\":\"fr-FR\",\"@id\":\"https:\\\/\\\/staging.westnipissing.ca\\\/fr\\\/#\\\/schema\\\/logo\\\/image\\\/\",\"url\":\"https:\\\/\\\/staging.westnipissing.ca\\\/wp-content\\\/uploads\\\/2024\\\/04\\\/site-logo.png\",\"contentUrl\":\"https:\\\/\\\/staging.westnipissing.ca\\\/wp-content\\\/uploads\\\/2024\\\/04\\\/site-logo.png\",\"width\":700,\"height\":225,\"caption\":\"West Nipissing Ouest\"},\"image\":{\"@id\":\"https:\\\/\\\/staging.westnipissing.ca\\\/fr\\\/#\\\/schema\\\/logo\\\/image\\\/\"},\"sameAs\":[\"https:\\\/\\\/www.facebook.com\\\/MunicipalityofWestNipissing\\\/\",\"https:\\\/\\\/x.com\\\/West_Nipissing\",\"https:\\\/\\\/www.youtube.com\\\/channel\\\/UCG6HWMXnA-RBiH-UdZVClHg\"]}]}<\/script>\n<!-- \/ Yoast SEO Premium plugin. -->","yoast_head_json":{"title":"D\u00e9pistage - STAGING: West Nipissing Ouest","description":"La s\u00e9curit\u00e9 des employ\u00e9s, des r\u00e9sidents et des visiteurs de la municipalit\u00e9 de Nipissing Ouest est de la plus haute importance. Nous surveillons et nous adaptons continuellement aux directives de sant\u00e9 publique dans le but de r\u00e9duire la propagation du COVID-19. En faisant notre part pour offrir un lieu de travail sain et s\u00e9curitaire, nous demandons \u00e0 tous les membres de l'\u00e9quipe de remplir ce formulaire de d\u00e9pistage quotidien avant de fr\u00e9quenter le lieu de travail. Vos r\u00e9ponses honn\u00eates nous aideront \u00e0 assurer la s\u00e9curit\u00e9 pour tous.","robots":{"index":"noindex","follow":"nofollow"},"og_locale":"fr_FR","og_type":"article","og_title":"D\u00e9pistage","og_description":"La s\u00e9curit\u00e9 des employ\u00e9s, des r\u00e9sidents et des visiteurs de la municipalit\u00e9 de Nipissing Ouest est de la plus haute importance. Nous surveillons et nous adaptons continuellement aux directives de sant\u00e9 publique dans le but de r\u00e9duire la propagation du COVID-19. En faisant notre part pour offrir un lieu de travail sain et s\u00e9curitaire, nous demandons \u00e0 tous les membres de l'\u00e9quipe de remplir ce formulaire de d\u00e9pistage quotidien avant de fr\u00e9quenter le lieu de travail. Vos r\u00e9ponses honn\u00eates nous aideront \u00e0 assurer la s\u00e9curit\u00e9 pour tous.","og_url":"https:\/\/staging.westnipissing.ca\/fr\/bureau-municipal\/renseignements-sur-la-covid-19\/outil-de-depistage-covid-19\/","og_site_name":"STAGING: West Nipissing Ouest","article_publisher":"https:\/\/www.facebook.com\/MunicipalityofWestNipissing\/","article_modified_time":"2025-05-06T15:49:29+00:00","twitter_card":"summary_large_image","twitter_site":"@West_Nipissing","twitter_misc":{"Dur\u00e9e de lecture estim\u00e9e":"1 minute"},"schema":{"@context":"https:\/\/schema.org","@graph":[{"@type":"WebPage","@id":"https:\/\/staging.westnipissing.ca\/fr\/bureau-municipal\/renseignements-sur-la-covid-19\/outil-de-depistage-covid-19\/","url":"https:\/\/staging.westnipissing.ca\/fr\/bureau-municipal\/renseignements-sur-la-covid-19\/outil-de-depistage-covid-19\/","name":"D\u00e9pistage - STAGING: West Nipissing Ouest","isPartOf":{"@id":"https:\/\/staging.westnipissing.ca\/fr\/#website"},"datePublished":"2020-11-10T18:57:54+00:00","dateModified":"2025-05-06T15:49:29+00:00","description":"La s\u00e9curit\u00e9 des employ\u00e9s, des r\u00e9sidents et des visiteurs de la municipalit\u00e9 de Nipissing Ouest est de la plus haute importance. Nous surveillons et nous adaptons continuellement aux directives de sant\u00e9 publique dans le but de r\u00e9duire la propagation du COVID-19. En faisant notre part pour offrir un lieu de travail sain et s\u00e9curitaire, nous demandons \u00e0 tous les membres de l'\u00e9quipe de remplir ce formulaire de d\u00e9pistage quotidien avant de fr\u00e9quenter le lieu de travail. Vos r\u00e9ponses honn\u00eates nous aideront \u00e0 assurer la s\u00e9curit\u00e9 pour tous.","breadcrumb":{"@id":"https:\/\/staging.westnipissing.ca\/fr\/bureau-municipal\/renseignements-sur-la-covid-19\/outil-de-depistage-covid-19\/#breadcrumb"},"inLanguage":"fr-FR","potentialAction":[{"@type":"ReadAction","target":["https:\/\/staging.westnipissing.ca\/fr\/bureau-municipal\/renseignements-sur-la-covid-19\/outil-de-depistage-covid-19\/"]}]},{"@type":"BreadcrumbList","@id":"https:\/\/staging.westnipissing.ca\/fr\/bureau-municipal\/renseignements-sur-la-covid-19\/outil-de-depistage-covid-19\/#breadcrumb","itemListElement":[{"@type":"ListItem","position":1,"name":"Home","item":"https:\/\/staging.westnipissing.ca\/fr\/"},{"@type":"ListItem","position":2,"name":"Bureau Municipal","item":"https:\/\/staging.westnipissing.ca\/fr\/bureau-municipal\/"},{"@type":"ListItem","position":3,"name":"Renseignements sur la COVID-19","item":"https:\/\/staging.westnipissing.ca\/fr\/bureau-municipal\/renseignements-sur-la-covid-19\/"},{"@type":"ListItem","position":4,"name":"D\u00e9pistage"}]},{"@type":"WebSite","@id":"https:\/\/staging.westnipissing.ca\/fr\/#website","url":"https:\/\/staging.westnipissing.ca\/fr\/","name":"West Nipissing Ouest","description":"Find your Joie de vivre in West Nipissing.","publisher":{"@id":"https:\/\/staging.westnipissing.ca\/fr\/#organization"},"potentialAction":[{"@type":"SearchAction","target":{"@type":"EntryPoint","urlTemplate":"https:\/\/staging.westnipissing.ca\/fr\/?s={search_term_string}"},"query-input":{"@type":"PropertyValueSpecification","valueRequired":true,"valueName":"search_term_string"}}],"inLanguage":"fr-FR"},{"@type":"Organization","@id":"https:\/\/staging.westnipissing.ca\/fr\/#organization","name":"West Nipissing Ouest","url":"https:\/\/staging.westnipissing.ca\/fr\/","logo":{"@type":"ImageObject","inLanguage":"fr-FR","@id":"https:\/\/staging.westnipissing.ca\/fr\/#\/schema\/logo\/image\/","url":"https:\/\/staging.westnipissing.ca\/wp-content\/uploads\/2024\/04\/site-logo.png","contentUrl":"https:\/\/staging.westnipissing.ca\/wp-content\/uploads\/2024\/04\/site-logo.png","width":700,"height":225,"caption":"West Nipissing Ouest"},"image":{"@id":"https:\/\/staging.westnipissing.ca\/fr\/#\/schema\/logo\/image\/"},"sameAs":["https:\/\/www.facebook.com\/MunicipalityofWestNipissing\/","https:\/\/x.com\/West_Nipissing","https:\/\/www.youtube.com\/channel\/UCG6HWMXnA-RBiH-UdZVClHg"]}]}},"_links":{"self":[{"href":"https:\/\/staging.westnipissing.ca\/fr\/wp-json\/wp\/v2\/pages\/9146","targetHints":{"allow":["GET"]}}],"collection":[{"href":"https:\/\/staging.westnipissing.ca\/fr\/wp-json\/wp\/v2\/pages"}],"about":[{"href":"https:\/\/staging.westnipissing.ca\/fr\/wp-json\/wp\/v2\/types\/page"}],"author":[{"embeddable":true,"href":"https:\/\/staging.westnipissing.ca\/fr\/wp-json\/wp\/v2\/users\/4"}],"replies":[{"embeddable":true,"href":"https:\/\/staging.westnipissing.ca\/fr\/wp-json\/wp\/v2\/comments?post=9146"}],"version-history":[{"count":0,"href":"https:\/\/staging.westnipissing.ca\/fr\/wp-json\/wp\/v2\/pages\/9146\/revisions"}],"up":[{"embeddable":true,"href":"https:\/\/staging.westnipissing.ca\/fr\/wp-json\/wp\/v2\/pages\/5850"}],"wp:attachment":[{"href":"https:\/\/staging.westnipissing.ca\/fr\/wp-json\/wp\/v2\/media?parent=9146"}],"curies":[{"name":"wp","href":"https:\/\/api.w.org\/{rel}","templated":true}]}}